{"id":81007,"date":"2022-02-02T17:04:27","date_gmt":"2022-02-02T16:04:27","guid":{"rendered":"https:\/\/www.dogpride.nl\/?post_type=product&#038;p=81007"},"modified":"2026-01-15T13:12:11","modified_gmt":"2026-01-15T12:12:11","slug":"gymnic-peanut-ball-plus","status":"publish","type":"product","link":"https:\/\/dogpride.nl\/fr\/gymnic-peanut-ball-plus\/","title":{"rendered":"Gymnic Peanut Ball Plus"},"content":{"rendered":"<h4>Gymnic Peanut Ball Plus<\/h4>\n<p>Gymnic Peanut Ball Plus<\/p>\n<p><strong>Professionele Gymnic Peanut Ball Plus voor hondentraining<\/strong><\/p>\n<p>De perfecte Gymnic Peanut Ball Plus voor hondentraining. Deze pindaballen beschikken namelijk over een Burst Resistant Quality systeem (anti-burst systeem).<\/p>\n<p>Le syst\u00e8me BRQ garantit que le ballon se d\u00e9gonfle lentement (et ne saute pas) s&#039;il est perc\u00e9 en raison d&#039;une influence ext\u00e9rieure. Le chien ne sera donc pas effray\u00e9 si la balle est endommag\u00e9e.<\/p>\n<p><strong>La boule de cacahu\u00e8te, \u00e9galement connue sous le nom de boule de cacahu\u00e8te<\/strong><\/p>\n<p>De Gymnic Peanut Ball Plus wordt veel gebruikt voor training van (sport-, werk-)honden, en voor revalidatie en therapie. De unieke vorm van de pinda beperkt de beweging tot alleen de voor- en achterwaartse beweging.<\/p>\n<p>Lorsque le ballon est utilis\u00e9 dans le sens de la longueur, le chien peut \u00e9galement se d\u00e9placer lat\u00e9ralement.<\/p>\n<p>La forme en cacahu\u00e8te de ces ballons d&#039;exercice offre une plus grande surface de contact avec le sol que les ballons de gymnastique et les boules d&#039;\u0153ufs, offrant plus de stabilit\u00e9 pendant les exercices.<\/p>\n<p>De Gymnic Peanut Ball Plus bal kun je gebruiken om de spieren van de hond te versterken<\/p>\n<p><a href=\"https:\/\/dogpride.nl\/fr\/diverse-hondensporten\/peanut-ballen\/\"><img loading=\"lazy\" decoding=\"async\" class=\"alignnone\" title=\"Gymnic Peanut Ball Plus\" src=\"https:\/\/dogpride.nl\/wp-content\/uploads\/Physio-roll-pinda-bal-alle-maten-2-150x150.jpg\" alt=\"Gymnic Peanut Ball Plus\" width=\"150\" height=\"150\" \/><\/a><\/p>\n<p>En tenant une friandise juste au-dessus de leur t\u00eate, ils doivent se tenir debout avec leurs pattes avant sur la cacahu\u00e8te, en \u00e9tirant leur cou et leur dos.<\/p>\n<p>Nous travaillons sur l&#039;\u00e9quilibre et l&#039;\u00e9quilibre. Ce n&#039;est pas seulement bon pour renforcer les muscles du chien, mais aussi pour sa (soi) confiance. Le chien peut \u00e9galement s&#039;asseoir ou s&#039;allonger dessus.<\/p>\n<p>De Gymnic Peanut Ball Plus zijn sterk, en gemaakt van een goede kwaliteit PVC. De peanut ball is ook uitermate geschikt voor diagnostische doeleinden, training van de actieve stabiliteit, balans, flexibiliteit, co\u00f6rdinatie, revalidatie en therapie.<\/p>\n<h5>Comment choisir la taille de boule de cacahu\u00e8te la plus adapt\u00e9e \u00e0 mon chien ?<\/h5>\n<p>Cela d\u00e9pend du type d&#039;exercices que vous voulez faire avec le chien. Mais \u00e0 titre indicatif, vous pouvez consulter le tableau ci-dessous.<\/p>\n<p><img decoding=\"async\" class=\"alignnone\" title=\"\" src=\"https:\/\/www.sportenspelvoordieren.nl\/\/uploads\/images\/tabel-pindaballen.jpg\" alt=\"\" width=\"622\" \/><\/p>\n<ul>\n<li>Si vous souhaitez utiliser la boule cacahu\u00e8te pour installer le chien \u00e0 4 pattes, mesurez la hauteur du chien en position debout des pattes avant aux pattes arri\u00e8re.<\/li>\n<\/ul>\n<p><a href=\"https:\/\/dogpride.nl\/fr\/diverse-hondensporten\/peanut-ballen\/\"><img loading=\"lazy\" decoding=\"async\" class=\"alignnone\" title=\"Gymnic Peanut Ball Plus\" src=\"https:\/\/dogpride.nl\/wp-content\/uploads\/Physio-roll-pinda-bal-alle-maten-2-150x150.jpg\" alt=\"Gymnic Peanut Ball Plus\" width=\"150\" height=\"150\" \/><\/a><\/p>\n<p>Le chien doit \u00eatre capable de se tenir compl\u00e8tement au-dessus de la boule de cacahu\u00e8tes dans sa posture\/position naturelle. <strong>Vous pouvez toujours choisir une boule de cacahu\u00e8tes de plus grande taille pour un petit chien, mais jamais une boule de cacahu\u00e8tes plus petite pour un gros chien.<\/strong><\/p>\n<p>Si vous avez plusieurs chiens, choisissez la boule cacahu\u00e8te qui convient au plus gros chien.<\/p>\n<p>L&#039;utilisation d&#039;un ballon plus gros avec un petit chien offre l&#039;avantage d&#039;avoir plus de surface sur laquelle travailler et c&#039;est plus confortable pour votre dos (vous n&#039;avez alors pas \u00e0 vous pencher autant).<\/p>\n<h5>Si vous souhaitez utiliser la balle cacahu\u00e8te, par exemple, pour entra\u00eener la stabilit\u00e9 de l&#039;arri\u00e8re-train, pour des exercices d&#039;appui ou de r\u00e9\u00e9ducation (o\u00f9 le chien se tient en partie au sol et en partie sur la balle), choisissez une balle cacahu\u00e8te qui est juste sous la hauteur au garrot du chien.<\/h5>\n<p>La hauteur indiqu\u00e9e de la boule cacahu\u00e8te est la hauteur maximale de la boule. Ne gonflez pas le ballon plus haut que cette hauteur. Le d\u00e9fi des exercices peut \u00eatre ajust\u00e9 en gonflant le ballon moins fort.<\/p>\n<p>Surveillez toujours le chien lorsque vous travaillez avec ce mat\u00e9riel d&#039;\u00e9quilibre. Nous vous recommandons de tenir le chien dans un harnais ou un harnais\/gilet de s\u00e9curit\u00e9, surtout s&#039;il est nouveau et excitant.<\/p>\n<p><iframe loading=\"lazy\" title=\"Boule de cacahu\u00e8te - Alprovi sportsgameforanimals.nl\" width=\"1290\" height=\"968\" src=\"https:\/\/www.youtube.com\/embed\/WSjNrZDXbu8?feature=oembed\" frameborder=\"0\" allow=\"accelerometer; autoplay; clipboard-write; encrypted-media; gyroscope; picture-in-picture; web-share\" referrerpolicy=\"strict-origin-when-cross-origin\" allowfullscreen><\/iframe><\/p>\n<table class=\"product-specification-list\" style=\"height: 120px;\" width=\"940\">\n<tbody>\n<tr>\n<td>Marque:<\/td>\n<td class=\"\">salle de sport<\/td>\n<\/tr>\n<tr>\n<td><strong>Colorer):<\/strong><\/td>\n<td class=\"\"><strong>Hauteur 55 x Longueur 90 cm, couleur : vert citron ou Hauteur 70 x Longueur 115 cm, couleur : bleu<\/strong><\/td>\n<\/tr>\n<tr>\n<td>Poids maximum (utilisateur):<\/td>\n<td class=\"\">120 kg.<\/td>\n<\/tr>\n<tr>\n<td>Compris:<\/td>\n<td class=\"\">Syst\u00e8me BRQ<\/td>\n<\/tr>\n<\/tbody>\n<\/table>\n<p>&nbsp;<\/p>\n<p><a href=\"https:\/\/www.sportenspelvoordieren.nl\/\" target=\"_blank\" rel=\"noopener\"><img loading=\"lazy\" decoding=\"async\" class=\"alignnone wp-image-149678 size-medium\" src=\"https:\/\/dogpride.nl\/wp-content\/uploads\/Logo-Alprovi-300x92.jpg\" alt=\"Logo Alprovi\" width=\"300\" height=\"92\" srcset=\"https:\/\/dogpride.nl\/wp-content\/uploads\/Logo-Alprovi-300x92.jpg 300w, https:\/\/dogpride.nl\/wp-content\/uploads\/Logo-Alprovi-18x6.jpg 18w, https:\/\/dogpride.nl\/wp-content\/uploads\/Logo-Alprovi-250x77.jpg 250w, https:\/\/dogpride.nl\/wp-content\/uploads\/Logo-Alprovi.jpg 332w\" sizes=\"auto, (max-width: 300px) 100vw, 300px\" \/><\/a><\/p>","protected":false},"excerpt":{"rendered":"<p>La balle cacahu\u00e8te parfaite pour le dressage des chiens. Ces boules de cacahu\u00e8tes disposent d&#039;un syst\u00e8me Burst Resistant Quality (syst\u00e8me anti-\u00e9clatement). Le syst\u00e8me BRQ garantit que le ballon se d\u00e9gonfle lentement (et ne saute pas) s&#039;il est perc\u00e9 en raison d&#039;une influence ext\u00e9rieure.<\/p>","protected":false},"featured_media":81008,"template":"","meta":[],"product_brand":[],"product_cat":[3507],"product_tag":[],"class_list":{"0":"post-81007","1":"product","2":"type-product","3":"status-publish","4":"has-post-thumbnail","6":"product_cat-spelmateriaal","8":"first","9":"instock","10":"taxable","11":"shipping-taxable","12":"purchasable","13":"product-type-variable"},"mb":[],"mfb_rest_fields":["title"],"_links":{"self":[{"href":"https:\/\/dogpride.nl\/fr\/wp-json\/wp\/v2\/product\/81007","targetHints":{"allow":["GET"]}}],"collection":[{"href":"https:\/\/dogpride.nl\/fr\/wp-json\/wp\/v2\/product"}],"about":[{"href":"https:\/\/dogpride.nl\/fr\/wp-json\/wp\/v2\/types\/product"}],"wp:featuredmedia":[{"embeddable":true,"href":"https:\/\/dogpride.nl\/fr\/wp-json\/wp\/v2\/media\/81008"}],"wp:attachment":[{"href":"https:\/\/dogpride.nl\/fr\/wp-json\/wp\/v2\/media?parent=81007"}],"wp:term":[{"taxonomy":"product_brand","embeddable":true,"href":"https:\/\/dogpride.nl\/fr\/wp-json\/wp\/v2\/product_brand?post=81007"},{"taxonomy":"product_cat","embeddable":true,"href":"https:\/\/dogpride.nl\/fr\/wp-json\/wp\/v2\/product_cat?post=81007"},{"taxonomy":"product_tag","embeddable":true,"href":"https:\/\/dogpride.nl\/fr\/wp-json\/wp\/v2\/product_tag?post=81007"}],"curies":[{"name":"wp","href":"https:\/\/api.w.org\/{rel}","templated":true}]}}