{"id":81002,"date":"2022-02-02T16:47:46","date_gmt":"2022-02-02T15:47:46","guid":{"rendered":"https:\/\/www.dogpride.nl\/?post_type=product&#038;p=81002"},"modified":"2026-01-15T13:12:14","modified_gmt":"2026-01-15T12:12:14","slug":"gymnic-peanut-ball-senso","status":"publish","type":"product","link":"https:\/\/dogpride.nl\/fr\/gymnic-peanut-ball-senso\/","title":{"rendered":"Boule de cacahu\u00e8te Gymnic Senso"},"content":{"rendered":"<h4>Boule de cacahu\u00e8te Gymnic Senso<\/h4>\n<p>Boule de cacahu\u00e8te Gymnic Senso<\/p>\n<p><strong>La Peanut Ball Senso aussi connue sous le nom de Peanut Ball mais avec des clous<\/strong><\/p>\n<p>En raison des crampons, cette boule de cacahu\u00e8te convient tr\u00e8s bien aux chiens souffrant de troubles neurologiques. Les picots fournissent des stimuli sensoriels et donnent un massage doux.<\/p>\n<p><a href=\"https:\/\/dogpride.nl\/fr\/diverse-hondensporten\/peanut-ballen\/\"><img loading=\"lazy\" decoding=\"async\" class=\"alignnone\" title=\"Boule de cacahu\u00e8te Gymnic Senso\" src=\"https:\/\/dogpride.nl\/wp-content\/uploads\/Sens-o-Roll-150x150.jpg\" alt=\"Gymnic Peanut Ball Senso\" width=\"150\" height=\"150\" \/><\/a><\/p>\n<p>De Gymnic Peanut Ball Senso wordt veel gebruikt voor training van (sport-, werk-)honden, en voor revalidatie en therapie.<\/p>\n<p>La forme unique de la cacahu\u00e8te limite le mouvement aux seuls mouvements vers l&#039;avant et vers l&#039;arri\u00e8re.<\/p>\n<p>Lorsque le ballon est utilis\u00e9 dans le sens de la longueur, le chien peut \u00e9galement se d\u00e9placer lat\u00e9ralement.<br \/>\nLa forme en cacahu\u00e8te de ces ballons d&#039;exercice offre une plus grande surface de contact avec le sol que les ballons de gymnastique et les boules d&#039;\u0153ufs, offrant plus de stabilit\u00e9 pendant les exercices.<\/p>\n<p><a href=\"https:\/\/dogpride.nl\/fr\/diverse-hondensporten\/peanut-ballen\/\"><img loading=\"lazy\" decoding=\"async\" class=\"alignnone\" title=\"Boule de cacahu\u00e8te Gymnic Senso\" src=\"https:\/\/dogpride.nl\/wp-content\/uploads\/Sens-o-Roll-150x150.jpg\" alt=\"Gymnic Peanut Ball Senso\" width=\"150\" height=\"150\" \/><\/a><\/p>\n<p>Vous utilisez le Peanut Ball Senso pour renforcer les muscles du chien. En tenant une friandise juste au-dessus de la t\u00eate, le chien, debout avec ses pattes avant sur la boule de cacahu\u00e8te, doit se soulever l\u00e9g\u00e8rement, en \u00e9tirant son cou et son dos.<\/p>\n<p>Nous travaillons sur l&#039;\u00e9quilibre et l&#039;\u00e9quilibre. Ce n&#039;est pas seulement bon pour renforcer les muscles du chien, mais aussi pour sa (soi) confiance. Le chien peut \u00e9galement s&#039;asseoir ou s&#039;allonger dessus.<br \/>\nEr wordt ook gevarieerd met de hardheid van de bal, om de moeilijkheidsgraad in balans te vari\u00ebren.<\/p>\n<ul>\n<li>Le Peanut Ball Senso est solide et fabriqu\u00e9 en PVC de bonne qualit\u00e9. Le Peanut Ball Senso est \u00e9galement extr\u00eamement appropri\u00e9 \u00e0 des fins de diagnostic, d&#039;entra\u00eenement de la stabilit\u00e9 active, de l&#039;\u00e9quilibre, de la flexibilit\u00e9, de la coordination, de la r\u00e9\u00e9ducation et de la th\u00e9rapie.<\/li>\n<\/ul>\n<table class=\"product-specification-list\" style=\"height: 123px;\" width=\"431\">\n<tbody>\n<tr>\n<td>Marque:<\/td>\n<td class=\"\">salle de sport<\/td>\n<\/tr>\n<tr>\n<td>Taille:<\/td>\n<td class=\"\">50x80cm<\/td>\n<\/tr>\n<tr>\n<td>Colorer):<\/td>\n<td class=\"\">Orange<\/td>\n<\/tr>\n<tr>\n<td>Poids maximum (utilisateur):<\/td>\n<td class=\"\">120 kilogrammes<\/td>\n<\/tr>\n<\/tbody>\n<\/table>\n<p>&nbsp;<\/p>\n<p><a href=\"https:\/\/www.sportenspelvoordieren.nl\/\" target=\"_blank\" rel=\"noopener\"><img loading=\"lazy\" decoding=\"async\" class=\"alignnone wp-image-149678 size-medium\" src=\"https:\/\/dogpride.nl\/wp-content\/uploads\/Logo-Alprovi-300x92.jpg\" alt=\"Logo Alprovi\" width=\"300\" height=\"92\" srcset=\"https:\/\/dogpride.nl\/wp-content\/uploads\/Logo-Alprovi-300x92.jpg 300w, https:\/\/dogpride.nl\/wp-content\/uploads\/Logo-Alprovi-18x6.jpg 18w, https:\/\/dogpride.nl\/wp-content\/uploads\/Logo-Alprovi-250x77.jpg 250w, https:\/\/dogpride.nl\/wp-content\/uploads\/Logo-Alprovi.jpg 332w\" sizes=\"auto, (max-width: 300px) 100vw, 300px\" \/><\/a><\/p>","protected":false},"excerpt":{"rendered":"<p>En raison des crampons, cette boule de cacahu\u00e8te convient tr\u00e8s bien aux chiens souffrant de troubles neurologiques. Les picots fournissent des stimuli sensoriels et donnent un massage doux.<\/p>","protected":false},"featured_media":81003,"template":"","meta":[],"product_brand":[],"product_cat":[3507],"product_tag":[],"class_list":{"0":"post-81002","1":"product","2":"type-product","3":"status-publish","4":"has-post-thumbnail","6":"product_cat-spelmateriaal","8":"first","9":"instock","10":"taxable","11":"shipping-taxable","12":"purchasable","13":"product-type-simple"},"mb":[],"mfb_rest_fields":["title"],"_links":{"self":[{"href":"https:\/\/dogpride.nl\/fr\/wp-json\/wp\/v2\/product\/81002","targetHints":{"allow":["GET"]}}],"collection":[{"href":"https:\/\/dogpride.nl\/fr\/wp-json\/wp\/v2\/product"}],"about":[{"href":"https:\/\/dogpride.nl\/fr\/wp-json\/wp\/v2\/types\/product"}],"wp:featuredmedia":[{"embeddable":true,"href":"https:\/\/dogpride.nl\/fr\/wp-json\/wp\/v2\/media\/81003"}],"wp:attachment":[{"href":"https:\/\/dogpride.nl\/fr\/wp-json\/wp\/v2\/media?parent=81002"}],"wp:term":[{"taxonomy":"product_brand","embeddable":true,"href":"https:\/\/dogpride.nl\/fr\/wp-json\/wp\/v2\/product_brand?post=81002"},{"taxonomy":"product_cat","embeddable":true,"href":"https:\/\/dogpride.nl\/fr\/wp-json\/wp\/v2\/product_cat?post=81002"},{"taxonomy":"product_tag","embeddable":true,"href":"https:\/\/dogpride.nl\/fr\/wp-json\/wp\/v2\/product_tag?post=81002"}],"curies":[{"name":"wp","href":"https:\/\/api.w.org\/{rel}","templated":true}]}}