{"id":80995,"date":"2022-02-02T16:34:05","date_gmt":"2022-02-02T15:34:05","guid":{"rendered":"https:\/\/www.dogpride.nl\/?post_type=product&#038;p=80995"},"modified":"2026-01-15T13:15:59","modified_gmt":"2026-01-15T12:15:59","slug":"groot-balanskussen-55-cm","status":"publish","type":"product","link":"https:\/\/dogpride.nl\/fr\/groot-balanskussen-55-cm\/","title":{"rendered":"Grand coussin d&#039;\u00e9quilibre 55 cm"},"content":{"rendered":"<h4>Grand coussin d&#039;\u00e9quilibre 55 cm<\/h4>\n<p>Grand coussin d&#039;\u00e9quilibre 55 cm<\/p>\n<p>Groot balanskussen 55 cm voor evenwichts- en actieve stabiliteitsoefeningen met je dier<\/p>\n<p>Le coussin d&#039;\u00e9quilibre a un c\u00f4t\u00e9 lisse et un c\u00f4t\u00e9 clout\u00e9. Les cuspides sensorielles fournissent une stimulation neurologique suppl\u00e9mentaire.<\/p>\n<p><strong>Comment utiliser le coussin d&#039;\u00e9quilibre avec le chien ?<br \/>\n<\/strong>Les petits chiens peuvent se tenir dessus et les grands chiens peuvent apprendre \u00e0 s&#039;asseoir sur le coussin. En augmentant ou en diminuant la quantit\u00e9 d&#039;air dans le coussin d&#039;\u00e9quilibre, vous cr\u00e9ez un d\u00e9fi adapt\u00e9 \u00e0 chaque chien. En raison du grand diam\u00e8tre, vous pouvez entra\u00eener la stabilit\u00e9 des pattes avant, arri\u00e8re et arri\u00e8re. Convient aux chiens de tous \u00e2ges pour travailler l&#039;\u00e9quilibre, la proprioception et la force.<br \/>\nPour plus de stabilit\u00e9, vous pouvez placer un\u00a0<a href=\"https:\/\/dogpride.nl\/fr\/produit\/onderstel-voor-balanskussen-en-donut\/\">ch\u00e2ssis<\/a>\u00a0lieux.<\/p>\n<p>Remarque : n&#039;utilisez le coussin d&#039;\u00e9quilibre que comme mat\u00e9riel d&#039;entra\u00eenement et guidez le chien sur le coussin. Ne laissez pas le chien seul avec le coussin d&#039;\u00e9quilibre et \u00e9vitez les blessures et la possibilit\u00e9 que le chien puisse d\u00e9truire le mat\u00e9riel.<\/p>\n<ul>\n<li>Le coussin d&#039;\u00e9quilibre r\u00e9pond aux normes environnementales et de s\u00e9curit\u00e9 les plus \u00e9lev\u00e9es et est sans latex.<strong>Gonfler:<\/strong>\u00a0retirez le bouchon du produit et placez la pompe dans le trou.\u00a0<strong>Astuce:<\/strong>\u00a0Utilisez une cuill\u00e8re \u00e0 caf\u00e9 pour faire sortir la fiche du coussin d&#039;\u00e9quilibre.<\/li>\n<\/ul>\n<table class=\"product-specification-list\" style=\"height: 97px;\" width=\"264\">\n<tbody>\n<tr>\n<td>Marque:<\/td>\n<td class=\"\">Mooffz<\/td>\n<\/tr>\n<tr>\n<td>Diam\u00e8tre:<\/td>\n<td class=\"\">55cm<\/td>\n<\/tr>\n<tr>\n<td>Colorer):<\/td>\n<td class=\"\">Orange<\/td>\n<\/tr>\n<\/tbody>\n<\/table>\n<p><a href=\"https:\/\/dogpride.nl\/fr\/diverse-hondensporten\/balans-coordinatie\/\"><img loading=\"lazy\" decoding=\"async\" class=\"alignnone\" title=\"Grand coussin d&#039;\u00e9quilibre 55 cm\" src=\"https:\/\/dogpride.nl\/wp-content\/uploads\/Groot-balanskussen-art.-95.14-3-150x150.jpg\" alt=\"Groot balanskussen 55 cm\" width=\"150\" height=\"150\" \/><\/a><\/p>\n<p><span style=\"color: #ffffff;\"><a style=\"color: #ffffff;\" href=\"https:\/\/www.amazon.nl\/\" target=\"_blank\" rel=\"noopener\">https:\/\/www.amazon.nl\/<\/a><\/span><\/p>","protected":false},"excerpt":{"rendered":"<p>Les petits chiens peuvent se tenir dessus et les grands chiens peuvent apprendre \u00e0 s&#039;asseoir sur le coussin. En augmentant ou en diminuant la quantit\u00e9 d&#039;air dans le coussin d&#039;\u00e9quilibre, vous cr\u00e9ez un d\u00e9fi adapt\u00e9 \u00e0 chaque chien.<\/p>","protected":false},"featured_media":80996,"template":"","meta":[],"product_brand":[],"product_cat":[3506],"product_tag":[22200,22198,22199,3286],"class_list":{"0":"post-80995","1":"product","2":"type-product","3":"status-publish","4":"has-post-thumbnail","6":"product_cat-balans-coordinatie","7":"product_tag-55cm","8":"product_tag-balanskussen","9":"product_tag-mooffz","10":"product_tag-oranje","12":"first","13":"instock","14":"taxable","15":"shipping-taxable","16":"purchasable","17":"product-type-simple"},"mb":[],"mfb_rest_fields":["title"],"_links":{"self":[{"href":"https:\/\/dogpride.nl\/fr\/wp-json\/wp\/v2\/product\/80995","targetHints":{"allow":["GET"]}}],"collection":[{"href":"https:\/\/dogpride.nl\/fr\/wp-json\/wp\/v2\/product"}],"about":[{"href":"https:\/\/dogpride.nl\/fr\/wp-json\/wp\/v2\/types\/product"}],"wp:featuredmedia":[{"embeddable":true,"href":"https:\/\/dogpride.nl\/fr\/wp-json\/wp\/v2\/media\/80996"}],"wp:attachment":[{"href":"https:\/\/dogpride.nl\/fr\/wp-json\/wp\/v2\/media?parent=80995"}],"wp:term":[{"taxonomy":"product_brand","embeddable":true,"href":"https:\/\/dogpride.nl\/fr\/wp-json\/wp\/v2\/product_brand?post=80995"},{"taxonomy":"product_cat","embeddable":true,"href":"https:\/\/dogpride.nl\/fr\/wp-json\/wp\/v2\/product_cat?post=80995"},{"taxonomy":"product_tag","embeddable":true,"href":"https:\/\/dogpride.nl\/fr\/wp-json\/wp\/v2\/product_tag?post=80995"}],"curies":[{"name":"wp","href":"https:\/\/api.w.org\/{rel}","templated":true}]}}