{"id":80993,"date":"2022-02-02T16:25:41","date_gmt":"2022-02-02T15:25:41","guid":{"rendered":"https:\/\/www.dogpride.nl\/?post_type=product&#038;p=80993"},"modified":"2026-01-15T13:18:57","modified_gmt":"2026-01-15T12:18:57","slug":"groot-balanskussen-55-cm-inclusief-onderstel","status":"publish","type":"product","link":"https:\/\/dogpride.nl\/fr\/groot-balanskussen-55-cm-inclusief-onderstel\/","title":{"rendered":"Groot balanskussen 55 cm inclusief onderstel"},"content":{"rendered":"<h4 class=\"title\">Groot balanskussen 55 cm inclusief onderstel<\/h4>\n<p class=\"title\">Groot balanskussen 55 cm inclusief onderstel<\/p>\n<p>Le grand coussin d&#039;\u00e9quilibre 55 cm avec socle est id\u00e9al pour les chiens de tous \u00e2ges pour travailler l&#039;\u00e9quilibre, la proprioception et la force<\/p>\n<p>En pla\u00e7ant le grand coussin d&#039;\u00e9quilibre dans la coque, vous cr\u00e9ez une stabilit\u00e9 suppl\u00e9mentaire.<\/p>\n<p>Het Groot balanskussen 55 cm inclusief onderstel heeft een gladde zijde en een noppen zijde. De sensorische knobbels zorgen voor extra neurologische stimulatie.<\/p>\n<p>Les petits chiens peuvent se tenir dessus et les grands chiens peuvent apprendre \u00e0 s&#039;asseoir sur le coussin.<\/p>\n<p>En augmentant ou en diminuant la quantit\u00e9 d&#039;air dans le coussin d&#039;\u00e9quilibre, un d\u00e9fi adapt\u00e9 peut \u00eatre cr\u00e9\u00e9 pour chaque chien. En raison du grand diam\u00e8tre, vous pouvez entra\u00eener \u00e0 la fois la stabilit\u00e9 des pattes avant et arri\u00e8re.<\/p>\n<p>Les chiens \u00e2g\u00e9s dont l&#039;\u00e9quilibre est affaibli b\u00e9n\u00e9ficieront grandement du ch\u00e2ssis. Les chiens souffrant de probl\u00e8mes neurologiques ou orthop\u00e9diques peuvent travailler en toute s\u00e9curit\u00e9 avec le coussin d&#039;\u00e9quilibre en combinaison avec la base.<\/p>\n<ul>\n<li>Remarque : n&#039;utilisez le coussin d&#039;\u00e9quilibre que comme mat\u00e9riel d&#039;entra\u00eenement et guidez le chien sur le coussin. Ne laissez pas le chien seul avec le coussin d&#039;\u00e9quilibre et \u00e9vitez les blessures et la possibilit\u00e9 que le chien puisse d\u00e9truire le mat\u00e9riel.<\/li>\n<\/ul>\n<table class=\"product-specification-list\" style=\"height: 113px;\" width=\"413\">\n<tbody>\n<tr>\n<td>Marque:<\/td>\n<td class=\"\">Mooffz<\/td>\n<\/tr>\n<tr>\n<td>Diam\u00e8tre:<\/td>\n<td class=\"\">coussin d&#039;\u00e9quilibre : 55 cm<\/td>\n<\/tr>\n<tr>\n<td>Colorer):<\/td>\n<td class=\"\">Orange<\/td>\n<\/tr>\n<tr>\n<td>Compris:<\/td>\n<td class=\"\">socle : diam\u00e8tre 60 cm<\/td>\n<\/tr>\n<\/tbody>\n<\/table>\n<p>&nbsp;<\/p>\n<p><a href=\"https:\/\/dogpride.nl\/fr\/diverse-hondensporten\/balans-coordinatie\/\"><img loading=\"lazy\" decoding=\"async\" class=\"alignnone\" title=\"Groot balanskussen 55 cm inclusief onderstel\" src=\"https:\/\/dogpride.nl\/wp-content\/uploads\/Groot-balanskussen-met-onderstel-95.11-99.36-4-150x150.jpg\" alt=\"Groot balanskussen 55 cm inclusief onderstel\" width=\"150\" height=\"150\" \/><\/a><\/p>\n<p><span style=\"color: #ffffff;\"><a style=\"color: #ffffff;\" href=\"https:\/\/www.amazon.nl\/\" target=\"_blank\" rel=\"noopener\">https:\/\/www.amazon.nl\/<\/a><\/span><\/p>","protected":false},"excerpt":{"rendered":"<p>Le grand coussin d&#039;\u00e9quilibre 55 cm avec socle est id\u00e9al pour les chiens de tous \u00e2ges pour travailler l&#039;\u00e9quilibre, la proprioception et la force.<\/p>","protected":false},"featured_media":80992,"template":"","meta":[],"product_brand":[],"product_cat":[3506],"product_tag":[22200,22201,22199],"class_list":{"0":"post-80993","1":"product","2":"type-product","3":"status-publish","4":"has-post-thumbnail","6":"product_cat-balans-coordinatie","7":"product_tag-55cm","8":"product_tag-balanslussen","9":"product_tag-mooffz","11":"first","12":"instock","13":"taxable","14":"shipping-taxable","15":"purchasable","16":"product-type-simple"},"mb":[],"mfb_rest_fields":["title"],"_links":{"self":[{"href":"https:\/\/dogpride.nl\/fr\/wp-json\/wp\/v2\/product\/80993","targetHints":{"allow":["GET"]}}],"collection":[{"href":"https:\/\/dogpride.nl\/fr\/wp-json\/wp\/v2\/product"}],"about":[{"href":"https:\/\/dogpride.nl\/fr\/wp-json\/wp\/v2\/types\/product"}],"wp:featuredmedia":[{"embeddable":true,"href":"https:\/\/dogpride.nl\/fr\/wp-json\/wp\/v2\/media\/80992"}],"wp:attachment":[{"href":"https:\/\/dogpride.nl\/fr\/wp-json\/wp\/v2\/media?parent=80993"}],"wp:term":[{"taxonomy":"product_brand","embeddable":true,"href":"https:\/\/dogpride.nl\/fr\/wp-json\/wp\/v2\/product_brand?post=80993"},{"taxonomy":"product_cat","embeddable":true,"href":"https:\/\/dogpride.nl\/fr\/wp-json\/wp\/v2\/product_cat?post=80993"},{"taxonomy":"product_tag","embeddable":true,"href":"https:\/\/dogpride.nl\/fr\/wp-json\/wp\/v2\/product_tag?post=80993"}],"curies":[{"name":"wp","href":"https:\/\/api.w.org\/{rel}","templated":true}]}}