{"id":80910,"date":"2022-02-01T15:25:42","date_gmt":"2022-02-01T14:25:42","guid":{"rendered":"https:\/\/www.dogpride.nl\/?post_type=product&#038;p=80910"},"modified":"2026-03-17T10:33:39","modified_gmt":"2026-03-17T09:33:39","slug":"mooffz-antislip-mat-l200xb100cm","status":"publish","type":"product","link":"https:\/\/dogpride.nl\/fr\/mooffz-antislip-mat-l200xb100cm\/","title":{"rendered":"Tapis Antid\u00e9rapant Mooffz L200xL100cm"},"content":{"rendered":"<h4>Tapis Antid\u00e9rapant Mooffz L200xL100cm<\/h4>\n<p>Tapis Antid\u00e9rapant Mooffz L200xL100cm<\/p>\n<p>Non seulement les personnes, mais aussi les animaux peuvent glisser. Surtout avec une surface glissante, le risque de glisser est \u00e9lev\u00e9. Avec ce tapis antid\u00e9rapant, vous pouvez faire du sport et jouer en toute s\u00e9curit\u00e9 et glisser appartient au pass\u00e9 !<\/p>\n<p><a href=\"https:\/\/dogpride.nl\/fr\/diverse-hondensporten\/balans-coordinatie\/?product-page=1\"><img loading=\"lazy\" decoding=\"async\" class=\"alignnone\" title=\"Tapis Antid\u00e9rapant Mooffz L200xL100cm\" src=\"https:\/\/dogpride.nl\/wp-content\/uploads\/Mooffz-Anti-slipmat-1-150x150.jpg\" alt=\"Mooffz Antislip Mat L200xB100cm\" width=\"150\" height=\"150\" \/><\/a><\/p>\n<ul>\n<li>Multifonctionnel<\/li>\n<li>Emp\u00eache le glissement<\/li>\n<li>Fournit une adh\u00e9rence suppl\u00e9mentaire<\/li>\n<li>Fournit une surface fine<\/li>\n<li>Polyvalent<\/li>\n<li>Facile \u00e0 couper \u00e0 la taille<\/li>\n<\/ul>\n<p><a href=\"https:\/\/nl.wikipedia.org\/wiki\/Hoofdpagina\" target=\"_blank\" rel=\"noopener\"><img loading=\"lazy\" decoding=\"async\" class=\"alignnone\" title=\"Tapis Antid\u00e9rapant Mooffz L200xL100cm\" src=\"https:\/\/dogpride.nl\/wp-content\/uploads\/Mooffz-Anti-slipmat-1-150x150.jpg\" alt=\"Mooffz Antislip Mat L200xB100cm\" width=\"150\" height=\"150\" \/><\/a><\/p>\n<p><strong>Remarque : utilisez toujours le mat\u00e9riel sous surveillance.<\/strong><\/p>\n<p>Utile! En utilisant ce tapis antid\u00e9rapant comme surface lors des exercices d&#039;\u00e9quilibre, les animaux peuvent monter et descendre en toute s\u00e9curit\u00e9.<\/p>\n<table class=\"product-specification-list\" style=\"height: 34px;\" width=\"392\">\n<tbody>\n<tr>\n<td>Taille:<\/td>\n<td class=\"\">L200xl100 cm<\/td>\n<\/tr>\n<\/tbody>\n<\/table>","protected":false},"excerpt":{"rendered":"<p>Non seulement les personnes, mais aussi les animaux peuvent glisser. Surtout avec une surface glissante, le risque de glisser est \u00e9lev\u00e9. Avec ce tapis antid\u00e9rapant, vous pouvez faire du sport et jouer en toute s\u00e9curit\u00e9 et glisser appartient au pass\u00e9 !<\/p>","protected":false},"featured_media":80911,"template":"","meta":[],"product_brand":[],"product_cat":[3506],"product_tag":[5216,22199],"class_list":{"0":"post-80910","1":"product","2":"type-product","3":"status-publish","4":"has-post-thumbnail","6":"product_cat-balans-coordinatie","7":"product_tag-antislip","8":"product_tag-mooffz","10":"first","11":"instock","12":"taxable","13":"shipping-taxable","14":"purchasable","15":"product-type-simple"},"mb":[],"mfb_rest_fields":["title"],"_links":{"self":[{"href":"https:\/\/dogpride.nl\/fr\/wp-json\/wp\/v2\/product\/80910","targetHints":{"allow":["GET"]}}],"collection":[{"href":"https:\/\/dogpride.nl\/fr\/wp-json\/wp\/v2\/product"}],"about":[{"href":"https:\/\/dogpride.nl\/fr\/wp-json\/wp\/v2\/types\/product"}],"wp:featuredmedia":[{"embeddable":true,"href":"https:\/\/dogpride.nl\/fr\/wp-json\/wp\/v2\/media\/80911"}],"wp:attachment":[{"href":"https:\/\/dogpride.nl\/fr\/wp-json\/wp\/v2\/media?parent=80910"}],"wp:term":[{"taxonomy":"product_brand","embeddable":true,"href":"https:\/\/dogpride.nl\/fr\/wp-json\/wp\/v2\/product_brand?post=80910"},{"taxonomy":"product_cat","embeddable":true,"href":"https:\/\/dogpride.nl\/fr\/wp-json\/wp\/v2\/product_cat?post=80910"},{"taxonomy":"product_tag","embeddable":true,"href":"https:\/\/dogpride.nl\/fr\/wp-json\/wp\/v2\/product_tag?post=80910"}],"curies":[{"name":"wp","href":"https:\/\/api.w.org\/{rel}","templated":true}]}}