{"id":80870,"date":"2022-02-01T14:00:33","date_gmt":"2022-02-01T13:00:33","guid":{"rendered":"https:\/\/www.dogpride.nl\/?post_type=product&#038;p=80870"},"modified":"2025-11-15T09:44:37","modified_gmt":"2025-11-15T08:44:37","slug":"mooffz-markeringshoedjes-groot-o15cm","status":"publish","type":"product","link":"https:\/\/dogpride.nl\/fr\/mooffz-markeringshoedjes-groot-o15cm\/","title":{"rendered":"Capuchons de marquage Mooffz Large \u00d815cm"},"content":{"rendered":"<h4>Capuchons de marquage Mooffz Large \u00d815cm<\/h4>\n<p>Capuchons de marquage Mooffz Large \u00d815cm<\/p>\n<p><strong>Lot de 10 grands disques de marquage, \u00e0 utiliser comme point de marquage ou comme jeu de mini haies<\/strong><\/p>\n<p>Il y a des encoches \u00e0 diff\u00e9rentes hauteurs dans les capuchons de marquage sur lesquelles vous pouvez placer un b\u00e2ton. Cela facilite le travail \u00e0 diff\u00e9rentes hauteurs : \u00e0 5, 10 et 15 cm. Les casquettes de marquage sont polyvalentes, notamment pour marquer un parcours, pour le slalom, l&#039;entra\u00eenement Cavaletti et les exercices de saut.<\/p>\n<h5><strong>Sauter:<\/strong><\/h5>\n<p>Si vous voulez laisser le chien sauter par-dessus un b\u00e2ton, construisez-le toujours lentement. N&#039;ajoutez pas le signal &quot;\u00e9lev\u00e9&quot; tant que le chien n&#039;a pas ma\u00eetris\u00e9 le saut, puis donnez le signal initialement lorsque le chien saute. Ne forcez jamais votre chien. Si le chien ne veut pas, essayez de sauter par-dessus l&#039;obstacle avec votre chien.<\/p>\n<ul>\n<li>Donnez au chien de la place pour un bon d\u00e9collage et atterrissage et apprenez-lui \u00e0 sauter proprement au milieu de l&#039;obstacle.<\/li>\n<\/ul>\n<table class=\"product-specification-list\" style=\"height: 135px;\" width=\"779\">\n<tbody>\n<tr>\n<td>Diam\u00e8tre:<\/td>\n<td class=\"\">15cm<\/td>\n<\/tr>\n<tr>\n<td>Hauteur:<\/td>\n<td class=\"\">30 cm. R\u00e9glable sur 3 hauteurs diff\u00e9rentes : 5, 10 et 15 cm<\/td>\n<\/tr>\n<tr>\n<td>Colorer)<\/td>\n<td class=\"\">5x jaune, 5x bleu<\/td>\n<\/tr>\n<tr>\n<td>Compris:<\/td>\n<td class=\"\">support pour 10 disques<\/td>\n<\/tr>\n<tr>\n<td>ensemble:<\/td>\n<td class=\"\">\u00e0 partir de 10<\/td>\n<\/tr>\n<\/tbody>\n<\/table>\n<p><a href=\"https:\/\/dogpride.nl\/fr\/diverse-hondensporten\/agility-obedience\/?product-page=2\"><img loading=\"lazy\" decoding=\"async\" class=\"alignnone\" title=\"Capuchons de marquage Mooffz Large \u00d815cm\" src=\"https:\/\/dogpride.nl\/wp-content\/uploads\/Mooffz-Markeringhoedjes-groot-art.-1615-5-150x150.jpg\" alt=\"Mooffz Markeringshoedjes Groot \u00d815cm\" width=\"150\" height=\"150\" \/><\/a><\/p>\n<p><a href=\"https:\/\/www.bol.com\/nl\/nl\/b\/mooffz\/16537942\/\" target=\"_blank\" rel=\"noopener\"><img loading=\"lazy\" decoding=\"async\" class=\"alignnone wp-image-142832 size-thumbnail\" src=\"https:\/\/dogpride.nl\/wp-content\/uploads\/Logo-5-150x150.jpg\" alt=\"Logo\" width=\"150\" height=\"150\" srcset=\"https:\/\/dogpride.nl\/wp-content\/uploads\/Logo-5-150x150.jpg 150w, https:\/\/dogpride.nl\/wp-content\/uploads\/Logo-5-12x12.jpg 12w, https:\/\/dogpride.nl\/wp-content\/uploads\/Logo-5-100x100.jpg 100w, https:\/\/dogpride.nl\/wp-content\/uploads\/Logo-5.jpg 225w\" sizes=\"auto, (max-width: 150px) 100vw, 150px\" \/><\/a><\/p>","protected":false},"excerpt":{"rendered":"<p>Mooffz Markeringshoedjes Groot \u00d815cm. Set van 10 grote markeringsschijven, te gebruiken als markeringspunt of als mini horde set. In de markeringshoedjes zitten op verschillende hoogtes inkepingen waar je een stok op kan leggen.<\/p>","protected":false},"featured_media":80872,"template":"","meta":[],"product_brand":[],"product_cat":[2956],"product_tag":[],"class_list":{"0":"post-80870","1":"product","2":"type-product","3":"status-publish","4":"has-post-thumbnail","6":"product_cat-agility-behendigheid","8":"first","9":"instock","10":"taxable","11":"shipping-taxable","12":"purchasable","13":"product-type-simple"},"mb":[],"mfb_rest_fields":["title"],"_links":{"self":[{"href":"https:\/\/dogpride.nl\/fr\/wp-json\/wp\/v2\/product\/80870","targetHints":{"allow":["GET"]}}],"collection":[{"href":"https:\/\/dogpride.nl\/fr\/wp-json\/wp\/v2\/product"}],"about":[{"href":"https:\/\/dogpride.nl\/fr\/wp-json\/wp\/v2\/types\/product"}],"wp:featuredmedia":[{"embeddable":true,"href":"https:\/\/dogpride.nl\/fr\/wp-json\/wp\/v2\/media\/80872"}],"wp:attachment":[{"href":"https:\/\/dogpride.nl\/fr\/wp-json\/wp\/v2\/media?parent=80870"}],"wp:term":[{"taxonomy":"product_brand","embeddable":true,"href":"https:\/\/dogpride.nl\/fr\/wp-json\/wp\/v2\/product_brand?post=80870"},{"taxonomy":"product_cat","embeddable":true,"href":"https:\/\/dogpride.nl\/fr\/wp-json\/wp\/v2\/product_cat?post=80870"},{"taxonomy":"product_tag","embeddable":true,"href":"https:\/\/dogpride.nl\/fr\/wp-json\/wp\/v2\/product_tag?post=80870"}],"curies":[{"name":"wp","href":"https:\/\/api.w.org\/{rel}","templated":true}]}}