{"id":80862,"date":"2022-02-01T13:43:54","date_gmt":"2022-02-01T12:43:54","guid":{"rendered":"https:\/\/www.dogpride.nl\/?post_type=product&#038;p=80862"},"modified":"2025-11-15T09:48:58","modified_gmt":"2025-11-15T08:48:58","slug":"pion-30-cm-met-gaten","status":"publish","type":"product","link":"https:\/\/dogpride.nl\/fr\/pion-30-cm-met-gaten\/","title":{"rendered":"Pion 30 cm avec trous"},"content":{"rendered":"<h4>Pion 30 cm avec trous<\/h4>\n<p>Pion 30 cm avec trous<\/p>\n<p><strong>Pion multifonctionnel pour l&#039;agilit\u00e9 ou l&#039;entra\u00eenement d&#039;agilit\u00e9<\/strong><\/p>\n<p>De Pion 30 cm met gaten zijn gemaakt van kunststof. Er kan eventueel een stok zowel horizontaal als verticaal in de pion worden geplaatst. De pionnen kunnen ook gecombineerd worden met hoepels (die kunnen bovenop de pion geschoven worden).<\/p>\n<p><strong>Formation Cavaletti<\/strong><\/p>\n<p>L&#039;entra\u00eenement Cavaletti est un excellent entra\u00eenement pour les chiens pour trouver et garder l&#039;\u00e9quilibre, apprendre \u00e0 ajuster la longueur de leur foul\u00e9e et \u00e0 contracter et d\u00e9tendre les muscles.<\/p>\n<h5 class=\"fusion-responsive-typography-calculated\" data-fontsize=\"22\" data-lineheight=\"22px\"><strong>Apprentissage<\/strong><\/h5>\n<p>Alignez une rang\u00e9e de cavaletti (4-6) et laissez le chien marcher dessus dans un mouvement fluide.<\/p>\n<p>Attention : ne courez pas et ne sautez pas ! Ce n&#039;est pas un exercice de course, c&#039;est une question de coordination et d&#039;harmonie. Au d\u00e9but, menez le chien au pas sur les cavaletti. Si le chien va trop vite, placez une friandise au sol entre les obstacles, pour que le chien ralentisse.<\/p>\n<p>Une fois que le chien a ma\u00eetris\u00e9 la marche sur les cavaletti, les haies peuvent \u00eatre pratiqu\u00e9es au trot. Remarque : Si le chien travaille en laisse, celle-ci doit \u00eatre d\u00e9tendue pendant l&#039;exercice. La laisse ne doit pas g\u00eaner le chien.<\/p>\n<h5 class=\"fusion-responsive-typography-calculated\" data-fontsize=\"22\" data-lineheight=\"22px\"><strong>Distance<\/strong><\/h5>\n<p>Assurez-vous toujours qu&#039;il y a suffisamment d&#039;espace entre les cavaletti. Adapter la distance pour chaque chien. La ligne de dos du chien doit rester droite et d\u00e9tendue lorsqu&#039;il marche sur les cavaletti. Si le chien doit cambrer le dos lorsqu&#039;il l&#039;enjambe, les obstacles sont trop rapproch\u00e9s.<\/p>\n<p>Comme distance de d\u00e9part entre les cavaletti, utilisez la distance entre les pattes avant et arri\u00e8re du chien, mesur\u00e9e lorsque le chien est debout, ou calculez la distance comme deux fois la hauteur du coude de l&#039;animal, la hauteur du chien du sol \u00e0 son coude.<\/p>\n<p><strong>Hauteur<\/strong><br \/>\nLa hauteur des cavaletti ne doit pas d\u00e9passer la hauteur du talon du chien. Alors gardez les obstacles bas.<\/p>\n<h5 class=\"fusion-responsive-typography-calculated\" data-fontsize=\"22\" data-lineheight=\"22px\"><strong>NB\u00a0!<\/strong><\/h5>\n<p>Enjamber un cavaletti, essayer vous-m\u00eame plusieurs fois de suite, demande beaucoup de force \u00e0 un chien. Par cons\u00e9quent, ne faites pas cet exercice trop souvent de suite et augmentez lentement le degr\u00e9 de difficult\u00e9, par exemple en \u00e9cartant un peu les cavaletti pour que le chien doive allonger sa foul\u00e9e. Ne sous-estimez pas \u00e0 quel point vous pouvez \u00eatre fatigu\u00e9 par des \u00e9tapes \u00ab\u00a0simples\u00a0\u00bb\u00a0!<\/p>\n<p><strong>Leverbare kleuren Pion 30 cm met gaten:<\/strong><\/p>\n<ul>\n<li>Bleu<\/li>\n<li>Rouge<\/li>\n<li>Vert<\/li>\n<li>Jaune<\/li>\n<\/ul>\n<p><a href=\"https:\/\/dogpride.nl\/fr\/diverse-hondensporten\/agility-obedience\/?product-page=2\"><img loading=\"lazy\" decoding=\"async\" class=\"alignnone\" title=\"Pion 30 cm avec trous\" src=\"https:\/\/dogpride.nl\/wp-content\/uploads\/Pion-met-gaten-art.-1581-1594-1-150x150.jpg\" alt=\"Pion 30 cm met gaten\" width=\"150\" height=\"150\" \/><\/a><\/p>\n<p><span style=\"color: #ffffff;\"><a style=\"color: #ffffff;\" href=\"https:\/\/www.bol.com\/nl\/nl\/b\/mooffz\/16537942\/\" target=\"_blank\" rel=\"noopener\">https:\/\/www.bol.com\/nl\/nl\/b\/mooffz\/16537942\/<\/a><\/span><\/p>\n<p><strong>Livr\u00e9 par 10 pi\u00e8ces. Si vous souhaitez un ensemble de couleurs m\u00e9lang\u00e9es, vous pouvez l&#039;indiquer dans le champ texte lors de la commande.<\/strong><\/p>\n<table class=\"product-specification-list\" style=\"height: 67px;\" width=\"1063\">\n<tbody>\n<tr>\n<td>Taille:<\/td>\n<td class=\"\">Hauteur 30cm; socle 23cm; 2 trous sur 4 c\u00f4t\u00e9s ; hauteur trous \u00e0 12 et 22 cm<\/td>\n<\/tr>\n<tr>\n<td>Prix:<\/td>\n<td class=\"\">par unit\u00e9<\/td>\n<\/tr>\n<\/tbody>\n<\/table>","protected":false},"excerpt":{"rendered":"<p>Pion 30 cm met gaten De pionnen zijn gemaakt van kunststof. Er kan eventueel een stok zowel horizontaal als verticaal in de pion worden geplaatst. De pionnen kunnen ook gecombineerd worden met hoepels (die kunnen bovenop de pion geschoven worden).<\/p>","protected":false},"featured_media":80853,"template":"","meta":[],"product_brand":[],"product_cat":[2956],"product_tag":[],"class_list":{"0":"post-80862","1":"product","2":"type-product","3":"status-publish","4":"has-post-thumbnail","6":"product_cat-agility-behendigheid","8":"first","9":"instock","10":"taxable","11":"shipping-taxable","12":"purchasable","13":"product-type-variable"},"mb":[],"mfb_rest_fields":["title"],"_links":{"self":[{"href":"https:\/\/dogpride.nl\/fr\/wp-json\/wp\/v2\/product\/80862","targetHints":{"allow":["GET"]}}],"collection":[{"href":"https:\/\/dogpride.nl\/fr\/wp-json\/wp\/v2\/product"}],"about":[{"href":"https:\/\/dogpride.nl\/fr\/wp-json\/wp\/v2\/types\/product"}],"wp:featuredmedia":[{"embeddable":true,"href":"https:\/\/dogpride.nl\/fr\/wp-json\/wp\/v2\/media\/80853"}],"wp:attachment":[{"href":"https:\/\/dogpride.nl\/fr\/wp-json\/wp\/v2\/media?parent=80862"}],"wp:term":[{"taxonomy":"product_brand","embeddable":true,"href":"https:\/\/dogpride.nl\/fr\/wp-json\/wp\/v2\/product_brand?post=80862"},{"taxonomy":"product_cat","embeddable":true,"href":"https:\/\/dogpride.nl\/fr\/wp-json\/wp\/v2\/product_cat?post=80862"},{"taxonomy":"product_tag","embeddable":true,"href":"https:\/\/dogpride.nl\/fr\/wp-json\/wp\/v2\/product_tag?post=80862"}],"curies":[{"name":"wp","href":"https:\/\/api.w.org\/{rel}","templated":true}]}}