{"id":80835,"date":"2022-02-01T12:07:25","date_gmt":"2022-02-01T11:07:25","guid":{"rendered":"https:\/\/www.dogpride.nl\/?post_type=product&#038;p=80835"},"modified":"2025-11-15T10:35:21","modified_gmt":"2025-11-15T09:35:21","slug":"stokken-van-diverse-afmetingen","status":"publish","type":"product","link":"https:\/\/dogpride.nl\/fr\/stokken-van-diverse-afmetingen\/","title":{"rendered":"B\u00e2tons de diff\u00e9rentes tailles"},"content":{"rendered":"<h4>B\u00e2tons de diff\u00e9rentes tailles<\/h4>\n<p>B\u00e2tons de diff\u00e9rentes tailles<\/p>\n<p><strong>Ces b\u00e2tons peuvent \u00eatre utilis\u00e9s pour divers exercices avec votre animal !<\/strong><\/p>\n<p>Les b\u00e2tons peuvent \u00eatre ins\u00e9r\u00e9s dans les c\u00f4nes, support flexible, caoutchouc, pieds multifonctions pour un parcours de slalom amusant. Les b\u00e2tons peuvent \u00e9galement \u00eatre plac\u00e9s horizontalement \u00e0 travers les trous des c\u00f4nes pour l&#039;entra\u00eenement Cavaletti.<\/p>\n<p><strong>Sauter:<\/strong>\u00a0Si vous voulez laisser le chien sauter par-dessus un b\u00e2ton, construisez-le toujours lentement. N&#039;ajoutez pas le signal &quot;\u00e9lev\u00e9&quot; tant que le chien n&#039;a pas ma\u00eetris\u00e9 le saut, puis donnez le signal initialement lorsque le chien saute. Ne forcez jamais votre chien. Si le chien ne veut pas, essayez de sauter par-dessus l&#039;obstacle avec votre chien.<\/p>\n<p>Donnez au chien de la place pour un bon d\u00e9collage et atterrissage et apprenez-lui \u00e0 sauter proprement au milieu de l&#039;obstacle.<\/p>\n<p>De Stokken van diverse afmetingen zijn er in 4 maten en in 4 verschillende kleuren.<\/p>\n<p>Il y a aussi\u00a0<a href=\"https:\/\/www.sportenspelvoordieren.nl\/agility-en-behendigheid\/clip-voor-hoepels-en-stokken\" target=\"_blank\" rel=\"noopener\">clips de montage<\/a>\u00a0disponibles avec lesquels des b\u00e2tons et des cerceaux peuvent \u00eatre attach\u00e9s les uns aux autres.<\/p>\n<p><strong>Couleurs disponibles :<\/strong><\/p>\n<ul>\n<li>Bleu<\/li>\n<li>Rouge<\/li>\n<li>Vert<\/li>\n<li>Jaune<\/li>\n<\/ul>\n<p><img loading=\"lazy\" decoding=\"async\" class=\"alignnone\" title=\"B\u00e2tons de diff\u00e9rentes tailles\" src=\"https:\/\/dogpride.nl\/wp-content\/uploads\/Mooffz-Markeringhoedjes-groot-art.-1615-6-150x150.jpg\" alt=\"Stokken van diverse afmetingen\" width=\"150\" height=\"150\" \/><\/p>\n<p><strong>Longueurs disponibles :\u00a0<\/strong><\/p>\n<ul>\n<li>80cm<\/li>\n<li>100cm<\/li>\n<li>120cm<\/li>\n<\/ul>\n<p>Diam\u00e8tre : diam\u00e8tre 2,5 cm<\/p>\n<p><strong>Livr\u00e9 par 10 pi\u00e8ces. Si vous souhaitez un ensemble de couleurs m\u00e9lang\u00e9es, vous pouvez l&#039;indiquer dans le champ texte lors de la commande.<\/strong><\/p>\n<p><a href=\"https:\/\/dogpride.nl\/fr\/diverse-hondensporten\/agility-obedience\/?product-page=2\"><img loading=\"lazy\" decoding=\"async\" class=\"alignnone\" title=\"B\u00e2tons de diff\u00e9rentes tailles\" src=\"https:\/\/dogpride.nl\/wp-content\/uploads\/Mooffz-Markeringhoedjes-groot-art.-1615-6-150x150.jpg\" alt=\"Stokken van diverse afmetingen\" width=\"150\" height=\"150\" \/><\/a><\/p>\n<p><span style=\"color: #ffffff;\"><a style=\"color: #ffffff;\" href=\"https:\/\/www.bol.com\/nl\/nl\/b\/mooffz\/16537942\/\" target=\"_blank\" rel=\"noopener\">https:\/\/www.bol.com\/nl\/nl\/b\/mooffz\/16537942\/<\/a><\/span><\/p>","protected":false},"excerpt":{"rendered":"<p>De Stokken van diverse afmetingen kunnen in de pionnen, buigzame houder, rubberen- , multifunctionele voeten worden gestoken voor een leuk slalom parcours. Ook kunnen de stokken horizontaal door de gaten in de pionnen worden geplaatst voor een Cavaletti training.<\/p>","protected":false},"featured_media":80836,"template":"","meta":[],"product_brand":[],"product_cat":[2956],"product_tag":[],"class_list":{"0":"post-80835","1":"product","2":"type-product","3":"status-publish","4":"has-post-thumbnail","6":"product_cat-agility-behendigheid","8":"first","9":"instock","10":"taxable","11":"shipping-taxable","12":"purchasable","13":"product-type-variable"},"mb":[],"mfb_rest_fields":["title"],"_links":{"self":[{"href":"https:\/\/dogpride.nl\/fr\/wp-json\/wp\/v2\/product\/80835","targetHints":{"allow":["GET"]}}],"collection":[{"href":"https:\/\/dogpride.nl\/fr\/wp-json\/wp\/v2\/product"}],"about":[{"href":"https:\/\/dogpride.nl\/fr\/wp-json\/wp\/v2\/types\/product"}],"wp:featuredmedia":[{"embeddable":true,"href":"https:\/\/dogpride.nl\/fr\/wp-json\/wp\/v2\/media\/80836"}],"wp:attachment":[{"href":"https:\/\/dogpride.nl\/fr\/wp-json\/wp\/v2\/media?parent=80835"}],"wp:term":[{"taxonomy":"product_brand","embeddable":true,"href":"https:\/\/dogpride.nl\/fr\/wp-json\/wp\/v2\/product_brand?post=80835"},{"taxonomy":"product_cat","embeddable":true,"href":"https:\/\/dogpride.nl\/fr\/wp-json\/wp\/v2\/product_cat?post=80835"},{"taxonomy":"product_tag","embeddable":true,"href":"https:\/\/dogpride.nl\/fr\/wp-json\/wp\/v2\/product_tag?post=80835"}],"curies":[{"name":"wp","href":"https:\/\/api.w.org\/{rel}","templated":true}]}}