{"id":80830,"date":"2022-02-01T11:48:41","date_gmt":"2022-02-01T10:48:41","guid":{"rendered":"https:\/\/www.dogpride.nl\/?post_type=product&#038;p=80830"},"modified":"2025-11-15T10:38:57","modified_gmt":"2025-11-15T09:38:57","slug":"flexibele-hoepel-40-cm","status":"publish","type":"product","link":"https:\/\/dogpride.nl\/fr\/flexibele-hoepel-40-cm\/","title":{"rendered":"Cerceau souple 40 cm"},"content":{"rendered":"<h4>Cerceau souple 40 cm<\/h4>\n<p>Cerceau souple 40 cm<\/p>\n<p><strong>Avec les cerceaux, vous pouvez proposer de nombreux exercices pour le dressage des chiens<\/strong><\/p>\n<p>Par exemple, apprenez au chien \u00e0 traverser un cerceau en l&#039;attirant avec une friandise. Le chien passe-t-il dans le cerceau sans effort ? Ensuite, il est \u00e9galement agr\u00e9able de placer le cerceau dans une base multifonctionnelle. Placez plusieurs combinaisons l&#039;une derri\u00e8re ou \u00e0 c\u00f4t\u00e9 de l&#039;autre et laissez le chien les parcourir en ligne droite ou en slalom.<\/p>\n<p><a href=\"https:\/\/dogpride.nl\/fr\/diverse-hondensporten\/agility-obedience\/?product-page=2\"><img loading=\"lazy\" decoding=\"async\" class=\"alignnone\" title=\"Cerceau souple 60 cm\" src=\"https:\/\/dogpride.nl\/wp-content\/uploads\/Multifunctionele-voet-art.-1601-1-1-150x150.jpg\" alt=\"Flexibele Hoepel 60 cm\" width=\"150\" height=\"150\" \/><\/a><\/p>\n<p>Un autre exercice amusant consiste \u00e0 laisser le chien ramper sous un cerceau pos\u00e9 sur le sol. Au d\u00e9but, tenez le cerceau l\u00e9g\u00e8rement au-dessus du sol afin qu&#039;il puisse mettre son nez, sa t\u00eate, puis son corps en dessous. Avec quelque chose de savoureux devant son nez, cela fonctionnera certainement\u00a0!<\/p>\n<p>Un autre exercice amusant consiste \u00e0 faire reculer le chien dans le cerceau. Un exercice encore plus difficile consiste \u00e0 savoir si le chien peut marcher dans un cerceau roulant\u00a0?<\/p>\n<p>Les cerceaux flexibles sont disponibles en 4 tailles et couleurs diff\u00e9rentes.<\/p>\n<p><strong>Couleurs disponibles :<\/strong><\/p>\n<ul>\n<li>Bleu<\/li>\n<li>Rouge<\/li>\n<li>Vert<\/li>\n<li>Jaune<\/li>\n<\/ul>\n<p>&nbsp;<\/p>\n<p><strong>Wordt geleverd per stuk. Wanneer je een set van gemixte kleuren wil, kan je dit aangeven in het tekstveld tijdens het bestellen.<\/strong><\/p>\n<p><a href=\"https:\/\/www.bol.com\/nl\/nl\/b\/mooffz\/16537942\/\" target=\"_blank\" rel=\"noopener\"><img loading=\"lazy\" decoding=\"async\" class=\"alignnone\" src=\"https:\/\/dogpride.nl\/wp-content\/uploads\/Hoepel-1551-1554-150x150.jpg\" alt=\"Flexibele Hoepel 70 cm\" width=\"150\" height=\"150\" \/><\/a><\/p>","protected":false},"excerpt":{"rendered":"<p>Met de Flexibele Hoepel 40 cm zijn tal van oefeningen voor hondentraining te verzinnen. Leer bijvoorbeeld de hond door een hoepel heen te lopen door hem te lokken met iets lekkers. Stapt de hond moeiteloos door de hoepel? Dan is het ook leuk om de hoepel in een multifunctionele voet te zetten.<\/p>","protected":false},"featured_media":80812,"template":"","meta":[],"product_brand":[],"product_cat":[2956],"product_tag":[],"class_list":{"0":"post-80830","1":"product","2":"type-product","3":"status-publish","4":"has-post-thumbnail","6":"product_cat-agility-behendigheid","8":"first","9":"instock","10":"taxable","11":"shipping-taxable","12":"purchasable","13":"product-type-variable"},"mb":[],"mfb_rest_fields":["title"],"_links":{"self":[{"href":"https:\/\/dogpride.nl\/fr\/wp-json\/wp\/v2\/product\/80830","targetHints":{"allow":["GET"]}}],"collection":[{"href":"https:\/\/dogpride.nl\/fr\/wp-json\/wp\/v2\/product"}],"about":[{"href":"https:\/\/dogpride.nl\/fr\/wp-json\/wp\/v2\/types\/product"}],"wp:featuredmedia":[{"embeddable":true,"href":"https:\/\/dogpride.nl\/fr\/wp-json\/wp\/v2\/media\/80812"}],"wp:attachment":[{"href":"https:\/\/dogpride.nl\/fr\/wp-json\/wp\/v2\/media?parent=80830"}],"wp:term":[{"taxonomy":"product_brand","embeddable":true,"href":"https:\/\/dogpride.nl\/fr\/wp-json\/wp\/v2\/product_brand?post=80830"},{"taxonomy":"product_cat","embeddable":true,"href":"https:\/\/dogpride.nl\/fr\/wp-json\/wp\/v2\/product_cat?post=80830"},{"taxonomy":"product_tag","embeddable":true,"href":"https:\/\/dogpride.nl\/fr\/wp-json\/wp\/v2\/product_tag?post=80830"}],"curies":[{"name":"wp","href":"https:\/\/api.w.org\/{rel}","templated":true}]}}