{"id":80804,"date":"2022-02-01T11:16:27","date_gmt":"2022-02-01T10:16:27","guid":{"rendered":"https:\/\/www.dogpride.nl\/?post_type=product&#038;p=80804"},"modified":"2025-11-15T10:48:21","modified_gmt":"2025-11-15T09:48:21","slug":"multifunctionele-voet-voor-hoepel","status":"publish","type":"product","link":"https:\/\/dogpride.nl\/fr\/multifunctionele-voet-voor-hoepel\/","title":{"rendered":"Pied multifonctionnel pour cerceau"},"content":{"rendered":"<h4>Pied multifonctionnel pour cerceau<\/h4>\n<p>De nombreux exercices pour l&#039;entra\u00eenement des cerceaux et des chiens peuvent \u00eatre con\u00e7us avec les pieds et les cerceaux multifonctionnels<\/p>\n<p>Leer bijvoorbeeld in het begin de hond door een hoepel heen te lopen door de hond te lokken met iets lekkers.<\/p>\n<p>Stapt de hond moeiteloos door de hoepel? Dan is het ook leuk om een hoepel in een Multifunctionele voet voor hoepel<\/p>\n<p>te zetten.<\/p>\n<p>Placez plusieurs combinaisons l&#039;une derri\u00e8re ou \u00e0 c\u00f4t\u00e9 de l&#039;autre et laissez le chien les parcourir en ligne droite ou en slalom.<\/p>\n<p>Des b\u00e2tons peuvent \u00e9galement \u00eatre plac\u00e9s dans les pieds multifonctions.<\/p>\n<p><a href=\"https:\/\/dogpride.nl\/fr\/diverse-hondensporten\/agility-obedience\/?product-page=2\"><img loading=\"lazy\" decoding=\"async\" class=\"alignnone\" title=\"Pied multifonctionnel pour cerceau\" src=\"https:\/\/dogpride.nl\/wp-content\/uploads\/Multifunctionele-voet-art.-1601-3-150x150.jpg\" alt=\"Multifunctionele voet voor hoepel\" width=\"150\" height=\"150\" \/><\/a><\/p>\n<p>Alignez plusieurs pieds avec des b\u00e2tons et envoyez le chien \u00ab autour \u00bb d&#039;un autre b\u00e2ton, apr\u00e8s quoi vous rappelez le chien vers vous.<\/p>\n<ul>\n<li>Cette combinaison est \u00e9galement largement utilis\u00e9e pour la formation Hooper. Un ensemble pas cher et facile \u00e0 ranger.<\/li>\n<\/ul>\n<table class=\"product-specification-list\" style=\"height: 81px;\" width=\"488\">\n<tbody>\n<tr>\n<td>Taille:<\/td>\n<td class=\"\">diam\u00e8tre 20 cm, hauteur : 11 cm<\/td>\n<\/tr>\n<tr>\n<td>Colorer):<\/td>\n<td class=\"\">jaune<\/td>\n<\/tr>\n<tr>\n<td>Prix:<\/td>\n<td class=\"\">par unit\u00e9<\/td>\n<\/tr>\n<\/tbody>\n<\/table>\n<p><a href=\"https:\/\/www.bol.com\/nl\/nl\/b\/mooffz\/16537942\/\" target=\"_blank\" rel=\"noopener\"><img loading=\"lazy\" decoding=\"async\" class=\"alignnone\" title=\"Pied multifonctionnel pour cerceau\" src=\"https:\/\/dogpride.nl\/wp-content\/uploads\/Multifunctionele-voet-art.-1601-3-150x150.jpg\" alt=\"Multifunctionele voet voor hoepel\" width=\"150\" height=\"150\" \/><\/a><\/p>","protected":false},"excerpt":{"rendered":"<p>Alignez plusieurs pieds avec des b\u00e2tons et envoyez le chien \u00ab autour \u00bb d&#039;un autre b\u00e2ton, apr\u00e8s quoi vous rappelez le chien vers vous. Cette combinaison est \u00e9galement largement utilis\u00e9e pour la formation Hooper.<\/p>","protected":false},"featured_media":80805,"template":"","meta":[],"product_brand":[],"product_cat":[2956],"product_tag":[],"class_list":{"0":"post-80804","1":"product","2":"type-product","3":"status-publish","4":"has-post-thumbnail","6":"product_cat-agility-behendigheid","8":"first","9":"instock","10":"taxable","11":"shipping-taxable","12":"purchasable","13":"product-type-simple"},"mb":[],"mfb_rest_fields":["title"],"_links":{"self":[{"href":"https:\/\/dogpride.nl\/fr\/wp-json\/wp\/v2\/product\/80804","targetHints":{"allow":["GET"]}}],"collection":[{"href":"https:\/\/dogpride.nl\/fr\/wp-json\/wp\/v2\/product"}],"about":[{"href":"https:\/\/dogpride.nl\/fr\/wp-json\/wp\/v2\/types\/product"}],"wp:featuredmedia":[{"embeddable":true,"href":"https:\/\/dogpride.nl\/fr\/wp-json\/wp\/v2\/media\/80805"}],"wp:attachment":[{"href":"https:\/\/dogpride.nl\/fr\/wp-json\/wp\/v2\/media?parent=80804"}],"wp:term":[{"taxonomy":"product_brand","embeddable":true,"href":"https:\/\/dogpride.nl\/fr\/wp-json\/wp\/v2\/product_brand?post=80804"},{"taxonomy":"product_cat","embeddable":true,"href":"https:\/\/dogpride.nl\/fr\/wp-json\/wp\/v2\/product_cat?post=80804"},{"taxonomy":"product_tag","embeddable":true,"href":"https:\/\/dogpride.nl\/fr\/wp-json\/wp\/v2\/product_tag?post=80804"}],"curies":[{"name":"wp","href":"https:\/\/api.w.org\/{rel}","templated":true}]}}