{"id":80798,"date":"2022-02-01T10:52:08","date_gmt":"2022-02-01T09:52:08","guid":{"rendered":"https:\/\/www.dogpride.nl\/?post_type=product&#038;p=80798"},"modified":"2025-11-15T10:52:04","modified_gmt":"2025-11-15T09:52:04","slug":"rubber-voet-voor-stok","status":"publish","type":"product","link":"https:\/\/dogpride.nl\/fr\/rubber-voet-voor-stok\/","title":{"rendered":"Pied en caoutchouc pour b\u00e2ton"},"content":{"rendered":"<h4>Pied en caoutchouc pour b\u00e2ton<\/h4>\n<p>Pied en caoutchouc pour b\u00e2ton<\/p>\n<p><strong>Pied rond plat en caoutchouc pour b\u00e2tons d&#039;un diam\u00e8tre de 2,5 cm<\/strong><\/p>\n<p>Ce pied est plus lest\u00e9 et donc tr\u00e8s stable. Le pied en caoutchouc peut \u00eatre utilis\u00e9 aussi bien \u00e0 l&#039;int\u00e9rieur qu&#039;\u00e0 l&#039;ext\u00e9rieur. \u00c0 combiner avec des b\u00e2tons pour cr\u00e9er un parcours de slalom ou d&#039;obstacles pour l&#039;entra\u00eenement d&#039;agilit\u00e9 ou d&#039;agilit\u00e9.<\/p>\n<p><a href=\"https:\/\/dogpride.nl\/fr\/diverse-hondensporten\/agility-obedience\/?product-page=2\"><img loading=\"lazy\" decoding=\"async\" class=\"alignnone\" title=\"Pied en caoutchouc pour b\u00e2ton\" src=\"https:\/\/dogpride.nl\/wp-content\/uploads\/Rubberen-voet-art.-1602-9-150x150.jpg\" alt=\"Rubber voet voor stok\" width=\"150\" height=\"150\" \/><\/a><\/p>\n<h5><strong>Suggestion d&#039;exercice<\/strong>:<\/h5>\n<p>Placez un b\u00e2ton sur le pied en caoutchouc et apprenez au chien \u00e0 marcher \u00e0 gauche et \u00e0 droite autour du b\u00e2ton. Faites-le d&#039;abord avec l&#039;aide d&#039;une friandise dans votre main et essayez-le \u00e0 distance plus tard.<\/p>\n<p>Guidez le chien autour du b\u00e2ton et nommez ce que le chien fait dans le sens des aiguilles d&#039;une montre ou dans le sens inverse des aiguilles d&#039;une montre. Lorsque le chien a ma\u00eetris\u00e9 cet exercice, vous pouvez augmenter la distance du b\u00e2ton et laisser le chien courir tout seul.<\/p>\n<table class=\"product-specification-list\" style=\"height: 166px;\" width=\"745\">\n<tbody>\n<tr>\n<td>Diam\u00e8tre:<\/td>\n<td class=\"\">23cm<\/td>\n<\/tr>\n<tr>\n<td>Hauteur:<\/td>\n<td class=\"\">5cm<\/td>\n<\/tr>\n<tr>\n<td>Colorer):<\/td>\n<td class=\"\">noir<\/td>\n<\/tr>\n<tr>\n<td>Lester:<\/td>\n<td class=\"\">1,1 kg<\/td>\n<\/tr>\n<tr>\n<td>Convient \u00e0:<\/td>\n<td class=\"\">b\u00e2tons d&#039;un diam\u00e8tre de 2,5 cm<\/td>\n<\/tr>\n<tr>\n<td>Prix:<\/td>\n<td class=\"\">par unit\u00e9<\/td>\n<\/tr>\n<\/tbody>\n<\/table>\n<p><a href=\"https:\/\/www.bol.com\/nl\/nl\/b\/mooffz\/16537942\/\" target=\"_blank\" rel=\"noopener\"><img loading=\"lazy\" decoding=\"async\" class=\"alignnone\" title=\"Pied en caoutchouc pour b\u00e2ton\" src=\"https:\/\/dogpride.nl\/wp-content\/uploads\/Rubberen-voet-art.-1602-9-150x150.jpg\" alt=\"Rubber voet voor stok\" width=\"150\" height=\"150\" \/><\/a><\/p>","protected":false},"excerpt":{"rendered":"<p>Ce pied est plus lest\u00e9 et donc tr\u00e8s stable. Le pied en caoutchouc peut \u00eatre utilis\u00e9 aussi bien \u00e0 l&#039;int\u00e9rieur qu&#039;\u00e0 l&#039;ext\u00e9rieur. \u00c0 combiner avec des b\u00e2tons pour cr\u00e9er un parcours de slalom ou d&#039;obstacles pour l&#039;entra\u00eenement d&#039;agilit\u00e9 ou d&#039;agilit\u00e9.<\/p>","protected":false},"featured_media":80799,"template":"","meta":[],"product_brand":[],"product_cat":[2956],"product_tag":[],"class_list":{"0":"post-80798","1":"product","2":"type-product","3":"status-publish","4":"has-post-thumbnail","6":"product_cat-agility-behendigheid","8":"first","9":"instock","10":"taxable","11":"shipping-taxable","12":"purchasable","13":"product-type-simple"},"mb":[],"mfb_rest_fields":["title"],"_links":{"self":[{"href":"https:\/\/dogpride.nl\/fr\/wp-json\/wp\/v2\/product\/80798","targetHints":{"allow":["GET"]}}],"collection":[{"href":"https:\/\/dogpride.nl\/fr\/wp-json\/wp\/v2\/product"}],"about":[{"href":"https:\/\/dogpride.nl\/fr\/wp-json\/wp\/v2\/types\/product"}],"wp:featuredmedia":[{"embeddable":true,"href":"https:\/\/dogpride.nl\/fr\/wp-json\/wp\/v2\/media\/80799"}],"wp:attachment":[{"href":"https:\/\/dogpride.nl\/fr\/wp-json\/wp\/v2\/media?parent=80798"}],"wp:term":[{"taxonomy":"product_brand","embeddable":true,"href":"https:\/\/dogpride.nl\/fr\/wp-json\/wp\/v2\/product_brand?post=80798"},{"taxonomy":"product_cat","embeddable":true,"href":"https:\/\/dogpride.nl\/fr\/wp-json\/wp\/v2\/product_cat?post=80798"},{"taxonomy":"product_tag","embeddable":true,"href":"https:\/\/dogpride.nl\/fr\/wp-json\/wp\/v2\/product_tag?post=80798"}],"curies":[{"name":"wp","href":"https:\/\/api.w.org\/{rel}","templated":true}]}}