{"id":80793,"date":"2022-02-01T10:42:43","date_gmt":"2022-02-01T09:42:43","guid":{"rendered":"https:\/\/www.dogpride.nl\/?post_type=product&#038;p=80793"},"modified":"2025-11-15T10:52:28","modified_gmt":"2025-11-15T09:52:28","slug":"buigzame-houder-slalomstok-met-stalen-pin","status":"publish","type":"product","link":"https:\/\/dogpride.nl\/fr\/buigzame-houder-slalomstok-met-stalen-pin\/","title":{"rendered":"Support flexible pour piquet de slalom avec axe en acier"},"content":{"rendered":"<h4>Support flexible pour piquet de slalom avec axe en acier<\/h4>\n<p>Support flexible pour piquet de slalom avec axe en acier<\/p>\n<p><strong>Support pour b\u00e2tons avec embrayage \u00e0 ressort et goupille en acier pour un parcours de slalom<\/strong><\/p>\n<p>Dans ce grand syst\u00e8me de slalom, vous pouvez assembler les b\u00e2tons d&#039;un diam\u00e8tre de 2,5 cm dans n&#039;importe quelle longueur et couleur souhait\u00e9es (80, 100, 120 cm). Cela vous permet de cr\u00e9er votre propre parcours de slalom.<\/p>\n<p>Le support a un accouplement \u00e0 ressort pour que les b\u00e2tons puissent se plier, et une goupille en acier avec laquelle l&#039;ensemble peut \u00eatre plant\u00e9 dans le sol.<\/p>\n<p><a href=\"https:\/\/dogpride.nl\/fr\/diverse-hondensporten\/agility-obedience\/?product-page=2\"><img loading=\"lazy\" decoding=\"async\" class=\"alignnone\" title=\"Support flexible pour piquet de slalom avec axe en acier\" src=\"https:\/\/dogpride.nl\/wp-content\/uploads\/Houder-slalomstok-art.-1603-2-150x150.jpg\" alt=\"Buigzame houder slalomstok met stalen pin\" width=\"150\" height=\"150\" \/><\/a><\/p>\n<h5><strong>Suggestion d&#039;exercice :<\/strong><\/h5>\n<p>Placez un b\u00e2ton sur le support et apprenez au chien \u00e0 marcher \u00e0 gauche et \u00e0 droite autour du b\u00e2ton. Faites-le d&#039;abord avec l&#039;aide d&#039;une friandise dans votre main et essayez-le \u00e0 distance plus tard.<\/p>\n<p>Guidez le chien autour du b\u00e2ton et nommez ce que le chien fait dans le sens des aiguilles d&#039;une montre ou dans le sens inverse des aiguilles d&#039;une montre.<\/p>\n<p>Lorsque le chien a ma\u00eetris\u00e9 cet exercice, vous pouvez augmenter la distance du b\u00e2ton et laisser le chien courir tout seul.<\/p>\n<ul>\n<li>Les b\u00e2tons ne sont pas fournis avec les supports, mais peuvent \u00eatre command\u00e9s s\u00e9par\u00e9ment.<\/li>\n<li>Longueur : 32 cm, longueur axe en acier 14 cm<\/li>\n<li>Mat\u00e9riau : polypropyl\u00e8ne et tige en acier<\/li>\n<\/ul>\n<p><strong>Deze buigzame houders worden per stuk verkocht!<\/strong><\/p>\n<p><a href=\"https:\/\/www.bol.com\/nl\/nl\/b\/mooffz\/16537942\/\" target=\"_blank\" rel=\"noopener\"><img loading=\"lazy\" decoding=\"async\" class=\"alignnone\" title=\"Support flexible pour piquet de slalom avec axe en acier\" src=\"https:\/\/dogpride.nl\/wp-content\/uploads\/Houder-slalomstok-art.-1603-3-150x150.jpg\" alt=\"Buigzame houder slalomstok met stalen pin\" width=\"150\" height=\"150\" \/><\/a><\/p>","protected":false},"excerpt":{"rendered":"<p>Buigzame houder slalomstok met stalen pin.In dit geweldige slalomsysteem kun je de stokken monteren met een doorsnede van 2,5 cm in elke gewenste lengte en kleur (80, 100, 120 cm) en daarmee een eigen slalom parcours opzetten.<\/p>","protected":false},"featured_media":80794,"template":"","meta":[],"product_brand":[],"product_cat":[2956],"product_tag":[],"class_list":{"0":"post-80793","1":"product","2":"type-product","3":"status-publish","4":"has-post-thumbnail","6":"product_cat-agility-behendigheid","8":"first","9":"instock","10":"taxable","11":"shipping-taxable","12":"purchasable","13":"product-type-simple"},"mb":[],"mfb_rest_fields":["title"],"_links":{"self":[{"href":"https:\/\/dogpride.nl\/fr\/wp-json\/wp\/v2\/product\/80793","targetHints":{"allow":["GET"]}}],"collection":[{"href":"https:\/\/dogpride.nl\/fr\/wp-json\/wp\/v2\/product"}],"about":[{"href":"https:\/\/dogpride.nl\/fr\/wp-json\/wp\/v2\/types\/product"}],"wp:featuredmedia":[{"embeddable":true,"href":"https:\/\/dogpride.nl\/fr\/wp-json\/wp\/v2\/media\/80794"}],"wp:attachment":[{"href":"https:\/\/dogpride.nl\/fr\/wp-json\/wp\/v2\/media?parent=80793"}],"wp:term":[{"taxonomy":"product_brand","embeddable":true,"href":"https:\/\/dogpride.nl\/fr\/wp-json\/wp\/v2\/product_brand?post=80793"},{"taxonomy":"product_cat","embeddable":true,"href":"https:\/\/dogpride.nl\/fr\/wp-json\/wp\/v2\/product_cat?post=80793"},{"taxonomy":"product_tag","embeddable":true,"href":"https:\/\/dogpride.nl\/fr\/wp-json\/wp\/v2\/product_tag?post=80793"}],"curies":[{"name":"wp","href":"https:\/\/api.w.org\/{rel}","templated":true}]}}