{"id":80788,"date":"2022-02-01T10:32:08","date_gmt":"2022-02-01T09:32:08","guid":{"rendered":"https:\/\/www.dogpride.nl\/?post_type=product&#038;p=80788"},"modified":"2025-11-15T10:59:40","modified_gmt":"2025-11-15T09:59:40","slug":"horden-systeem-voor-aan-stok","status":"publish","type":"product","link":"https:\/\/dogpride.nl\/fr\/horden-systeem-voor-aan-stok\/","title":{"rendered":"Syst\u00e8me de haies pour b\u00e2ton"},"content":{"rendered":"<h4 class=\"title\">Syst\u00e8me de haies pour b\u00e2ton<\/h4>\n<p class=\"title\">Syst\u00e8me de haies pour b\u00e2ton<\/p>\n<p><strong>Syst\u00e8me d&#039;obstacles simple pour le dressage des chiens<\/strong><\/p>\n<p>Le syst\u00e8me de haies se compose d&#039;un ensemble de deux clips que vous pouvez attacher \u00e0 un poteau de gymnastique \u00e0 n&#039;importe quelle hauteur souhait\u00e9e. Le syst\u00e8me de haies a 6 hauteurs diff\u00e9rentes, vous pouvez donc choisir une hauteur adapt\u00e9e \u00e0 chaque chien.<\/p>\n<p><a href=\"https:\/\/dogpride.nl\/fr\/diverse-hondensporten\/agility-obedience\/?product-page=2\"><img loading=\"lazy\" decoding=\"async\" class=\"alignnone\" title=\"Syst\u00e8me de haies pour b\u00e2ton\" src=\"https:\/\/dogpride.nl\/wp-content\/uploads\/Horden-systeem-stok-art.-1604-6-150x150.jpg\" alt=\"Horden systeem voor aan stok\" width=\"150\" height=\"150\" \/><\/a><\/p>\n<p>Belle addition \u00e0 un parcours pour chien pour l&#039;entra\u00eenement d&#039;agilit\u00e9. Les clips sont tr\u00e8s l\u00e9gers, donc tr\u00e8s faciles \u00e0 transporter.<\/p>\n<p><strong>Sauter:<\/strong>\u00a0Wil je de hond laten springen over een stok, bouw dit dan altijd rustig op. Voeg het signaal &#8216;hoog&#8217; pas toe als de hond het springen beheerst, en geef het signaal dan in eerste instantie op het moment dat de hond springt.<br \/>\nDwing je hond nooit. Wil de hond niet, probeer dan samen met je hond over de hindernis te springen.<\/p>\n<ul>\n<li>Geef de hond ruimte voor een goede afzet en landing en leer de hond netjes in het midden over de hindernis te springen. Hoogtesprongen kun je op allerlei manieren opbouwen.<br \/>\nZo ontstaat er voor de hond steeds weer een nieuwe (leer)situatie. Visueel maakt dit voor de hond nogal wat uit of je 1 of meerder stokken gebruikt.<\/li>\n<\/ul>\n<table class=\"product-specification-list\" style=\"height: 136px;\" width=\"644\">\n<tbody>\n<tr>\n<td>Longueur:<\/td>\n<td class=\"\">28cm<\/td>\n<\/tr>\n<tr>\n<td>Largeur:<\/td>\n<td class=\"\">4,5 cm<\/td>\n<\/tr>\n<tr>\n<td>Mat\u00e9riel:<\/td>\n<td class=\"\">plastique r\u00e9sistant aux intemp\u00e9ries<\/td>\n<\/tr>\n<tr>\n<td>Lester:<\/td>\n<td class=\"\">85 grammes<\/td>\n<\/tr>\n<tr>\n<td>ensemble:<\/td>\n<td class=\"\">\u00e0 partir de 10<\/td>\n<\/tr>\n<\/tbody>\n<\/table>\n<p><a href=\"https:\/\/www.bol.com\/nl\/nl\/b\/mooffz\/16537942\/\" target=\"_blank\" rel=\"noopener\"><img loading=\"lazy\" decoding=\"async\" class=\"alignnone\" title=\"Syst\u00e8me de haies pour b\u00e2ton\" src=\"https:\/\/dogpride.nl\/wp-content\/uploads\/Horden-systeem-stok-art.-1604-6-150x150.jpg\" alt=\"Horden systeem voor aan stok\" width=\"150\" height=\"150\" \/><\/a><\/p>","protected":false},"excerpt":{"rendered":"<p>Het Horden systeem voor aan stok, bestaat uit een set van twee clips die je op elke gewenste hoogte van een turnstok kunt bevestigen. Het hordensysteem heeft 6 verschillende hoogtes, dus voor iedere hond kies je een geschikte hoogte.<\/p>","protected":false},"featured_media":80789,"template":"","meta":[],"product_brand":[],"product_cat":[2956],"product_tag":[],"class_list":{"0":"post-80788","1":"product","2":"type-product","3":"status-publish","4":"has-post-thumbnail","6":"product_cat-agility-behendigheid","8":"first","9":"instock","10":"taxable","11":"shipping-taxable","12":"purchasable","13":"product-type-simple"},"mb":[],"mfb_rest_fields":["title"],"_links":{"self":[{"href":"https:\/\/dogpride.nl\/fr\/wp-json\/wp\/v2\/product\/80788","targetHints":{"allow":["GET"]}}],"collection":[{"href":"https:\/\/dogpride.nl\/fr\/wp-json\/wp\/v2\/product"}],"about":[{"href":"https:\/\/dogpride.nl\/fr\/wp-json\/wp\/v2\/types\/product"}],"wp:featuredmedia":[{"embeddable":true,"href":"https:\/\/dogpride.nl\/fr\/wp-json\/wp\/v2\/media\/80789"}],"wp:attachment":[{"href":"https:\/\/dogpride.nl\/fr\/wp-json\/wp\/v2\/media?parent=80788"}],"wp:term":[{"taxonomy":"product_brand","embeddable":true,"href":"https:\/\/dogpride.nl\/fr\/wp-json\/wp\/v2\/product_brand?post=80788"},{"taxonomy":"product_cat","embeddable":true,"href":"https:\/\/dogpride.nl\/fr\/wp-json\/wp\/v2\/product_cat?post=80788"},{"taxonomy":"product_tag","embeddable":true,"href":"https:\/\/dogpride.nl\/fr\/wp-json\/wp\/v2\/product_tag?post=80788"}],"curies":[{"name":"wp","href":"https:\/\/api.w.org\/{rel}","templated":true}]}}