{"id":80781,"date":"2022-02-01T10:25:08","date_gmt":"2022-02-01T09:25:08","guid":{"rendered":"https:\/\/www.dogpride.nl\/?post_type=product&#038;p=80781"},"modified":"2025-11-15T11:10:52","modified_gmt":"2025-11-15T10:10:52","slug":"horden-systeem-voor-pion","status":"publish","type":"product","link":"https:\/\/dogpride.nl\/fr\/horden-systeem-voor-pion\/","title":{"rendered":"Syst\u00e8me de haies pour le pion"},"content":{"rendered":"<h4>Syst\u00e8me de haies pour le pion<\/h4>\n<p>Syst\u00e8me de haies pour le pion<\/p>\n<p><strong>Un syst\u00e8me simple pour construire des haies<\/strong><\/p>\n<p>Dit Horden systeem voor pion bestaat uit een set van twee houders die op een 30 of een 50 cm pion kunnen worden bevestigd (pionnen niet meegeleverd).<br \/>\nDe houders kunnen op verschillende hoogten op de pion worden afgesteld, hierdoor heb je veel variatie mogelijkheden.<\/p>\n<p><a href=\"https:\/\/dogpride.nl\/fr\/diverse-hondensporten\/agility-obedience\/?product-page=2\"><img loading=\"lazy\" decoding=\"async\" class=\"alignnone\" title=\"Syst\u00e8me de haies pour le pion\" src=\"https:\/\/dogpride.nl\/wp-content\/uploads\/Horden-systeem-pion-1616-1605-3-150x150.jpg\" alt=\"Horden systeem voor pion\" width=\"150\" height=\"150\" \/><\/a><\/p>\n<p>Parce que le b\u00e2ton tombe du support au contact, c&#039;est un syst\u00e8me tr\u00e8s s\u00fbr !<\/p>\n<p>Une hauteur appropri\u00e9e peut \u00eatre choisie pour chaque chien. Belle addition \u00e0 un cours de chien et \u00e0 une formation d&#039;agilit\u00e9. Les supports sont tr\u00e8s l\u00e9gers, donc tr\u00e8s faciles \u00e0 transporter.<\/p>\n<p><strong>Sauter:<\/strong> Wil je de hond laten springen over een stok, bouw dit dan altijd rustig op. Voeg het signaal &#8216;hoog&#8217; pas toe als de hond het springen beheerst en geef het signaal dan in eerste instantie op het moment dat de hond springt.<br \/>\nDwing je hond nooit. Wil de hond niet, probeer dan samen met je hond over de hindernis te springen.<\/p>\n<h5>Donnez au chien de la place pour un bon d\u00e9collage et atterrissage et apprenez-lui \u00e0 sauter proprement au milieu de l&#039;obstacle.<\/h5>\n<p>Vous pouvez construire des sauts en hauteur de toutes sortes de fa\u00e7ons. Cela cr\u00e9e une nouvelle situation (d&#039;apprentissage) pour le chien. Visuellement, cela fait une grande diff\u00e9rence pour le chien que vous utilisiez 1 ou plusieurs b\u00e2tons.<\/p>\n<p>Disponible en deux versions.<\/p>\n<ul>\n<li>M \u2013 Pour pion de 30 cm<\/li>\n<li>L \u2013 Pour pion de 50 cm<\/li>\n<\/ul>\n<p><a href=\"https:\/\/www.bol.com\/nl\/nl\/b\/mooffz\/16537942\/\" target=\"_blank\" rel=\"noopener\"><img loading=\"lazy\" decoding=\"async\" class=\"alignnone\" title=\"Syst\u00e8me de haies pour le pion\" src=\"https:\/\/dogpride.nl\/wp-content\/uploads\/Horden-systeem-pion-1616-1605-3-150x150.jpg\" alt=\"Horden systeem voor pion\" width=\"150\" height=\"150\" \/><\/a><\/p>\n<table class=\"product-specification-list\" style=\"height: 127px;\" width=\"1646\">\n<tbody>\n<tr>\n<td>Taille:<\/td>\n<td class=\"\">entre supports 5 cm<\/td>\n<\/tr>\n<tr>\n<td>Longueur:<\/td>\n<td class=\"\">Longueur du syst\u00e8me de haies pour le c\u00f4ne de 30 cm : 36 cm et r\u00e9glable \u00e0 8 hauteurs diff\u00e9rentes Longueur du syst\u00e8me de haies pour le c\u00f4ne de 50 cm : 45 cm et r\u00e9glable \u00e0 10 hauteurs diff\u00e9rentes<\/td>\n<\/tr>\n<tr>\n<td>Mat\u00e9riel:<\/td>\n<td class=\"\">Plastique<\/td>\n<\/tr>\n<tr>\n<td>ensemble:<\/td>\n<td class=\"\">van 2<\/td>\n<\/tr>\n<\/tbody>\n<\/table>","protected":false},"excerpt":{"rendered":"<p>Dit Horden systeem voor pion bestaat uit een set van twee houders die op een 30 of een 50 cm pion kunnen worden bevestigd (pionnen niet meegeleverd). De houders kunnen op verschillende hoogten op de pion worden afgesteld.<\/p>","protected":false},"featured_media":80782,"template":"","meta":[],"product_brand":[],"product_cat":[2956],"product_tag":[],"class_list":{"0":"post-80781","1":"product","2":"type-product","3":"status-publish","4":"has-post-thumbnail","6":"product_cat-agility-behendigheid","8":"first","9":"instock","10":"taxable","11":"shipping-taxable","12":"purchasable","13":"product-type-variable"},"mb":[],"mfb_rest_fields":["title"],"_links":{"self":[{"href":"https:\/\/dogpride.nl\/fr\/wp-json\/wp\/v2\/product\/80781","targetHints":{"allow":["GET"]}}],"collection":[{"href":"https:\/\/dogpride.nl\/fr\/wp-json\/wp\/v2\/product"}],"about":[{"href":"https:\/\/dogpride.nl\/fr\/wp-json\/wp\/v2\/types\/product"}],"wp:featuredmedia":[{"embeddable":true,"href":"https:\/\/dogpride.nl\/fr\/wp-json\/wp\/v2\/media\/80782"}],"wp:attachment":[{"href":"https:\/\/dogpride.nl\/fr\/wp-json\/wp\/v2\/media?parent=80781"}],"wp:term":[{"taxonomy":"product_brand","embeddable":true,"href":"https:\/\/dogpride.nl\/fr\/wp-json\/wp\/v2\/product_brand?post=80781"},{"taxonomy":"product_cat","embeddable":true,"href":"https:\/\/dogpride.nl\/fr\/wp-json\/wp\/v2\/product_cat?post=80781"},{"taxonomy":"product_tag","embeddable":true,"href":"https:\/\/dogpride.nl\/fr\/wp-json\/wp\/v2\/product_tag?post=80781"}],"curies":[{"name":"wp","href":"https:\/\/api.w.org\/{rel}","templated":true}]}}