{"id":80775,"date":"2022-02-01T09:51:19","date_gmt":"2022-02-01T08:51:19","guid":{"rendered":"https:\/\/www.dogpride.nl\/?post_type=product&#038;p=80775"},"modified":"2025-11-15T11:15:32","modified_gmt":"2025-11-15T10:15:32","slug":"multifunctionele-clip-voor-hoepels-en-stokken","status":"publish","type":"product","link":"https:\/\/dogpride.nl\/fr\/multifunctionele-clip-voor-hoepels-en-stokken\/","title":{"rendered":"Clip multifonctionnel pour cerceaux et b\u00e2tons"},"content":{"rendered":"<h4>Clip multifonctionnel pour cerceaux et b\u00e2tons<\/h4>\n<p>Clip multifonctionnel pour cerceaux et b\u00e2tons<\/p>\n<p>Un clip de fixation multifonctionnel pour connecter les b\u00e2tons et les cerceaux ensemble. Convient aux combinaisons stick-stick et stick-flat hoop ou stick-round hula hoop. Parce que le clip peut \u00eatre tourn\u00e9 \u00e0 360 degr\u00e9s, le cerceau peut \u00eatre plac\u00e9 \u00e0 la fois horizontalement et verticalement.<\/p>\n<p><a href=\"https:\/\/dogpride.nl\/fr\/diverse-hondensporten\/agility-obedience\/?product-page=2\"><img loading=\"lazy\" decoding=\"async\" class=\"alignnone\" title=\"Clip multifonctionnel pour cerceaux et b\u00e2tons\" src=\"https:\/\/dogpride.nl\/wp-content\/uploads\/Multifunctionele-clip-art.-1606-13-150x150.jpg\" alt=\"Multifunctionele Clip voor hoepels en stokken\" width=\"80\" height=\"80\" \/><\/a><\/p>\n<p>Avec l&#039;aide de ces clips, vous pouvez cr\u00e9er un parcours ou un obstacle.<\/p>\n<table class=\"product-specification-list\" style=\"height: 122px;\" width=\"372\">\n<tbody>\n<tr>\n<td>Colorer):<\/td>\n<td class=\"\">noir<\/td>\n<\/tr>\n<tr>\n<td>Mat\u00e9riel:<\/td>\n<td class=\"\">360 degr\u00e9s rotatif<\/td>\n<\/tr>\n<tr>\n<td>Lester:<\/td>\n<td class=\"\">22 grammes<\/td>\n<\/tr>\n<tr>\n<td>Prix:<\/td>\n<td class=\"\">per 2 stuks<\/td>\n<\/tr>\n<\/tbody>\n<\/table>\n<p><a href=\"https:\/\/www.bol.com\/nl\/nl\/b\/mooffz\/16537942\/\" target=\"_blank\" rel=\"noopener\"><img loading=\"lazy\" decoding=\"async\" class=\"alignnone\" title=\"Clip multifonctionnel pour cerceaux et b\u00e2tons\" src=\"https:\/\/dogpride.nl\/wp-content\/uploads\/Multifunctionele-clip-art.-1606-10-150x150.jpg\" alt=\"Multifunctionele Clip voor hoepels en stokken\" width=\"90\" height=\"90\" \/><\/a><\/p>","protected":false},"excerpt":{"rendered":"<p>Un clip de fixation multifonctionnel pour connecter les b\u00e2tons et les cerceaux ensemble. Convient aux combinaisons stick-stick et stick-flat hoop ou stick-round hula hoop.<\/p>","protected":false},"featured_media":80777,"template":"","meta":[],"product_brand":[],"product_cat":[2956],"product_tag":[],"class_list":{"0":"post-80775","1":"product","2":"type-product","3":"status-publish","4":"has-post-thumbnail","6":"product_cat-agility-behendigheid","8":"first","9":"instock","10":"taxable","11":"shipping-taxable","12":"purchasable","13":"product-type-simple"},"mb":[],"mfb_rest_fields":["title"],"_links":{"self":[{"href":"https:\/\/dogpride.nl\/fr\/wp-json\/wp\/v2\/product\/80775","targetHints":{"allow":["GET"]}}],"collection":[{"href":"https:\/\/dogpride.nl\/fr\/wp-json\/wp\/v2\/product"}],"about":[{"href":"https:\/\/dogpride.nl\/fr\/wp-json\/wp\/v2\/types\/product"}],"wp:featuredmedia":[{"embeddable":true,"href":"https:\/\/dogpride.nl\/fr\/wp-json\/wp\/v2\/media\/80777"}],"wp:attachment":[{"href":"https:\/\/dogpride.nl\/fr\/wp-json\/wp\/v2\/media?parent=80775"}],"wp:term":[{"taxonomy":"product_brand","embeddable":true,"href":"https:\/\/dogpride.nl\/fr\/wp-json\/wp\/v2\/product_brand?post=80775"},{"taxonomy":"product_cat","embeddable":true,"href":"https:\/\/dogpride.nl\/fr\/wp-json\/wp\/v2\/product_cat?post=80775"},{"taxonomy":"product_tag","embeddable":true,"href":"https:\/\/dogpride.nl\/fr\/wp-json\/wp\/v2\/product_tag?post=80775"}],"curies":[{"name":"wp","href":"https:\/\/api.w.org\/{rel}","templated":true}]}}