{"id":80770,"date":"2022-02-01T09:40:43","date_gmt":"2022-02-01T08:40:43","guid":{"rendered":"https:\/\/www.dogpride.nl\/?post_type=product&#038;p=80770"},"modified":"2026-04-21T15:33:55","modified_gmt":"2026-04-21T13:33:55","slug":"educ-o-disks-targetschijven-set-van-4","status":"publish","type":"product","link":"https:\/\/dogpride.nl\/fr\/educ-o-disks-targetschijven-set-van-4\/","title":{"rendered":"Disques cibles Educ o Disks lot de 4"},"content":{"rendered":"<h4>Disques cibles Educ o Disks lot de 4<\/h4>\n<p>Disques cibles Educ o Disks lot de 4<\/p>\n<p><strong>L&#039;entra\u00eenement cibl\u00e9 peut \u00eatre une fa\u00e7on amusante et attrayante d&#039;apprendre \u00e0 votre chien \u00e0 marcher sur un endroit d\u00e9sign\u00e9 et \u00e0 rester \u00e0 un certain endroit.<\/strong><\/p>\n<p>Utilisez les disques cibles pour d\u00e9placer le chien d&#039;une cible \u00e0 l&#039;autre. De cette fa\u00e7on, enseignez les commandes &#039;restez&#039;, &#039;va-t&#039;en&#039; ou &#039;va l\u00e0-bas&#039;.<\/p>\n<p><a href=\"https:\/\/dogpride.nl\/fr\/diverse-hondensporten\/agility-obedience\/?product-page=2\"><img loading=\"lazy\" decoding=\"async\" class=\"alignnone\" title=\"Disques cibles Educ o Disks lot de 4\" src=\"https:\/\/dogpride.nl\/wp-content\/uploads\/Educ-o-disk-targetschijven-art.-10111-1-150x150.jpg\" alt=\"Educ o Disks targetschijven set van 4\" width=\"150\" height=\"150\" \/><\/a><\/p>\n<p>Utilisez une friandise ou un clicker pour r\u00e9compenser le chien lorsqu&#039;il montre de l&#039;int\u00e9r\u00eat pour le disque cible. Si le chien peut toucher les cibles lorsqu&#039;elles sont au sol, il peut aider avec d&#039;autres mat\u00e9riaux d&#039;\u00e9quilibre. Vous pouvez \u00e9galement utiliser les disques pour faire avancer le chien en ligne droite sur une s\u00e9rie d&#039;obstacles (par exemple des cerceaux ou des sauts).<\/p>\n<p>Vous pouvez \u00e9galement placer 2 disques cibles de chaque c\u00f4t\u00e9 d&#039;une boule de cacahu\u00e8te. Apprenez au chien \u00e0 placer deux pattes avant sur les disques cibles. Ensuite, 4 disques cibles peuvent \u00eatre plac\u00e9s sur le dessus de la balle cacahu\u00e8te et le chien doit se tenir debout sur 4 disques cibles et une balle cacahu\u00e8te. Si ce n&#039;est pas un d\u00e9fi !<\/p>\n<p>Les disques cibles sont fabriqu\u00e9s dans un mat\u00e9riau antid\u00e9rapant, ce qui offre une adh\u00e9rence suppl\u00e9mentaire. Peut \u00eatre utilis\u00e9 avec divers mat\u00e9riels d&#039;exercice.<\/p>\n<ul>\n<li>Remarque : utilisez les disques cibles uniquement comme mat\u00e9riel d&#039;entra\u00eenement et guidez le chien avec une balle cacahu\u00e8te. Ne laissez pas le chien seul, cela \u00e9vite les blessures et la possibilit\u00e9 qu&#039;il puisse d\u00e9truire le mat\u00e9riel.<\/li>\n<\/ul>\n<table class=\"product-specification-list\" style=\"height: 114px;\" width=\"582\">\n<tbody>\n<tr>\n<td>Diam\u00e8tre:<\/td>\n<td class=\"\">21cm<\/td>\n<\/tr>\n<tr>\n<td>Mat\u00e9riel:<\/td>\n<td class=\"\">antid\u00e9rapant, 1 face nervur\u00e9e et une face lisse<\/td>\n<\/tr>\n<tr>\n<td>ensemble:<\/td>\n<td class=\"\">\u00e0 partir de 4<\/td>\n<\/tr>\n<\/tbody>\n<\/table>\n<p><a href=\"https:\/\/www.bol.com\/nl\/nl\/b\/mooffz\/16537942\/\" target=\"_blank\" rel=\"noopener\"><img loading=\"lazy\" decoding=\"async\" class=\"alignnone\" title=\"Disques cibles Educ o Disks lot de 4\" src=\"https:\/\/dogpride.nl\/wp-content\/uploads\/Educ-o-disk-targetschijven-art.-10111-1-150x150.jpg\" alt=\"Educ o Disks targetschijven set van 4\" width=\"150\" height=\"150\" \/><\/a><\/p>","protected":false},"excerpt":{"rendered":"<p>Target training kan een leuke en boeiende manier zijn om je hond te leren stappen op een aangewezen plek en op een bepaalde plek te blijven staan. Educ o Disks targetschijven set van 4<\/p>","protected":false},"featured_media":80772,"template":"","meta":[],"product_brand":[],"product_cat":[2956],"product_tag":[],"class_list":{"0":"post-80770","1":"product","2":"type-product","3":"status-publish","4":"has-post-thumbnail","6":"product_cat-agility-behendigheid","8":"first","9":"instock","10":"taxable","11":"shipping-taxable","12":"purchasable","13":"product-type-simple"},"mb":[],"mfb_rest_fields":["title"],"_links":{"self":[{"href":"https:\/\/dogpride.nl\/fr\/wp-json\/wp\/v2\/product\/80770","targetHints":{"allow":["GET"]}}],"collection":[{"href":"https:\/\/dogpride.nl\/fr\/wp-json\/wp\/v2\/product"}],"about":[{"href":"https:\/\/dogpride.nl\/fr\/wp-json\/wp\/v2\/types\/product"}],"wp:featuredmedia":[{"embeddable":true,"href":"https:\/\/dogpride.nl\/fr\/wp-json\/wp\/v2\/media\/80772"}],"wp:attachment":[{"href":"https:\/\/dogpride.nl\/fr\/wp-json\/wp\/v2\/media?parent=80770"}],"wp:term":[{"taxonomy":"product_brand","embeddable":true,"href":"https:\/\/dogpride.nl\/fr\/wp-json\/wp\/v2\/product_brand?post=80770"},{"taxonomy":"product_cat","embeddable":true,"href":"https:\/\/dogpride.nl\/fr\/wp-json\/wp\/v2\/product_cat?post=80770"},{"taxonomy":"product_tag","embeddable":true,"href":"https:\/\/dogpride.nl\/fr\/wp-json\/wp\/v2\/product_tag?post=80770"}],"curies":[{"name":"wp","href":"https:\/\/api.w.org\/{rel}","templated":true}]}}