{"id":80765,"date":"2022-02-01T09:30:40","date_gmt":"2022-02-01T08:30:40","guid":{"rendered":"https:\/\/www.dogpride.nl\/?post_type=product&#038;p=80765"},"modified":"2026-02-02T08:04:01","modified_gmt":"2026-02-02T07:04:01","slug":"mooffz-targetschijven-set-van-8","status":"publish","type":"product","link":"https:\/\/dogpride.nl\/fr\/mooffz-targetschijven-set-van-8\/","title":{"rendered":"Disques cibles Mooffz lot de 8"},"content":{"rendered":"<h4>Disques cibles Mooffz lot de 8<\/h4>\n<p>Disques cibles Mooffz lot de 8<\/p>\n<p><strong>Apprenez \u00e0 votre chien \u00e0 toucher une \u00ab cible \u00bb avec son nez ou sa patte. Touche!<\/strong><\/p>\n<p>Commencez \u00e0 offrir le disque \u00e0 la main. D\u00e8s que le chien touche le disque avec son nez, dites \u00ab\u00a0touch\u00a0\u00bb. Posez ensuite le disque sur le sol et voyez si le chien veut aussi toucher ce disque. D\u00e8s que le chien le touche avec son nez, dites &quot;touche&quot; et r\u00e9compensez le chien. Utilisez une friandise ou un clicker pour r\u00e9compenser votre chien lorsqu&#039;il montre de l&#039;int\u00e9r\u00eat pour le disque cible.<\/p>\n<p>Wat ook een leuke oefening is, is de Mooffz targetschijven set van 8 tegen bijvoorbeeld een meubelstuk te houden bijvoorbeeld \u2018touch\u2019 bank. Probeer vervolgens de targetschijf ertussen uit te halen. Je kunt zo de hond meerdere objecten leren benoemen.<\/p>\n<p>Vous pouvez maintenant commencer \u00e0 utiliser les disques cibles pour envoyer le chien d&#039;une cible \u00e0 l&#039;autre et le faire rester \u00e0 un certain endroit. Un autre exercice agr\u00e9able consiste \u00e0 prendre un disque cible dans la main et \u00e0 marcher un peu. Essayez d&#039;amener le chien \u00e0 toucher le disque cible avec son nez tout en marchant. Avant de vous en rendre compte, vous aurez un bel exercice de suivi\u00a0!<\/p>\n<p>DeMooffz targetschijven set van 8 zijn soepele schijfjes gevuld met een klein beetje lucht. Voor puppy\u2019s is dit een leuke eerste voorbereiding voor een balanskussen. Laat ze maar eens met de voorpootjes op 2 schijven gaan staan.<\/p>\n<ul>\n<li>Remarque : utilisez uniquement les disques cibles comme mat\u00e9riel de formation. Si vous tenez le disque dans votre main, emp\u00eachez le chien de le mordre.<\/li>\n<\/ul>\n<table class=\"product-specification-list\">\n<tbody>\n<tr>\n<td>Diam\u00e8tre:<\/td>\n<td class=\"\">disques : 9,5 cm<\/td>\n<\/tr>\n<tr>\n<td>Mat\u00e9riel:<\/td>\n<td class=\"\">antid\u00e9rapant<\/td>\n<\/tr>\n<tr>\n<td>ensemble:<\/td>\n<td class=\"\">de 8\u00a0: 2x vert, 2x jaune, 2x bleu, 2x rouge<\/td>\n<\/tr>\n<\/tbody>\n<\/table>\n<p>&nbsp;<\/p>\n<p><a href=\"https:\/\/dogpride.nl\/fr\/?s=targetschijven&amp;post_type=product\"><img loading=\"lazy\" decoding=\"async\" class=\"alignnone\" title=\"Disques cibles Mooffz lot de 8\" src=\"https:\/\/dogpride.nl\/wp-content\/uploads\/Mooffz-targetschijven-art.-10136-1-scaled.jpg\" alt=\"Mooffz targetschijven set van 8\" width=\"413\" height=\"275\" \/><\/a><\/p>\n<p><span style=\"color: #ffffff;\"><a style=\"color: #ffffff;\" href=\"https:\/\/www.alprovi.nl\/mooffz?srsltid=AfmBOoq3odzdYtTJ-3cxNa-9Fijo56NJJ5nHsourSATXqyIk1HVuseLC\" target=\"_blank\" rel=\"noopener\">https:\/\/www.alprovi.nl\/mooffz?srsltid=AfmBOoq3odzdYtTJ-3cxNa-9Fijo56NJJ5nHsourSATXqyIk1HVuseLC<\/a><\/span><\/p>\n<p><iframe loading=\"lazy\" title=\"Trainingsmaterialen mogelijkheden met de Mooffz targetschijf - Sport en Spel voor Dieren\" width=\"1290\" height=\"726\" src=\"https:\/\/www.youtube.com\/embed\/6Dl7600tHBY?feature=oembed\" frameborder=\"0\" allow=\"accelerometer; autoplay; clipboard-write; encrypted-media; gyroscope; picture-in-picture; web-share\" referrerpolicy=\"strict-origin-when-cross-origin\" allowfullscreen><\/iframe><\/p>","protected":false},"excerpt":{"rendered":"<p>Commencez \u00e0 offrir le disque \u00e0 la main. D\u00e8s que le chien touche le disque avec son nez, dites \u00ab\u00a0touch\u00a0\u00bb. Posez ensuite le disque sur le sol et voyez si le chien veut aussi toucher ce disque.<\/p>","protected":false},"featured_media":80766,"template":"","meta":[],"product_brand":[],"product_cat":[2956],"product_tag":[],"class_list":{"0":"post-80765","1":"product","2":"type-product","3":"status-publish","4":"has-post-thumbnail","6":"product_cat-agility-behendigheid","8":"first","9":"instock","10":"taxable","11":"shipping-taxable","12":"purchasable","13":"product-type-simple"},"mb":[],"mfb_rest_fields":["title"],"_links":{"self":[{"href":"https:\/\/dogpride.nl\/fr\/wp-json\/wp\/v2\/product\/80765","targetHints":{"allow":["GET"]}}],"collection":[{"href":"https:\/\/dogpride.nl\/fr\/wp-json\/wp\/v2\/product"}],"about":[{"href":"https:\/\/dogpride.nl\/fr\/wp-json\/wp\/v2\/types\/product"}],"wp:featuredmedia":[{"embeddable":true,"href":"https:\/\/dogpride.nl\/fr\/wp-json\/wp\/v2\/media\/80766"}],"wp:attachment":[{"href":"https:\/\/dogpride.nl\/fr\/wp-json\/wp\/v2\/media?parent=80765"}],"wp:term":[{"taxonomy":"product_brand","embeddable":true,"href":"https:\/\/dogpride.nl\/fr\/wp-json\/wp\/v2\/product_brand?post=80765"},{"taxonomy":"product_cat","embeddable":true,"href":"https:\/\/dogpride.nl\/fr\/wp-json\/wp\/v2\/product_cat?post=80765"},{"taxonomy":"product_tag","embeddable":true,"href":"https:\/\/dogpride.nl\/fr\/wp-json\/wp\/v2\/product_tag?post=80765"}],"curies":[{"name":"wp","href":"https:\/\/api.w.org\/{rel}","templated":true}]}}