{"id":80391,"date":"2022-01-27T09:59:36","date_gmt":"2022-01-27T08:59:36","guid":{"rendered":"https:\/\/www.dogpride.nl\/?post_type=product&#038;p=80391"},"modified":"2025-11-26T08:35:05","modified_gmt":"2025-11-26T07:35:05","slug":"lets-sleep-donut-50cm","status":"publish","type":"product","link":"https:\/\/dogpride.nl\/fr\/lets-sleep-donut-50cm\/","title":{"rendered":"Donut Dormons 50cm"},"content":{"rendered":"<h4>Donut Dormons 50cm<\/h4>\n<p>Donut Dormons 50cm<\/p>\n<p>Tout le chemin \u00e0 partir de maintenant; ce panier de beignets moelleux\u00a0!<br \/>\nSp\u00e9cialement d\u00e9velopp\u00e9 pour se d\u00e9tendre et bien dormir.<\/p>\n<p>Un endroit agr\u00e9able pour dormir\/se reposer \u00e9vite beaucoup de stress et garantit que les chiens se sentent imm\u00e9diatement \u00e0 l&#039;aise.<br \/>\nLa forme ronde en beignet garantit que les animaux domestiques peuvent s&#039;y allonger confortablement dans n&#039;importe quelle position.<br \/>\nLe mat\u00e9riau doux donne imm\u00e9diatement une sensation agr\u00e9able et agr\u00e9able en toute s\u00e9curit\u00e9. Convient \u00e9galement tr\u00e8s bien aux chiots !<\/p>\n<p>Parce qu&#039;il n&#039;y a pas de bords durs dans le beignet, il est \u00e9galement id\u00e9al pour les animaux ayant des probl\u00e8mes articulaires.<br \/>\nLe beau design de ce panier \u00e0 beignets est parfait dans n&#039;importe quel int\u00e9rieur.<\/p>\n<ul>\n<li>Super doux, merveilleusement chaud et confortable<\/li>\n<li>D\u00e9velopp\u00e9 en collaboration avec des v\u00e9t\u00e9rinaires et d&#039;autres professionnels<\/li>\n<li>Le fond a une couche antid\u00e9rapante<\/li>\n<li>Disponible en diff\u00e9rentes couleurs<\/li>\n<li>Convient aux chiens et aux chats<\/li>\n<li>Grand confort<\/li>\n<li>R\u00e9duit le stress<\/li>\n<\/ul>\n<p><strong>Formaat Let&#8217;s Sleep Donut 50cm<\/strong><br \/>\nM \u2013 \u00f8 50 cm<br \/>\nL \u2013 \u00f8 60 cm<br \/>\nXL \u2013 \u00f8 80 cm<br \/>\nXXL \u2013 \u00f8 100 cm<\/p>\n<p>&nbsp;<\/p>\n<p><a href=\"https:\/\/dogpride.nl\/fr\/hondenmanden\/manden-matrassen\/\"><img loading=\"lazy\" decoding=\"async\" class=\"alignnone\" title=\"Donut Dormons 50cm\" src=\"https:\/\/dogpride.nl\/wp-content\/uploads\/LETS379C2-let-s-sleep-donut-50-cm-bruin-150x150.webp\" alt=\"Let's Sleep Donut 50cm\" width=\"150\" height=\"150\" \/><\/a><\/p>\n<p><span style=\"color: #ffffff;\"><a style=\"color: #ffffff;\" href=\"https:\/\/www.bol.com\/nl\/nl\/p\/let-s-sleep-donut-m-50-cm-lichtgrijs\/9300000043425316\/?Referrer=ADVNLGOO002049-S---PMAX-C-22298708857&amp;gad_source=1&amp;gad_campaignid=22305485965&amp;gbraid=0AAAAAD5OnmNzK9bBTu7fz2HegxLVnwQw7&amp;gclid=Cj0KCQiAxJXJBhD_ARIsAH_JGjhe5Z1EXQAT8tUq8J70zeO9YthVy79c-4bi8V66SLB-0ZMEDl3qEMUaAhvDEALw_wcB\" target=\"_blank\" rel=\"noopener\">https:\/\/www.bol.com\/nl\/nl\/p\/let-s-sleep-donut-m-50-cm-lichtgrijs\/9300000043425316\/?Referrer=ADVNLGOO002049-S&#8212;PMAX-C-22298708857&amp;gad_source=1&amp;gad_campaignid=22305485965&amp;gbraid=0AAAAAD5OnmNzK9bBTu7fz2HegxLVnwQw7&amp;gclid=Cj0KCQiAxJXJBhD_ARIsAH_JGjhe5Z1EXQAT8tUq8J70zeO9YthVy79c-4bi8V66SLB-0ZMEDl3qEMUaAhvDEALw_wcB<\/a><\/span><\/p>\n<p>&nbsp;<\/p>","protected":false},"excerpt":{"rendered":"<p>Un endroit agr\u00e9able pour dormir\/se reposer \u00e9vite beaucoup de stress et garantit que les chiens se sentent imm\u00e9diatement \u00e0 l&#039;aise. Le mat\u00e9riau doux donne imm\u00e9diatement une sensation agr\u00e9able et agr\u00e9able en toute s\u00e9curit\u00e9. Convient \u00e9galement tr\u00e8s bien aux chiots !<\/p>","protected":false},"featured_media":80392,"template":"","meta":[],"product_brand":[],"product_cat":[307],"product_tag":[5251,5250,5252],"class_list":{"0":"post-80391","1":"product","2":"type-product","3":"status-publish","4":"has-post-thumbnail","6":"product_cat-hondenmanden-en-matrassen","7":"product_tag-donut","8":"product_tag-lets-sleep","9":"product_tag-o50-cm","11":"first","12":"instock","13":"taxable","14":"shipping-taxable","15":"purchasable","16":"product-type-variable"},"exclude_global_add_ons":[],"addons":[],"mb":[],"mfb_rest_fields":["title","exclude_global_add_ons","addons"],"_links":{"self":[{"href":"https:\/\/dogpride.nl\/fr\/wp-json\/wp\/v2\/product\/80391","targetHints":{"allow":["GET"]}}],"collection":[{"href":"https:\/\/dogpride.nl\/fr\/wp-json\/wp\/v2\/product"}],"about":[{"href":"https:\/\/dogpride.nl\/fr\/wp-json\/wp\/v2\/types\/product"}],"wp:featuredmedia":[{"embeddable":true,"href":"https:\/\/dogpride.nl\/fr\/wp-json\/wp\/v2\/media\/80392"}],"wp:attachment":[{"href":"https:\/\/dogpride.nl\/fr\/wp-json\/wp\/v2\/media?parent=80391"}],"wp:term":[{"taxonomy":"product_brand","embeddable":true,"href":"https:\/\/dogpride.nl\/fr\/wp-json\/wp\/v2\/product_brand?post=80391"},{"taxonomy":"product_cat","embeddable":true,"href":"https:\/\/dogpride.nl\/fr\/wp-json\/wp\/v2\/product_cat?post=80391"},{"taxonomy":"product_tag","embeddable":true,"href":"https:\/\/dogpride.nl\/fr\/wp-json\/wp\/v2\/product_tag?post=80391"}],"curies":[{"name":"wp","href":"https:\/\/api.w.org\/{rel}","templated":true}]}}