{"id":79957,"date":"2022-01-21T16:07:32","date_gmt":"2022-01-21T15:07:32","guid":{"rendered":"https:\/\/www.dogpride.nl\/?post_type=product&#038;p=79957"},"modified":"2025-11-26T10:49:54","modified_gmt":"2025-11-26T09:49:54","slug":"mypado-dakstabilisatie-dog-cave","status":"publish","type":"product","link":"https:\/\/dogpride.nl\/fr\/mypado-dakstabilisatie-dog-cave\/","title":{"rendered":"MYPADO Stabilisation de toit Dog Cave"},"content":{"rendered":"<h4>MYPADO Stabilisation de toit Dog Cave<\/h4>\n<p>MYPADO Stabilisation de toit Dog Cave<\/p>\n<div class=\"right\">\n<p>Notre stabilisation de toit assure encore plus de stabilit\u00e9 \u00e0 la construction du toit. Apr\u00e8s assemblage, la stabilisation est simplement plac\u00e9e dans la grotte du chien. Presque invisible, le toit est maintenu stable au sommet.<\/p>\n<h4>MAT\u00c9RIEL<\/h4>\n<ul>\n<li>Plastique<\/li>\n<\/ul>\n<h4>LES PARTICULARIT\u00c9S<\/h4>\n<ul>\n<li>Revient \u00e0 sa forme d&#039;origine<\/li>\n<\/ul>\n<h4>CONTENU DE LA LIVRAISON<\/h4>\n<ul>\n<li>Stabilisation de toit (d\u00e9mont\u00e9)<\/li>\n<\/ul>\n<p>COMPATIBLE AVEC<\/p>\n<ul>\n<li>Coquille de grotte de chien<\/li>\n<li>Grotte pour chien Luola<\/li>\n<\/ul>\n<p><strong>TAILLES DISPONIBLES:<\/strong><\/p>\n<ul>\n<li><span id=\"groessespan\">S \u2013 diam\u00e8tre 60 cm<\/span><\/li>\n<li>M \u2013 diam\u00e8tre 75 cm<\/li>\n<li>L \u2013 diam\u00e8tre 90 cm<\/li>\n<li>XL \u2013 diam\u00e8tre 120 cm<\/li>\n<\/ul>\n<p><a href=\"https:\/\/dogpride.nl\/wp-admin\/post.php?post=79604&amp;action=edit\"><img loading=\"lazy\" decoding=\"async\" class=\"alignnone\" title=\"MYPADO Stabilisation de toit Dog Cave\" src=\"https:\/\/dogpride.nl\/wp-content\/uploads\/hundehoehle-shell-fakefur-graubeige-12_1280x1280-150x150.jpg\" alt=\"MYPADO Dakstabilisatie Dog Cave\" width=\"150\" height=\"150\" \/><\/a><\/p>\n<p><a href=\"https:\/\/www.mypado.de\/\" target=\"_blank\" rel=\"noopener\"><img loading=\"lazy\" decoding=\"async\" class=\"alignnone wp-image-144946 size-full\" src=\"https:\/\/dogpride.nl\/wp-content\/uploads\/logo-mypad-2.jpg\" alt=\"\" width=\"197\" height=\"75\" srcset=\"https:\/\/dogpride.nl\/wp-content\/uploads\/logo-mypad-2.jpg 197w, https:\/\/dogpride.nl\/wp-content\/uploads\/logo-mypad-2-18x7.jpg 18w\" sizes=\"auto, (max-width: 197px) 100vw, 197px\" \/><\/a><\/p>\n<\/div>","protected":false},"excerpt":{"rendered":"<p>Notre stabilisation de toit assure encore plus de stabilit\u00e9 \u00e0 la construction du toit. Apr\u00e8s assemblage, la stabilisation est simplement plac\u00e9e dans la grotte du chien. Presque invisible, le toit est maintenu stable au sommet.<\/p>","protected":false},"featured_media":79958,"template":"","meta":[],"product_brand":[],"product_cat":[3462],"product_tag":[14849,8104],"class_list":{"0":"post-79957","1":"product","2":"type-product","3":"status-publish","4":"has-post-thumbnail","6":"product_cat-mypado-accessoires","7":"product_tag-dakstabilisatie","8":"product_tag-dog-cave","10":"first","11":"instock","12":"taxable","13":"shipping-taxable","14":"purchasable","15":"product-type-variable"},"mb":[],"mfb_rest_fields":["title"],"_links":{"self":[{"href":"https:\/\/dogpride.nl\/fr\/wp-json\/wp\/v2\/product\/79957","targetHints":{"allow":["GET"]}}],"collection":[{"href":"https:\/\/dogpride.nl\/fr\/wp-json\/wp\/v2\/product"}],"about":[{"href":"https:\/\/dogpride.nl\/fr\/wp-json\/wp\/v2\/types\/product"}],"wp:featuredmedia":[{"embeddable":true,"href":"https:\/\/dogpride.nl\/fr\/wp-json\/wp\/v2\/media\/79958"}],"wp:attachment":[{"href":"https:\/\/dogpride.nl\/fr\/wp-json\/wp\/v2\/media?parent=79957"}],"wp:term":[{"taxonomy":"product_brand","embeddable":true,"href":"https:\/\/dogpride.nl\/fr\/wp-json\/wp\/v2\/product_brand?post=79957"},{"taxonomy":"product_cat","embeddable":true,"href":"https:\/\/dogpride.nl\/fr\/wp-json\/wp\/v2\/product_cat?post=79957"},{"taxonomy":"product_tag","embeddable":true,"href":"https:\/\/dogpride.nl\/fr\/wp-json\/wp\/v2\/product_tag?post=79957"}],"curies":[{"name":"wp","href":"https:\/\/api.w.org\/{rel}","templated":true}]}}