{"id":79810,"date":"2022-01-20T13:59:59","date_gmt":"2022-01-20T12:59:59","guid":{"rendered":"https:\/\/www.dogpride.nl\/?post_type=product&#038;p=79810"},"modified":"2025-10-21T14:24:32","modified_gmt":"2025-10-21T12:24:32","slug":"recon-k9-floatation-harnas","status":"publish","type":"product","link":"https:\/\/dogpride.nl\/fr\/recon-k9-floatation-harnas\/","title":{"rendered":"Harnais RECON K9 FLOATATION"},"content":{"rendered":"<h4>Harnais RECON K9 FLOATATION<\/h4>\n<p>Harnais RECON K9 FLOATATION<\/p>\n<p><strong><span class=\"VIiyi\" lang=\"fr\"><span class=\"JLqJ4b ChMk0b\">Ce harnais pour chien est une aide \u00e0 la flottabilit\u00e9 pour les chiens.\u00a0<\/span><\/span><\/strong><\/p>\n<p><span class=\"VIiyi\" lang=\"fr\"><span class=\"JLqJ4b ChMk0b\">Le CFD (Canine Flotation Device) offre une flottabilit\u00e9 positive \u00e0 votre chien dans un gilet s\u00fbr et bien ajust\u00e9.<\/span><\/span><\/p>\n<p><span class=\"VIiyi\" lang=\"fr\"><span class=\"JLqJ4b ChMk0b\">Le gilet est con\u00e7u de mani\u00e8re ergonomique pour fonctionner avec votre gilet tactique ou seul.<\/span><br \/>\n<span class=\"JLqJ4b ChMk0b\">La conception unique offre une gamme compl\u00e8te de mouvements avec une mousse \u00e0 cellules ferm\u00e9es strat\u00e9giquement plac\u00e9e pour garder votre chien centr\u00e9 et ses mouvements sous contr\u00f4le.\u00a0<\/span><\/span><\/p>\n<p><span class=\"VIiyi\" lang=\"fr\"><span class=\"JLqJ4b ChMk0b\">Colorer:\u00a0<\/span><span class=\"JLqJ4b ChMk0b\">\u00a0Coyote, cam\u00e9ra multiple\u00a0<\/span><\/span><\/p>\n<p><span class=\"VIiyi\" lang=\"fr\"><span class=\"JLqJ4b ChMk0b\">Petite taille,<\/span><span class=\"JLqJ4b ChMk0b\">\u00a0Moyen et Grand <\/span><\/span><\/p>\n<p><span class=\"VIiyi\" lang=\"fr\"><span class=\"JLqJ4b ChMk0b\"><strong>Caract\u00e9ristiques:<\/strong>\u00a0<\/span><\/span><\/p>\n<ul>\n<li><span class=\"VIiyi\" lang=\"fr\"><span class=\"JLqJ4b ChMk0b\">Cordura Mil Spec 1000 deniers\u00a0<\/span><\/span><\/li>\n<li><span class=\"VIiyi\" lang=\"fr\"><span class=\"JLqJ4b ChMk0b\">4 rang\u00e9es de MOLLE de chaque c\u00f4t\u00e9, y compris la poitrine de plaque arri\u00e8re pour de nombreuses utilisations comme accessoire\u00a0<\/span><\/span><\/li>\n<li><span class=\"VIiyi\" lang=\"fr\"><span class=\"JLqJ4b ChMk0b\">Boucles Fast Tek s\u00e9curis\u00e9es de 2\u2033 avec fermeture Velcro pour un enfilage et un retrait rapides<\/span><\/span><\/li>\n<\/ul>\n<p><strong>Tableaux des tailles\u00a0:<\/strong><\/p>\n<p><img loading=\"lazy\" decoding=\"async\" class=\"alignnone size-full wp-image-79814\" src=\"https:\/\/www.dogpride.nl\/wp-content\/uploads\/verybig-5571-4.jpg\" alt=\"RECON K9 Maattabel\" width=\"520\" height=\"520\" srcset=\"https:\/\/dogpride.nl\/wp-content\/uploads\/verybig-5571-4.jpg 520w, https:\/\/dogpride.nl\/wp-content\/uploads\/verybig-5571-4-250x250.jpg 250w, https:\/\/dogpride.nl\/wp-content\/uploads\/verybig-5571-4-100x100.jpg 100w, https:\/\/dogpride.nl\/wp-content\/uploads\/verybig-5571-4-400x400.jpg 400w, https:\/\/dogpride.nl\/wp-content\/uploads\/verybig-5571-4-300x300.jpg 300w, https:\/\/dogpride.nl\/wp-content\/uploads\/verybig-5571-4-150x150.jpg 150w, https:\/\/dogpride.nl\/wp-content\/uploads\/verybig-5571-4-66x66.jpg 66w, https:\/\/dogpride.nl\/wp-content\/uploads\/verybig-5571-4-200x200.jpg 200w\" sizes=\"auto, (max-width: 520px) 100vw, 520px\" \/> <img loading=\"lazy\" decoding=\"async\" class=\"alignnone size-full wp-image-79813\" src=\"https:\/\/www.dogpride.nl\/wp-content\/uploads\/verybig-5571-3.jpg\" alt=\"RECON K9 Maattabel\" width=\"520\" height=\"520\" srcset=\"https:\/\/dogpride.nl\/wp-content\/uploads\/verybig-5571-3.jpg 520w, https:\/\/dogpride.nl\/wp-content\/uploads\/verybig-5571-3-250x250.jpg 250w, https:\/\/dogpride.nl\/wp-content\/uploads\/verybig-5571-3-100x100.jpg 100w, https:\/\/dogpride.nl\/wp-content\/uploads\/verybig-5571-3-400x400.jpg 400w, https:\/\/dogpride.nl\/wp-content\/uploads\/verybig-5571-3-300x300.jpg 300w, https:\/\/dogpride.nl\/wp-content\/uploads\/verybig-5571-3-150x150.jpg 150w, https:\/\/dogpride.nl\/wp-content\/uploads\/verybig-5571-3-66x66.jpg 66w, https:\/\/dogpride.nl\/wp-content\/uploads\/verybig-5571-3-200x200.jpg 200w\" sizes=\"auto, (max-width: 520px) 100vw, 520px\" \/><\/p>\n<p>&nbsp;<\/p>","protected":false},"excerpt":{"rendered":"<p><span class=\"VIiyi\" lang=\"fr\"><span class=\"JLqJ4b ChMk0b\">La conception unique offre une gamme compl\u00e8te de mouvements avec une mousse \u00e0 cellules ferm\u00e9es strat\u00e9giquement plac\u00e9e pour garder votre chien centr\u00e9 et ses mouvements sous contr\u00f4le.\u00a0<\/span><\/span><\/p>","protected":false},"featured_media":79811,"template":"","meta":[],"product_brand":[],"product_cat":[2814],"product_tag":[],"class_list":{"0":"post-79810","1":"product","2":"type-product","3":"status-publish","4":"has-post-thumbnail","6":"product_cat-hondenharnassen","8":"first","9":"instock","10":"taxable","11":"shipping-taxable","12":"purchasable","13":"product-type-variable"},"mb":[],"mfb_rest_fields":["title"],"_links":{"self":[{"href":"https:\/\/dogpride.nl\/fr\/wp-json\/wp\/v2\/product\/79810","targetHints":{"allow":["GET"]}}],"collection":[{"href":"https:\/\/dogpride.nl\/fr\/wp-json\/wp\/v2\/product"}],"about":[{"href":"https:\/\/dogpride.nl\/fr\/wp-json\/wp\/v2\/types\/product"}],"wp:featuredmedia":[{"embeddable":true,"href":"https:\/\/dogpride.nl\/fr\/wp-json\/wp\/v2\/media\/79811"}],"wp:attachment":[{"href":"https:\/\/dogpride.nl\/fr\/wp-json\/wp\/v2\/media?parent=79810"}],"wp:term":[{"taxonomy":"product_brand","embeddable":true,"href":"https:\/\/dogpride.nl\/fr\/wp-json\/wp\/v2\/product_brand?post=79810"},{"taxonomy":"product_cat","embeddable":true,"href":"https:\/\/dogpride.nl\/fr\/wp-json\/wp\/v2\/product_cat?post=79810"},{"taxonomy":"product_tag","embeddable":true,"href":"https:\/\/dogpride.nl\/fr\/wp-json\/wp\/v2\/product_tag?post=79810"}],"curies":[{"name":"wp","href":"https:\/\/api.w.org\/{rel}","templated":true}]}}