{"id":79454,"date":"2022-01-12T12:50:05","date_gmt":"2022-01-12T11:50:05","guid":{"rendered":"https:\/\/www.dogpride.nl\/?post_type=product&#038;p=79454"},"modified":"2026-01-06T16:42:59","modified_gmt":"2026-01-06T15:42:59","slug":"dogwalk-aluminium-honden-helling","status":"publish","type":"product","link":"https:\/\/dogpride.nl\/fr\/dogwalk-aluminium-honden-helling\/","title":{"rendered":"DOGWALK Aluminium Honden helling"},"content":{"rendered":"<h4>DOGWALK Aluminium Honden helling<\/h4>\n<p>DOGWALK Aluminium Honden helling.<br \/>\nMet de T\u00dcV-geteste honden helling DOGWALK is in- en uitstappen nu handiger en gewrichtsvriendelijker voor de viervoetige passagiers.<\/p>\n<p>Een\u00a0DOGWALK Aluminium Honden helling\u00a0stelt uw trouwe viervoeter in staat om elk type voertuig onafhankelijk in en uit te stappen en bespaart u als eigenaar het moeizame tillen, wat vooral handig is voor grote en zware hondenrassen.<br \/>\nOudere of gewrichtszieke honden, evenals jonge, angstige of kleine honden profiteren van de speciaal instelbare toegangshulp, omdat het uw viervoeter een gewrichtszacht en pijnvrij overwinnen van trappen, verhoogde slaapplaatsen of banken biedt.<\/p>\n<p><a href=\"https:\/\/dogpride.nl\/fr\/hondenmanden\/travelmat\/\"><img loading=\"lazy\" decoding=\"async\" class=\"alignnone\" title=\"DOGWALK Aluminium Honden helling\" src=\"https:\/\/dogpride.nl\/wp-content\/uploads\/Hunderampe-dogwalk3-02.jpg\" alt=\"DOGWALK Aluminium Honden helling\" width=\"151\" height=\"113\" \/><\/a><\/p>\n<p>De DOGWALK hondenhelling behoort tot de hogere klasse van hellingen en is &#8217;s werelds eerste hondenhelling met T\u00dcV-goedkeuring.<\/p>\n<p>Het sterk gestructureerde loopvlak zorgt voor een stevige en veilige kick en biedt stabiele ondersteuning, zelfs in de regen of natte poten. De oprijplaat is gemaakt van aluminium en kunststof mix en weegt daardoor slechts zo&#8217;n 5,5 kilogram.<br \/>\nDe uitschuif- en intrek is traploos instelbaar en garandeert een eenvoudige bediening.<\/p>\n<p>Apr\u00e8s utilisation, la rampe peut \u00eatre facilement et rapidement rapproch\u00e9e jusqu&#039;\u00e0 une longueur maximale de 73 cm et convient aux chiens jusqu&#039;\u00e0 85 kg.<\/p>\n<p>Dankzij het flexibele telescopische mechanisme en de traploos variabele afstelling van de hellingbaan kan de instaphoek worden aangepast aan een breed scala aan eisen.<br \/>\nSchuimkussens op de schuine contactoppervlakken voorkomen dat de oprijplaat wegglijdt. Zo wordt uw autolak of het oppervlak van uw meubels beschermd en worden tegelijkertijd krassen voorkomen.<\/p>\n<p><img loading=\"lazy\" decoding=\"async\" class=\"alignnone\" title=\"DOGWALK Aluminium Honden helling\" src=\"https:\/\/dogpride.nl\/wp-content\/uploads\/hunderampe-dogwalk-aluminium-01-150x150.jpg\" alt=\"DOGWALK Aluminium Hondenhelling\" width=\"150\" height=\"150\" \/><\/p>\n<h4>TOUS LES D\u00c9TAILS DU PRODUIT<\/h4>\n<div class=\"left\">MAT\u00c9RIEL<\/div>\n<div class=\"right\">\n<ul>\n<li>M\u00e9lange moderne d&#039;aluminium et de plastique<\/li>\n<\/ul>\n<h4>Taille<\/h4>\n<ul>\n<li>M-73cm-163cm<\/li>\n<li>L-83cm-193cm<\/li>\n<\/ul>\n<h4>INFORMATIONS COMPL\u00c9MENTAIRES<\/h4>\n<ul>\n<li>Rampe pour chien t\u00e9lescopique en trois parties de haute qualit\u00e9<\/li>\n<li>Antid\u00e9rapant de la surface de course et donc maintien plus s\u00fbr, m\u00eame sous la pluie<\/li>\n<li>incl. sac de transport pratique<\/li>\n<li>Surface de contact avec rembourrage en mousse contre le glissement de la rampe et les rayures sur le pare-chocs<\/li>\n<li>Convient jusqu&#039;\u00e0 85 kg<\/li>\n<li>Gain de place pour stocker<\/li>\n<li>Longueur r\u00e9glable \u00e0 l&#039;infini<\/li>\n<\/ul>\n<h4>QUALIT\u00c9<\/h4>\n<ul>\n<li>FABRIQU\u00c9 EN ALLEMAGNE<\/li>\n<li>Production certifi\u00e9e ISO 9001 avec approbation T\u00fcV<\/li>\n<\/ul>\n<p>&nbsp;<\/p>\n<p><a href=\"https:\/\/www.mypado.de\/\" target=\"_blank\" rel=\"noopener\"><img loading=\"lazy\" decoding=\"async\" class=\"alignnone wp-image-144946 size-full\" title=\"DOGWALK Aluminium Honden helling\" src=\"https:\/\/dogpride.nl\/wp-content\/uploads\/logo-mypad-2.jpg\" alt=\"DOGWALK Aluminium Honden helling\" width=\"197\" height=\"75\" srcset=\"https:\/\/dogpride.nl\/wp-content\/uploads\/logo-mypad-2.jpg 197w, https:\/\/dogpride.nl\/wp-content\/uploads\/logo-mypad-2-18x7.jpg 18w\" sizes=\"auto, (max-width: 197px) 100vw, 197px\" \/><\/a><\/p>\n<p>&nbsp;<\/p>\n<\/div>","protected":false},"excerpt":{"rendered":"<p><strong>DOGWALK Aluminium Honden helling.<\/strong>\u00a0Une rampe pour chien permet \u00e0 votre ami \u00e0 quatre pattes d&#039;entrer et de sortir de n&#039;importe quel type de v\u00e9hicule de mani\u00e8re autonome et vous \u00e9vite, en tant que propri\u00e9taire, des levages fastidieux, ce qui est particuli\u00e8rement utile pour les races de chiens grandes et lourdes.<\/p>","protected":false},"featured_media":79455,"template":"","meta":[],"product_brand":[],"product_cat":[3440],"product_tag":[5128,9004,9005,3288],"class_list":{"0":"post-79454","1":"product","2":"type-product","3":"status-publish","4":"has-post-thumbnail","6":"product_cat-travelmat","7":"product_tag-aluminium","8":"product_tag-dogwalk","9":"product_tag-helling","10":"product_tag-honden","12":"first","13":"instock","14":"taxable","15":"shipping-taxable","16":"purchasable","17":"product-type-variable"},"mb":[],"mfb_rest_fields":["title"],"_links":{"self":[{"href":"https:\/\/dogpride.nl\/fr\/wp-json\/wp\/v2\/product\/79454","targetHints":{"allow":["GET"]}}],"collection":[{"href":"https:\/\/dogpride.nl\/fr\/wp-json\/wp\/v2\/product"}],"about":[{"href":"https:\/\/dogpride.nl\/fr\/wp-json\/wp\/v2\/types\/product"}],"wp:featuredmedia":[{"embeddable":true,"href":"https:\/\/dogpride.nl\/fr\/wp-json\/wp\/v2\/media\/79455"}],"wp:attachment":[{"href":"https:\/\/dogpride.nl\/fr\/wp-json\/wp\/v2\/media?parent=79454"}],"wp:term":[{"taxonomy":"product_brand","embeddable":true,"href":"https:\/\/dogpride.nl\/fr\/wp-json\/wp\/v2\/product_brand?post=79454"},{"taxonomy":"product_cat","embeddable":true,"href":"https:\/\/dogpride.nl\/fr\/wp-json\/wp\/v2\/product_cat?post=79454"},{"taxonomy":"product_tag","embeddable":true,"href":"https:\/\/dogpride.nl\/fr\/wp-json\/wp\/v2\/product_tag?post=79454"}],"curies":[{"name":"wp","href":"https:\/\/api.w.org\/{rel}","templated":true}]}}