{"id":79392,"date":"2022-01-12T11:27:40","date_gmt":"2022-01-12T10:27:40","guid":{"rendered":"https:\/\/www.dogpride.nl\/?post_type=product&#038;p=79392"},"modified":"2025-11-26T16:15:54","modified_gmt":"2025-11-26T15:15:54","slug":"autohondenbed-travelmat-one-voorstoel","status":"publish","type":"product","link":"https:\/\/dogpride.nl\/fr\/autohondenbed-travelmat-one-voorstoel\/","title":{"rendered":"Lit de voiture pour chien Travelmat\u00ae ONE si\u00e8ge avant"},"content":{"rendered":"<h4>Lit de voiture pour chien Travelmat\u00ae ONE si\u00e8ge avant<\/h4>\n<p>Lit pour chien de voiture Travelmat\u00ae ONE si\u00e8ge avant.<\/p>\n<p><strong>VOYAGEZ CONFORTABLEMENT, S\u00dbR ET PROPRE \u2013 AVEC TRAVELMAT\u00ae ONE VS<\/strong><\/p>\n<p>Vous ne voulez que le meilleur pour votre chien ET votre voiture ? Nous le comprenons et sommes fiers de vous pr\u00e9senter notre innovation r\u00e9ussie TRAVELMAT\u00ae ONE VS. Un trajet en voiture avec un chien n&#039;a jamais \u00e9t\u00e9 aussi confortable et doux pour votre ami \u00e0 quatre pattes. Et l&#039;int\u00e9rieur de votre v\u00e9hicule n&#039;a jamais \u00e9t\u00e9 aussi beau !<\/p>\n<p>Apr\u00e8s une promenade pluvieuse dans les bois en voiture ? Virages serr\u00e9s ou freinage brusque ? Des chaises sales et des poils de chien partout ? Tout le monde conna\u00eet les particularit\u00e9s de la relation entre votre ami \u00e0 quatre pattes et votre v\u00e9hicule : c&#039;est compliqu\u00e9. Avec TRAVELMAT\u00ae tout sera diff\u00e9rent maintenant !<\/p>\n<p>Autohondenbed Travelmat\u00ae ONE voorstoel is gemaakt van een extreem vuilbestendig en gemakkelijk te reinigen leren bovenwerk. Het afneembare ligvlak van TRAVELMAT\u00ae ONE is zacht en aaibaar voor maximaal comfort.<br \/>\nLes bords lat\u00e9raux hauts fermement rembourr\u00e9s offrent un soutien et une protection optimaux \u00e0 votre fid\u00e8le ami pendant la conduite.<\/p>\n<p>Les pi\u00e8ces s\u00e9lectionn\u00e9es sont rembourr\u00e9es et deviennent un meuble rembourr\u00e9 au design plus qu&#039;attrayant gr\u00e2ce \u00e0 des passepoils et des contrastes de couleurs sportifs et modernes. En plus de cet accroche-regard optique, l&#039;ensemble du mat\u00e9riau - \u00e0 la fois le cuir artificiel et les composants en tissu - est extr\u00eamement r\u00e9sistant \u00e0 l&#039;usure et a une haute r\u00e9sistance \u00e0 l&#039;abrasion. Ou en d&#039;autres termes :<\/p>\n<h4>le style de la plus haute qualit\u00e9 rencontre la durabilit\u00e9 la plus robuste.<\/h4>\n<p>La longue b\u00e2che matelass\u00e9e attach\u00e9e prot\u00e8ge votre si\u00e8ge avant ou arri\u00e8re de la salet\u00e9 et des poils de chien. La fixation s&#039;effectue via une sangle, qui est fix\u00e9e \u00e0 l&#039;appui-t\u00eate au moyen d&#039;une boucle enfichable.<\/p>\n<p>Het beproefde TRAVELMAT \u00ae gordelsysteem zorgt voor extra veiligheid. Met de direct ge\u00efntegreerde veiligheidsgordel voorkomt u onzorgvuldig uitspringen en zorgt u zo voor een allround veilige rit van uw hond in het voertuig. U blijft volledig flexibel in de specifieke toepassing: uw Autohondenbed Travelmat\u00ae ONE voorstoel\u00a0 incl. gordelsysteem wordt geleverd met twee sleuven in de buitenwand en de juiste gordel voor de voor- of achterbank.<\/p>\n<div class=\"content--title\">\n<h4>ALLE PRODUCTDETAILS van de Autohondenbed Travelmat\u00ae ONE voorstoel.<\/h4>\n<\/div>\n<h4 class=\"left\">MAT\u00c9RIEL ET ENTRETIEN<\/h4>\n<div class=\"right\">\n<ul>\n<li>Capuchon sup\u00e9rieur : polyester 100%<\/li>\n<li>Rev\u00eatement sup\u00e9rieur : cuir synth\u00e9tique PU 100%<\/li>\n<li>Hydrofuge et anti-salissures<\/li>\n<li>Particuli\u00e8rement r\u00e9sistant et r\u00e9sistant, mais doux et confortable \u00e0 tenir<\/li>\n<li>Housse amovible avec fermeture \u00e9clair cousue<\/li>\n<\/ul>\n<h4>REMPLISSAGE<\/h4>\n<ul>\n<li>Coussin int\u00e9rieur : remplissage standard en mousse solide de 5 cm<\/li>\n<li>Jante : Mousse solide 5cm<\/li>\n<\/ul>\n<h4>LES PARTICULARIT\u00c9S<\/h4>\n<ul>\n<li>Passepoil circonf\u00e9rentiel (accent de couleur)<\/li>\n<li>Coussin int\u00e9rieur amovible<\/li>\n<li>Bords lat\u00e9raux hauts - Remplissage stable<\/li>\n<\/ul>\n<h4>CONTENU DE LA LIVRAISON<\/h4>\n<ul>\n<li>Tapis de voyage\u00ae ONE<\/li>\n<li>Syst\u00e8me de sangle Travelmat\u00ae en 2 parties<\/li>\n<\/ul>\n<p><strong>COULEURS DISPONIBLES:<\/strong><span id=\"farbespan\"> Jet Black, Black Grey, Black Sand, Coffee Black, Dark White, Nougat Brown, Pepper Black, Silverline Black, Brown Copper, Silver Grey, Brown Cream, Silver Copper<\/span><\/p>\n<h3>TAILLES DISPONIBLES:<\/h3>\n<ul>\n<li>M \u2013 L1 45cm \/ D1 45cm \/ H1 30cm \/ L2 40cm \/ D2 40cm \/ H2 25cm \/ P 45cm<\/li>\n<li><span id=\"groessespan\">L \u2013 L1 55cm \/ D1 55cm \/ H1 35cm \/ L2 50cm \/ D2 50cm \/ H2 30cm \/ P 40cm<\/span><\/li>\n<\/ul>\n<p><a href=\"https:\/\/dogpride.nl\/fr\/hondenmanden\/travelmat\/\"><img loading=\"lazy\" decoding=\"async\" class=\"alignnone\" title=\"Lit de voiture pour chien Travelmat\u00ae ONE si\u00e8ge avant\" src=\"https:\/\/dogpride.nl\/wp-content\/uploads\/travelmat-one-vs-silvercooper-02-150x150.png\" alt=\"Autohondenbed Travelmat\u00ae ONE voorstoel\" width=\"150\" height=\"150\" \/><\/a><\/p>\n<p><a href=\"https:\/\/www.mypado.de\/\" target=\"_blank\" rel=\"noopener\"><img loading=\"lazy\" decoding=\"async\" class=\"alignnone wp-image-144946 size-full\" src=\"https:\/\/dogpride.nl\/wp-content\/uploads\/logo-mypad-2.jpg\" alt=\"\" width=\"197\" height=\"75\" srcset=\"https:\/\/dogpride.nl\/wp-content\/uploads\/logo-mypad-2.jpg 197w, https:\/\/dogpride.nl\/wp-content\/uploads\/logo-mypad-2-18x7.jpg 18w\" sizes=\"auto, (max-width: 197px) 100vw, 197px\" \/><\/a><\/p>\n<p>&nbsp;<\/p>\n<\/div>","protected":false},"excerpt":{"rendered":"<p>Een autorit met een hond is nog nooit zo comfortabel en zacht geweest voor je viervoeter. En nog nooit zag het interieur van uw voertuig er zo goed uit! Autohondenbed Travelmat\u00ae ONE voorstoel.<\/p>","protected":false},"featured_media":79434,"template":"","meta":[],"product_brand":[],"product_cat":[3440],"product_tag":[7234,3348,7620,7235,7621],"class_list":{"0":"post-79392","1":"product","2":"type-product","3":"status-publish","4":"has-post-thumbnail","6":"product_cat-travelmat","7":"product_tag-auto","8":"product_tag-hondenmand","9":"product_tag-one","10":"product_tag-travelmat","11":"product_tag-voorstoel","12":"product_shipping_class-groot-pakket","14":"first","15":"instock","16":"taxable","17":"shipping-taxable","18":"purchasable","19":"product-type-variable"},"mb":[],"mfb_rest_fields":["title"],"_links":{"self":[{"href":"https:\/\/dogpride.nl\/fr\/wp-json\/wp\/v2\/product\/79392","targetHints":{"allow":["GET"]}}],"collection":[{"href":"https:\/\/dogpride.nl\/fr\/wp-json\/wp\/v2\/product"}],"about":[{"href":"https:\/\/dogpride.nl\/fr\/wp-json\/wp\/v2\/types\/product"}],"wp:featuredmedia":[{"embeddable":true,"href":"https:\/\/dogpride.nl\/fr\/wp-json\/wp\/v2\/media\/79434"}],"wp:attachment":[{"href":"https:\/\/dogpride.nl\/fr\/wp-json\/wp\/v2\/media?parent=79392"}],"wp:term":[{"taxonomy":"product_brand","embeddable":true,"href":"https:\/\/dogpride.nl\/fr\/wp-json\/wp\/v2\/product_brand?post=79392"},{"taxonomy":"product_cat","embeddable":true,"href":"https:\/\/dogpride.nl\/fr\/wp-json\/wp\/v2\/product_cat?post=79392"},{"taxonomy":"product_tag","embeddable":true,"href":"https:\/\/dogpride.nl\/fr\/wp-json\/wp\/v2\/product_tag?post=79392"}],"curies":[{"name":"wp","href":"https:\/\/api.w.org\/{rel}","templated":true}]}}