{"id":79387,"date":"2022-01-12T10:14:45","date_gmt":"2022-01-12T09:14:45","guid":{"rendered":"https:\/\/www.dogpride.nl\/?post_type=product&#038;p=79387"},"modified":"2025-11-26T16:17:40","modified_gmt":"2025-11-26T15:17:40","slug":"hondenhek-roadmaster-deluxe","status":"publish","type":"product","link":"https:\/\/dogpride.nl\/fr\/hondenhek-roadmaster-deluxe\/","title":{"rendered":"Barri\u00e8re pour chien Roadmaster Deluxe"},"content":{"rendered":"<h4>Barri\u00e8re pour chien Roadmaster Deluxe<\/h4>\n<p>Barri\u00e8re pour chien Roadmaster Deluxe. Ce pare-chien prot\u00e8ge tous les occupants, aussi bien les passagers \u00e0 deux qu&#039;\u00e0 quatre pattes.<\/p>\n<p>Un pare-chien garantit que le conducteur n&#039;est pas distrait par les animaux et emp\u00eache les amis \u00e0 quatre pattes d&#039;\u00eatre catapult\u00e9s dans l&#039;habitacle en cas d&#039;accident.<\/p>\n<p>Fabriqu\u00e9 \u00e0 partir d&#039;aluminium anodis\u00e9 et d&#039;acier enduit de poudre, le s\u00e9parateur de chien de qualit\u00e9 OEM s\u00e9curise la zone entre le haut du si\u00e8ge arri\u00e8re et le toit. L&#039;installation simple et rapide s&#039;effectue sur les appuis-t\u00eate \u00e0 l&#039;aide des outils fournis et ne n\u00e9cessite aucun per\u00e7age de trous.<br \/>\nQu&#039;il s&#039;agisse d&#039;une berline ou d&#039;un break, le grille de protection pour chien s&#039;adapte \u00e0 presque tous les v\u00e9hicules \u00e9quip\u00e9s d&#039;appuis-t\u00eate amovibles. A cet effet, les ressorts transversaux sont r\u00e9glables en largeur en continu et l&#039;angle d&#039;inclinaison peut \u00eatre tourn\u00e9 sur les appuie-t\u00eate.<\/p>\n<p>Le Roadmaster Deluxe est \u00e9quip\u00e9 d&#039;un syst\u00e8me de serrage rapide et peut \u00eatre d\u00e9mont\u00e9 ou mont\u00e9 en quelques secondes sans outils.<br \/>\nCe qui suit s&#039;applique : Pour les retirer, desserrez les quatre tendeurs et retirez la grille. Pour le rattacher, faites glisser la grille sur le support de l&#039;appuie-t\u00eate et fixez les tendeurs en place. Fini.<\/p>\n<div class=\"content--title\">\n<h4>TOUS LES D\u00c9TAILS DU PRODUIT<\/h4>\n<\/div>\n<div class=\"left\"><img decoding=\"async\" src=\"https:\/\/www.mypado.de\/media\/image\/c0\/05\/f4\/roadmaster-datenblatt-2.png\" \/><\/div>\n<div class=\"right\">\n<h4>POIDS<\/h4>\n<ul>\n<li>2 kilogrammes<\/li>\n<\/ul>\n<h4>MAT\u00c9RIEL<\/h4>\n<ul>\n<li>Aluminium anodis\u00e9<\/li>\n<li>Acier rev\u00eatu de poudre<\/li>\n<li>Fabriqu\u00e9 dans une entreprise certifi\u00e9e ISO 9001<\/li>\n<\/ul>\n<h4>INFORMATIONS COMPL\u00c9MENTAIRES<\/h4>\n<ul>\n<li>Sans per\u00e7age avec outils<\/li>\n<li>Extensible \u00e0 l&#039;infini<\/li>\n<li>Taille ajustable<\/li>\n<li>Angle d&#039;inclinaison r\u00e9glable<\/li>\n<li>la distance entre les appuis-t\u00eate int\u00e9rieurs ne doit pas d\u00e9passer 65 cm<\/li>\n<li>95cm (largeur max. 145cm) x 25cm (LxH)<\/li>\n<\/ul>\n<\/div>\n<p><a href=\"https:\/\/dogpride.nl\/fr\/hondenmanden\/travelmat\/\"><img loading=\"lazy\" decoding=\"async\" class=\"alignnone\" title=\"Barri\u00e8re pour chien Roadmaster Deluxe\" src=\"https:\/\/dogpride.nl\/wp-content\/uploads\/roadmaster_deluxe_03.jpg\" alt=\"Hondenhek Roadmaster Deluxe\" width=\"198\" height=\"149\" \/><\/a><\/p>\n<p><a href=\"https:\/\/www.mypado.de\/\" target=\"_blank\" rel=\"noopener\"><img loading=\"lazy\" decoding=\"async\" class=\"alignnone wp-image-144946 size-full\" src=\"https:\/\/dogpride.nl\/wp-content\/uploads\/logo-mypad-2.jpg\" alt=\"\" width=\"197\" height=\"75\" srcset=\"https:\/\/dogpride.nl\/wp-content\/uploads\/logo-mypad-2.jpg 197w, https:\/\/dogpride.nl\/wp-content\/uploads\/logo-mypad-2-18x7.jpg 18w\" sizes=\"auto, (max-width: 197px) 100vw, 197px\" \/><\/a><\/p>","protected":false},"excerpt":{"rendered":"<p>Un pare-chien garantit que le conducteur n&#039;est pas distrait par les animaux et emp\u00eache les amis \u00e0 quatre pattes d&#039;\u00eatre catapult\u00e9s dans l&#039;habitacle en cas d&#039;accident.<\/p>","protected":false},"featured_media":79388,"template":"","meta":[],"product_brand":[],"product_cat":[3440],"product_tag":[],"class_list":{"0":"post-79387","1":"product","2":"type-product","3":"status-publish","4":"has-post-thumbnail","6":"product_cat-travelmat","8":"first","9":"instock","10":"taxable","11":"shipping-taxable","12":"purchasable","13":"product-type-simple"},"mb":[],"mfb_rest_fields":["title"],"_links":{"self":[{"href":"https:\/\/dogpride.nl\/fr\/wp-json\/wp\/v2\/product\/79387","targetHints":{"allow":["GET"]}}],"collection":[{"href":"https:\/\/dogpride.nl\/fr\/wp-json\/wp\/v2\/product"}],"about":[{"href":"https:\/\/dogpride.nl\/fr\/wp-json\/wp\/v2\/types\/product"}],"wp:featuredmedia":[{"embeddable":true,"href":"https:\/\/dogpride.nl\/fr\/wp-json\/wp\/v2\/media\/79388"}],"wp:attachment":[{"href":"https:\/\/dogpride.nl\/fr\/wp-json\/wp\/v2\/media?parent=79387"}],"wp:term":[{"taxonomy":"product_brand","embeddable":true,"href":"https:\/\/dogpride.nl\/fr\/wp-json\/wp\/v2\/product_brand?post=79387"},{"taxonomy":"product_cat","embeddable":true,"href":"https:\/\/dogpride.nl\/fr\/wp-json\/wp\/v2\/product_cat?post=79387"},{"taxonomy":"product_tag","embeddable":true,"href":"https:\/\/dogpride.nl\/fr\/wp-json\/wp\/v2\/product_tag?post=79387"}],"curies":[{"name":"wp","href":"https:\/\/api.w.org\/{rel}","templated":true}]}}