{"id":79370,"date":"2022-01-12T09:06:39","date_gmt":"2022-01-12T08:06:39","guid":{"rendered":"https:\/\/www.dogpride.nl\/?post_type=product&#038;p=79370"},"modified":"2025-11-26T16:19:11","modified_gmt":"2025-11-26T15:19:11","slug":"auto-hondenbed-travelmat-duo-plus","status":"publish","type":"product","link":"https:\/\/dogpride.nl\/fr\/auto-hondenbed-travelmat-duo-plus\/","title":{"rendered":"Auto hondenbed Travelmat Duo-Plus"},"content":{"rendered":"<h4>Auto hondenbed Travelmat Duo-Plus<\/h4>\n<p>Auto hondenbed Travelmat Duo-Plus.<\/p>\n<div class=\"ea-tab-text-container\">\n<p>Reis comfortabel, veilig en schoon \u2013 met Travelmat.<\/p>\n<\/div>\n<div class=\"clear\"><strong>Parfait pour les d\u00e9placements<\/strong><\/div>\n<div class=\"ea-tab-text-container ea-text\">\n<div class=\"div_content\">\n<div class=\"beschreibung_spalte1\">Na een regenachtige wandeling in het bos in de auto? Scherpe bochten of abrupt remmen? Krassen op de bumper en hondenhaar overal?<br \/>\nIedereen kent de eigenaardigheden van de relatie tussen je trouwe viervoeter en je voertuig: het is ingewikkeld. Met Travelmat \u00ae zal alles nu anders zijn! Maximaal\u00a0<strong>confort<\/strong><\/p>\n<h4><strong>Auto hondenbed Travelmat Duo-Plus is gemaakt van een extreem vuilbestendig en gemakkelijk te reinigen bovenwerk van kunstleer.<\/strong><\/h4>\n<p><a href=\"https:\/\/dogpride.nl\/fr\/hondenmanden\/travelmat\/\"><img loading=\"lazy\" decoding=\"async\" class=\"alignnone\" title=\"Lit de voiture pour chien Travelmat\u00ae Duo-Plus \" src=\"https:\/\/dogpride.nl\/wp-content\/uploads\/travelmat-duo-plus-silverlineblack-01PsiAB76xOujvY-150x150.png\" alt=\"Auto hondenbed Travelmat\u00ae Duo-Plus \" width=\"150\" height=\"150\" \/><\/a><\/p>\n<\/div>\n<div class=\"beschreibung_spalte1\">Het afneembare ligvlak van Travelmat \u00ae is zacht en aaibaar voor maximaal comfort. Stevig gewatteerde hoge zijranden bieden optimale ondersteuning en bescherming voor uw trouwe vriend tijdens het rijden.<\/div>\n<div>Het hoogtepunt van het geheel is echter het aangesloten, ongeveer 60 centimeter lange gewatteerde bumperbeschermer. Het is een toegangshulpmiddel voor uw hond en bumperkrasbescherming voor uw voertuig tegelijkertijd.<br \/>\nVuil en hondenhaar komen \u00ae op de Travelmat terecht en niet in je auto. Dit maakt honden comfortabel en veilig in de auto \u2013 voor alle betrokkenen!<\/div>\n<div>Exactement <strong>correspondant \u00e0 <\/strong>Travelmat \u00ae duo Plus est disponible en standard dans les couleurs pepper black, jet black, black snow, silverline black, navy black et mystic light cream et sera bient\u00f4t disponible en taille standard dans les tailles 90\u00d770, 100\u00d780 et 110 \u00d790 cm.<\/div>\n<div><\/div>\n<div>Voor productie volgens uw wensen kunt u gewoon contact met ons opnemen. Wij bepalen kosteloos de afmetingen van uw voertuig en stellen het model online beschikbaar.<\/div>\n<div>\n<h4><strong>Auto hondenbed Travelmat Duo-Plus <\/strong>past op bijna elk hondenras, voertuiggrootte en interieurontwerp.<\/h4>\n<h4><strong>Facultatif:<\/strong><\/h4>\n<\/div>\n<\/div>\n<\/div>\n<div>Pour le remplissage du plan de couchage, vous avez le choix entre le remplissage standard en mousse froide ou un remplissage en mousse visco\u00e9lastique pour un plan de couchage orthop\u00e9dique.<br \/>\nTechnologie de mousse visco\u00e9lastique : la mousse visco ne forme pas de contre-pression active.<br \/>\nPour cr\u00e9er l&#039;importante force d&#039;appui du corps, la mousse visco est soud\u00e9e avec un matelas en mousse froide. Le noyau du plan de couchage est constitu\u00e9 d&#039;une mousse de 2 cm d&#039;\u00e9paisseur (RG30) et d&#039;une mousse visco\u00e9lastique de 3 cm d&#039;\u00e9paisseur (RG50). La hauteur totale est de 5 cm.<\/div>\n<h4><strong>Mousse visco\u00e9lastique \u2013 Avantages :<\/strong><\/h4>\n<div>\n<ul>\n<li>Lorsque le corps s&#039;effondre, la mousse visqueuse s&#039;adapte individuellement et soulage au minimum les points de pression<\/li>\n<li>Plus de confort gr\u00e2ce \u00e0 un soulagement pr\u00e9cis des zones du corps sensibles \u00e0 la pression<\/li>\n<li>Soulagement de la douleur gr\u00e2ce \u00e0 un soulagement pr\u00e9cis de la pression<\/li>\n<li>Pr\u00e9vention de l&#039;arthrose, des maladies articulaires ou des rhumatismes<\/li>\n<li>Recommand\u00e9 apr\u00e8s la chirurgie, tr\u00e8s appropri\u00e9 pour les chiens \u00e2g\u00e9s en surpoids<\/li>\n<\/ul>\n<\/div>\n<h4><strong>Tout en un coup d&#039;\u0153il<\/strong><\/h4>\n<div class=\"ea-tab-text-container ea-text\">\n<div class=\"div_content\">\n<ul>\n<li>Rev\u00eatement sup\u00e9rieur : cuir synth\u00e9tique 100% PU, dessous : cuir synth\u00e9tique 100% PU<\/li>\n<li>Particuli\u00e8rement r\u00e9sistant \u00e0 l&#039;usure et \u00e0 l&#039;usure<\/li>\n<li>Hydrofuge et anti-salissures<\/li>\n<li>Remplissage du coussin int\u00e9rieur : Remplissage standard en mousse \u00e0 froid solide (5 cm d&#039;\u00e9paisseur)<\/li>\n<li>Garnissage bords lat\u00e9raux : mousse \u00e0 froid (5 cm d&#039;\u00e9paisseur)<\/li>\n<li>Nettoyage rapide et facile avec un chiffon humide - m\u00eame en cas de forte salet\u00e9 !<\/li>\n<li>Coussin int\u00e9rieur amovible<\/li>\n<li>Bords lat\u00e9raux pour une conduite s\u00fbre et confortable<\/li>\n<li>Protection de pare-chocs de 60 cm de long pour une entr\u00e9e plus facile et une protection contre les rayures et la salet\u00e9 pour l&#039;arri\u00e8re du v\u00e9hicule et le coffre<\/li>\n<\/ul>\n<h4><strong>Tailles\u00a0:<\/strong><\/h4>\n<ul>\n<li>S \u2013 90x70x40 cm (largeur x profondeur x hauteur)<\/li>\n<li>M \u2013 100x80x40 cm (largeur x profondeur x hauteur)<\/li>\n<li>L \u2013 110x90x40 cm (largeur x profondeur x hauteur)<\/li>\n<\/ul>\n<\/div>\n<\/div>\n<p><a href=\"https:\/\/dogpride.nl\/fr\/hondenmanden\/travelmat\/\"><img loading=\"lazy\" decoding=\"async\" class=\"alignnone\" title=\"Lit de voiture pour chien Travelmat\u00ae Duo-Plus \" src=\"https:\/\/dogpride.nl\/wp-content\/uploads\/travelmat-duo-plus-silverlineblack-01PsiAB76xOujvY-150x150.png\" alt=\"Auto hondenbed Travelmat\u00ae Duo-Plus \" width=\"150\" height=\"150\" \/><\/a><\/p>\n<p><a href=\"https:\/\/www.mypado.de\/\" target=\"_blank\" rel=\"noopener\"><img loading=\"lazy\" decoding=\"async\" class=\"alignnone wp-image-144946 size-full\" src=\"https:\/\/dogpride.nl\/wp-content\/uploads\/logo-mypad-2.jpg\" alt=\"\" width=\"197\" height=\"75\" srcset=\"https:\/\/dogpride.nl\/wp-content\/uploads\/logo-mypad-2.jpg 197w, https:\/\/dogpride.nl\/wp-content\/uploads\/logo-mypad-2-18x7.jpg 18w\" sizes=\"auto, (max-width: 197px) 100vw, 197px\" \/><\/a><\/p>","protected":false},"excerpt":{"rendered":"<p>Travelmat is gemaakt van een extreem vuilbestendig en gemakkelijk te reinigen bovenwerk van kunstleer. Het afneembare ligvlak van Travelmat is zacht en aaibaar voor maximaal comfort.<\/p>","protected":false},"featured_media":79371,"template":"","meta":[],"product_brand":[],"product_cat":[3440],"product_tag":[7771,7772,7235],"class_list":{"0":"post-79370","1":"product","2":"type-product","3":"status-publish","4":"has-post-thumbnail","6":"product_cat-travelmat","7":"product_tag-auto-hondenbed","8":"product_tag-duo-plus","9":"product_tag-travelmat","10":"product_shipping_class-groot-pakket","12":"first","13":"instock","14":"taxable","15":"shipping-taxable","16":"purchasable","17":"product-type-variable"},"mb":[],"mfb_rest_fields":["title"],"_links":{"self":[{"href":"https:\/\/dogpride.nl\/fr\/wp-json\/wp\/v2\/product\/79370","targetHints":{"allow":["GET"]}}],"collection":[{"href":"https:\/\/dogpride.nl\/fr\/wp-json\/wp\/v2\/product"}],"about":[{"href":"https:\/\/dogpride.nl\/fr\/wp-json\/wp\/v2\/types\/product"}],"wp:featuredmedia":[{"embeddable":true,"href":"https:\/\/dogpride.nl\/fr\/wp-json\/wp\/v2\/media\/79371"}],"wp:attachment":[{"href":"https:\/\/dogpride.nl\/fr\/wp-json\/wp\/v2\/media?parent=79370"}],"wp:term":[{"taxonomy":"product_brand","embeddable":true,"href":"https:\/\/dogpride.nl\/fr\/wp-json\/wp\/v2\/product_brand?post=79370"},{"taxonomy":"product_cat","embeddable":true,"href":"https:\/\/dogpride.nl\/fr\/wp-json\/wp\/v2\/product_cat?post=79370"},{"taxonomy":"product_tag","embeddable":true,"href":"https:\/\/dogpride.nl\/fr\/wp-json\/wp\/v2\/product_tag?post=79370"}],"curies":[{"name":"wp","href":"https:\/\/api.w.org\/{rel}","templated":true}]}}