{"id":79356,"date":"2022-01-12T08:41:01","date_gmt":"2022-01-12T07:41:01","guid":{"rendered":"https:\/\/www.dogpride.nl\/?post_type=product&#038;p=79356"},"modified":"2025-11-26T16:20:33","modified_gmt":"2025-11-26T15:20:33","slug":"auto-hondenmand-travelmat-city","status":"publish","type":"product","link":"https:\/\/dogpride.nl\/fr\/auto-hondenmand-travelmat-city\/","title":{"rendered":"Auto hondenmand Travelmat City"},"content":{"rendered":"<h4>Auto hondenmand Travelmat City<\/h4>\n<p>Auto hondenmand Travelmat City.<\/p>\n<div class=\"ea-tab-text-container\">\n<p>Chien dans la voiture ? Tapis de voyage \u00ae !<\/p>\n<\/div>\n<div class=\"ea-tab-text-container ea-text\">\n<div class=\"div_content\">\n<div class=\"beschreibung_spalte1\"><strong>Parfait pour les d\u00e9placements<\/strong><br \/>\nNa een regenachtige wandeling in het bos in de auto? Scherpe bochten of abrupt remmen? Krassen op de bumper en hondenhaar overal? Iedereen kent de eigenaardigheden van de relatie tussen je trouwe viervoeter en je voertuig: het is ingewikkeld.<br \/>\nMet Travelmat \u00ae zal alles nu anders zijn! Maximaal\u00a0<strong>comfort.<\/strong><\/div>\n<div><\/div>\n<div class=\"beschreibung_spalte1\">\n<h4>Auto hondenmand Travelmat City is gemaakt van een extreem vuilbestendig en gemakkelijk te reinigen bovenwerk van kunstleer. Het stevig gewatteerde ligvlak van Travelmat \u00ae is zacht en aaibaar voor maximaal comfort. Allround <strong>protection<\/strong><\/h4>\n<\/div>\n<div class=\"beschreibung_spalte1\">Het hoogtepunt van het geheel is echter het aangesloten, ongeveer 60 centimeter lange gewatteerde bumperbeschermer. Het is een toegangshulpmiddel voor uw hond en bumperkrasbescherming voor uw voertuig tegelijkertijd.<br \/>\nVuil en hondenhaar komen \u00ae op de Travelmat terecht en niet in je auto. Dit maakt honden comfortabel en veilig in de auto \u2013 voor alle betrokkenen!<\/div>\n<div><\/div>\n<div class=\"beschreibung_spalte1\">Exactement <strong>correspondant \u00e0 <\/strong>Travelmat \u00ae is standaard verkrijgbaar in vijf verschillende kleuren &#8211; zwart, grijs, bruin, rood, wit en cr\u00e8me &#8211; en in verschillende maten van 90&#215;70 cm tot 110&#215;90 cm.<br \/>\nAls geen van de standaardmaten en kleuren geschikt is, produceren wij graag uw Travelmat \u00ae City op maat en in de door u gewenste kleur.<br \/>\nGebruik gewoon onze productconfigurator. Travelmat \u00ae past bij bijna elk hondenras, voertuiggrootte en interieurontwerp.<\/div>\n<div><strong><a href=\"https:\/\/dogpride.nl\/fr\/hondenmanden\/travelmat\/\"><img loading=\"lazy\" decoding=\"async\" class=\"alignnone\" title=\"Auto hondenmand Travelmat\u00ae City\" src=\"https:\/\/dogpride.nl\/wp-content\/uploads\/travelmat-autohundebett-kunstleder-schwarz-01-150x150.jpg\" alt=\"Auto hondenmand Travelmat\u00ae City\" width=\"150\" height=\"150\" \/><\/a><br \/>\nFacultatif:<\/strong><\/div>\n<\/div>\n<div>Pour le remplissage du plan de couchage, vous avez le choix entre le remplissage standard en mousse froide ou un remplissage en mousse visco\u00e9lastique pour un plan de couchage orthop\u00e9dique.<br \/>\nTechnologie de mousse visco\u00e9lastique : la mousse visco ne forme pas de contre-pression active.<br \/>\nOm de belangrijke steunkracht voor het lichaam te cre\u00ebren, wordt het viscoschuim gelast met een koudschuimmatras.<br \/>\nDe kern van het ligvlak bestaat uit 2 cm dik schuim (RG30) en een 3 cm dik visco-elastisch schuim (RG50). De totale hoogte is 5 cm.<\/div>\n<div>\n<h4 class=\"\" data-fontsize=\"24\" data-lineheight=\"24px\"><strong>Mousse visco\u00e9lastique \u2013 Avantages :<\/strong><\/h4>\n<ul>\n<li>Lorsque le corps s&#039;effondre, la mousse visqueuse s&#039;adapte individuellement et soulage au minimum les points de pression<\/li>\n<li>Plus de confort gr\u00e2ce \u00e0 un soulagement pr\u00e9cis des zones du corps sensibles \u00e0 la pression<\/li>\n<li>Soulagement de la douleur gr\u00e2ce \u00e0 un soulagement pr\u00e9cis de la pression<\/li>\n<li>Pr\u00e9vention de l&#039;arthrose, des maladies articulaires ou des rhumatismes<\/li>\n<li>Recommand\u00e9 apr\u00e8s la chirurgie, tr\u00e8s appropri\u00e9 pour les chiens \u00e2g\u00e9s en surpoids<\/li>\n<\/ul>\n<div class=\"div_content\">\n<div class=\"beschreibung_spalte1\">\n<h3><strong>Mat\u00e9riel:<\/strong><\/h3>\n<ul>\n<li>Rev\u00eatement sup\u00e9rieur : cuir synth\u00e9tique PU 100%<\/li>\n<li>Aspect cuir gr\u00e2ce au grain l\u00e9ger<\/li>\n<li>Particuli\u00e8rement r\u00e9sistant \u00e0 l&#039;usure et \u00e0 l&#039;usure<\/li>\n<li>Hydrofuge et anti-salissures<\/li>\n<\/ul>\n<\/div>\n<div class=\"beschreibung_spalte2\">\n<p><strong>remplissage:<\/strong><\/p>\n<ul>\n<li>Coussin int\u00e9rieur : rembourrage en mousse froide standard (5 cm d&#039;\u00e9paisseur)<\/li>\n<li>Tous les mat\u00e9riaux de remplissage sont fabriqu\u00e9s en Allemagne<\/li>\n<\/ul>\n<\/div>\n<p><strong>Nettoyage:<\/strong><\/p>\n<\/div>\n<div class=\"div_content\">\n<div class=\"beschreibung_spalte1\">\n<ul>\n<li>Nettoyage rapide et facile avec un chiffon humide - m\u00eame en cas de forte salet\u00e9 !<\/li>\n<\/ul>\n<\/div>\n<div class=\"beschreibung_spalte2\">\n<p><strong>Bijzonderheden van de Auto hondenmand Travelmat City:<\/strong><\/p>\n<ul>\n<li>Surface de couchage stable et stable, adapt\u00e9e aux amis \u00e0 quatre pattes l\u00e9gers et lourds<\/li>\n<li>Protection de pare-chocs longue pour faciliter l&#039;entr\u00e9e et protection contre les rayures et la salet\u00e9 pour l&#039;arri\u00e8re du v\u00e9hicule et le coffre<\/li>\n<\/ul>\n<div class=\"ea-tab-text-container\">\n<p><strong>Tableau des tailles (en cm)<\/strong><\/p>\n<ul>\n<li><strong>S \u2013 Taille ext\u00e9rieure<\/strong>\u00a090x70x5x60 (LxPxHxP)<\/li>\n<li><strong>M \u2013 Taille ext\u00e9rieure<\/strong>\u00a0100x80x5x60 (LxTxHxP)<\/li>\n<li><strong>L \u2013 Taille ext\u00e9rieure<\/strong>\u00a0110x90x5x60 (LxPxHxP)<\/li>\n<\/ul>\n<p>&nbsp;<\/p>\n<\/div>\n<p><a href=\"https:\/\/www.mypado.de\/\" target=\"_blank\" rel=\"noopener\"><img loading=\"lazy\" decoding=\"async\" class=\"alignnone wp-image-144946 size-full\" src=\"https:\/\/dogpride.nl\/wp-content\/uploads\/logo-mypad-2.jpg\" alt=\"\" width=\"197\" height=\"75\" srcset=\"https:\/\/dogpride.nl\/wp-content\/uploads\/logo-mypad-2.jpg 197w, https:\/\/dogpride.nl\/wp-content\/uploads\/logo-mypad-2-18x7.jpg 18w\" sizes=\"auto, (max-width: 197px) 100vw, 197px\" \/><\/a><\/p>\n<div class=\"ea-tab-text-container ea-text\">\n<div class=\"div_content\">\n<div class=\"beschreibung_spalte2\">\n<p>&nbsp;<\/p>\n<p><a href=\"https:\/\/dogpride.nl\/fr\/hondenmanden\/travelmat\/\"><img loading=\"lazy\" decoding=\"async\" class=\"alignnone\" title=\"Auto hondenmand Travelmat\u00ae City\" src=\"https:\/\/dogpride.nl\/wp-content\/uploads\/travelmat-autohundebett-kunstleder-schwarz-01-150x150.jpg\" alt=\"Auto hondenmand Travelmat\u00ae City\" width=\"150\" height=\"150\" \/><\/a><\/p>\n<\/div>\n<\/div>\n<\/div>\n<\/div>\n<\/div>\n<\/div>\n<\/div>","protected":false},"excerpt":{"rendered":"<p>Travelmat \u00ae est compos\u00e9 d&#039;une tige en cuir synth\u00e9tique extr\u00eamement r\u00e9sistante \u00e0 la salet\u00e9 et facile \u00e0 nettoyer. La surface de couchage Travelmat \u00ae fermement rembourr\u00e9e est douce et c\u00e2line pour un confort maximal.<\/p>","protected":false},"featured_media":79357,"template":"","meta":[],"product_brand":[],"product_cat":[3440],"product_tag":[7234,7237,3058,3348,7236,7235],"class_list":{"0":"post-79356","1":"product","2":"type-product","3":"status-publish","4":"has-post-thumbnail","6":"product_cat-travelmat","7":"product_tag-auto","8":"product_tag-autohondenmand","9":"product_tag-city","10":"product_tag-hondenmand","11":"product_tag-reishondenmand","12":"product_tag-travelmat","13":"product_shipping_class-groot-pakket","15":"first","16":"instock","17":"taxable","18":"shipping-taxable","19":"purchasable","20":"product-type-variable"},"mb":[],"mfb_rest_fields":["title"],"_links":{"self":[{"href":"https:\/\/dogpride.nl\/fr\/wp-json\/wp\/v2\/product\/79356","targetHints":{"allow":["GET"]}}],"collection":[{"href":"https:\/\/dogpride.nl\/fr\/wp-json\/wp\/v2\/product"}],"about":[{"href":"https:\/\/dogpride.nl\/fr\/wp-json\/wp\/v2\/types\/product"}],"wp:featuredmedia":[{"embeddable":true,"href":"https:\/\/dogpride.nl\/fr\/wp-json\/wp\/v2\/media\/79357"}],"wp:attachment":[{"href":"https:\/\/dogpride.nl\/fr\/wp-json\/wp\/v2\/media?parent=79356"}],"wp:term":[{"taxonomy":"product_brand","embeddable":true,"href":"https:\/\/dogpride.nl\/fr\/wp-json\/wp\/v2\/product_brand?post=79356"},{"taxonomy":"product_cat","embeddable":true,"href":"https:\/\/dogpride.nl\/fr\/wp-json\/wp\/v2\/product_cat?post=79356"},{"taxonomy":"product_tag","embeddable":true,"href":"https:\/\/dogpride.nl\/fr\/wp-json\/wp\/v2\/product_tag?post=79356"}],"curies":[{"name":"wp","href":"https:\/\/api.w.org\/{rel}","templated":true}]}}