{"id":79327,"date":"2022-01-12T07:31:19","date_gmt":"2022-01-12T06:31:19","guid":{"rendered":"https:\/\/www.dogpride.nl\/?post_type=product&#038;p=79327"},"modified":"2025-11-26T16:23:25","modified_gmt":"2025-11-26T15:23:25","slug":"auto-hondenbed-travelmat-plus","status":"publish","type":"product","link":"https:\/\/dogpride.nl\/fr\/auto-hondenbed-travelmat-plus\/","title":{"rendered":"Auto hondenbed Travelmat Plus"},"content":{"rendered":"<h4 class=\"product--title\">Auto hondenbed Travelmat Plus<\/h4>\n<p class=\"product--title\">Auto hondenbed Travelmat Plus.<\/p>\n<div class=\"ea-tab-text-container\">\n<p><strong>Reis comfortabel, veilig en schoon \u2013 met Travelmat.<\/strong><\/p>\n<\/div>\n<div class=\"ea-tab-text-container ea-text\">\n<div class=\"div_content\">\n<div class=\"beschreibung_spalte1\"><strong>Parfait pour les d\u00e9placements <\/strong><\/div>\n<div class=\"beschreibung_spalte1\">Na een regenachtige wandeling in het bos in de auto? Scherpe bochten of abrupt remmen? Krassen op de bumper en hondenhaar overal?<br \/>\nIedereen kent de eigenaardigheden van de relatie tussen je trouwe viervoeter en je voertuig: het is ingewikkeld. Met Travelmat \u00ae zal alles nu anders zijn! Maximaal\u00a0<strong>confort<\/strong><\/p>\n<p class=\"product--title\">Auto hondenbed Travelmat Plus is gemaakt van een extreem vuilbestendig en gemakkelijk te reinigen bovenwerk van kunstleer. Het afneembare ligvlak van Travelmat \u00ae is zacht en aaibaar voor maximaal comfort.<\/p>\n<p>Stevig gewatteerde hoge zijranden bieden optimale ondersteuning en bescherming voor uw trouwe vriend tijdens het rijden. Allround\u00a0<strong>protection<\/strong><\/div>\n<\/div>\n<\/div>\n<div><\/div>\n<div><a href=\"https:\/\/dogpride.nl\/fr\/hondenmanden\/travelmat\/\"><img loading=\"lazy\" decoding=\"async\" class=\"alignnone\" title=\"Lit de voiture pour chien Travelmat\u00ae Plus \" src=\"https:\/\/dogpride.nl\/wp-content\/uploads\/travelmat-plus-kunstleder-grau-01.jpg\" alt=\"Auto hondenbed Travelmat\u00ae Plus \" width=\"280\" height=\"210\" \/><\/a><\/div>\n<div class=\"ea-tab-text-container ea-text\">\n<div class=\"div_content\">\n<div><\/div>\n<div class=\"beschreibung_spalte1\">Het hoogtepunt van het geheel is echter het aangesloten, ongeveer 60 centimeter lange gewatteerde bumperbescherming. Het is een toegangshulpmiddel voor uw hond en bumperkrasbescherming voor uw voertuig tegelijkertijd.<br \/>\nVuil en hondenhaar komen \u00ae op de Travelmat terecht en niet in je auto. Dit maakt honden comfortabel en veilig in de auto \u2013 voor alle betrokkenen!<br \/>\nParfait <strong>appropri\u00e9 <\/strong>Travelmat \u00ae est disponible en standard en trois couleurs diff\u00e9rentes \u2013 noir, gris et cr\u00e8me \u2013 et en diff\u00e9rentes tailles de 90\u00d770 cm \u00e0 110\u00d790 cm.<br \/>\nAls geen van de standaardmaten en kleuren geschikt is, produceren wij graag uw Travelmat \u00ae op maat en in de door u gewenste kleur. Auto hondenbed Travelmat Plus past bij bijna elk hondenras, voertuiggrootte en interieurontwerp.<\/div>\n<div><\/div>\n<\/div>\n<\/div>\n<div><strong>Facultatif:<\/strong><br \/>\nPour le remplissage du plan de couchage, vous avez le choix entre le remplissage standard en mousse froide ou un remplissage en mousse visco\u00e9lastique pour un plan de couchage orthop\u00e9dique.<br \/>\nTechnologie de mousse visco\u00e9lastique : la mousse visco ne forme pas de contre-pression active.<br \/>\nPour cr\u00e9er l&#039;importante force d&#039;appui du corps, la mousse visco est soud\u00e9e avec un matelas en mousse froide. Le noyau du plan de couchage est constitu\u00e9 d&#039;une mousse de 2 cm d&#039;\u00e9paisseur (RG30) et d&#039;une mousse visco\u00e9lastique de 3 cm d&#039;\u00e9paisseur (RG50). La hauteur totale est de 5 cm.<\/div>\n<div><a href=\"https:\/\/dogpride.nl\/fr\/hondenmanden\/travelmat\/\"><img loading=\"lazy\" decoding=\"async\" class=\"alignnone\" title=\"Lit de voiture pour chien Travelmat\u00ae Plus \" src=\"https:\/\/dogpride.nl\/wp-content\/uploads\/travelmat-plus-kunstleder-grau-01.jpg\" alt=\"Auto hondenbed Travelmat\u00ae Plus \" width=\"280\" height=\"210\" \/><\/a><\/div>\n<h4><strong>Mousse visco\u00e9lastique \u2013 Avantages :<\/strong><\/h4>\n<div>\n<ul>\n<li>Lorsque le corps s&#039;effondre, la mousse visqueuse s&#039;adapte individuellement et soulage au minimum les points de pression<\/li>\n<li>Plus de confort gr\u00e2ce \u00e0 un soulagement pr\u00e9cis des zones du corps sensibles \u00e0 la pression<\/li>\n<li>Soulagement de la douleur gr\u00e2ce \u00e0 un soulagement pr\u00e9cis de la pression<\/li>\n<li>Pr\u00e9vention de l&#039;arthrose, des maladies articulaires ou des rhumatismes<\/li>\n<li>Recommand\u00e9 apr\u00e8s la chirurgie, tr\u00e8s appropri\u00e9 pour les chiens \u00e2g\u00e9s en surpoids<\/li>\n<\/ul>\n<\/div>\n<div><strong>Mat\u00e9riel:<\/strong><\/div>\n<div class=\"ea-tab-text-container ea-text\">\n<div class=\"div_content\">\n<div class=\"beschreibung_spalte1\">\n<ul>\n<li>Rev\u00eatement sup\u00e9rieur : cuir synth\u00e9tique PU 100%, dessous : polyacrylique 100%<\/li>\n<li>Aspect cuir gr\u00e2ce au grain l\u00e9ger<\/li>\n<li>Particuli\u00e8rement r\u00e9sistant \u00e0 l&#039;usure et \u00e0 l&#039;usure<\/li>\n<li>Hydrofuge et anti-salissures<\/li>\n<\/ul>\n<\/div>\n<div class=\"beschreibung_spalte2\">\n<p><strong>remplissage:<\/strong><\/p>\n<ul>\n<li>Coussin int\u00e9rieur : Remplissage standard de mousse froide solide (5 cm d&#039;\u00e9paisseur)<\/li>\n<li>Bords lat\u00e9raux : mousse \u00e0 froid (5 cm d&#039;\u00e9paisseur)<\/li>\n<li>Tous les mat\u00e9riaux de remplissage sont fabriqu\u00e9s en Allemagne<\/li>\n<\/ul>\n<\/div>\n<p><strong>Nettoyage:<\/strong><\/p>\n<\/div>\n<div class=\"div_content\">\n<div class=\"beschreibung_spalte1\">\n<ul>\n<li>Nettoyage rapide et facile avec un chiffon humide - m\u00eame en cas de forte salet\u00e9 !<\/li>\n<li>Coussin int\u00e9rieur amovible<\/li>\n<\/ul>\n<\/div>\n<div class=\"beschreibung_spalte2\">\n<p><strong>Bijzonderheden van de Auto hondenbed Travelmat Plus :<\/strong><\/p>\n<ul>\n<li>Surface de couchage stable et stable, adapt\u00e9e aux amis \u00e0 quatre pattes l\u00e9gers et lourds<\/li>\n<li>Bords lat\u00e9raux hauts pour une conduite en toute s\u00e9curit\u00e9<\/li>\n<li>Protection de pare-chocs longue pour faciliter l&#039;entr\u00e9e et protection contre les rayures et la salet\u00e9 pour l&#039;arri\u00e8re du v\u00e9hicule et le coffre<\/li>\n<li>Liegefl\u00e4che frei w\u00e4hlbar<\/li>\n<\/ul>\n<h4 class=\"ea-tab-text-container\">Tableau des tailles (en cm)<\/h4>\n<div class=\"ea-tab-text-container ea-text\">\n<div class=\"div_content\">\n<div class=\"beschreibung_spalte1\">\n<ul>\n<li><strong>M \u2013 Taille ext\u00e9rieure<\/strong> 90x70x40, nstaphoogte 15 cm, Binnenmaat 80x60x7 (BxT1xH1)<\/li>\n<li><strong>L \u2013 Taille ext\u00e9rieure<\/strong> 100x80x40, Instaphoogte 15 cm, Binnenmaat 90x70x7 (BxT1xH1)<\/li>\n<li><strong>XL \u2013 Taille ext\u00e9rieure<\/strong> 110x90x40, Instaphoogte 15 cm, Binnenmaat 100x80x7 (BxT1xH1)<\/li>\n<\/ul>\n<\/div>\n<p><a href=\"https:\/\/www.dogpride.nl\/wp-content\/uploads\/Kofferbak-opmeten.docx\">Mesurer le tronc<\/a><\/p>\n<\/div>\n<p><a href=\"https:\/\/www.mypado.de\/\" target=\"_blank\" rel=\"noopener\"><img loading=\"lazy\" decoding=\"async\" class=\"alignnone wp-image-144946 size-full\" src=\"https:\/\/dogpride.nl\/wp-content\/uploads\/logo-mypad-2.jpg\" alt=\"\" width=\"197\" height=\"75\" srcset=\"https:\/\/dogpride.nl\/wp-content\/uploads\/logo-mypad-2.jpg 197w, https:\/\/dogpride.nl\/wp-content\/uploads\/logo-mypad-2-18x7.jpg 18w\" sizes=\"auto, (max-width: 197px) 100vw, 197px\" \/><\/a><\/p>\n<\/div>\n<\/div>\n<\/div>\n<\/div>","protected":false},"excerpt":{"rendered":"<p>Travelmat is gemaakt van een extreem vuilbestendig en gemakkelijk te reinigen bovenwerk van kunstleer. Het afneembare ligvlak van Travelmat \u00ae is zacht en aaibaar voor maximaal comfort.<\/p>","protected":false},"featured_media":79328,"template":"","meta":[],"product_brand":[],"product_cat":[3440],"product_tag":[7771,3409,7235],"class_list":{"0":"post-79327","1":"product","2":"type-product","3":"status-publish","4":"has-post-thumbnail","6":"product_cat-travelmat","7":"product_tag-auto-hondenbed","8":"product_tag-plus","9":"product_tag-travelmat","10":"product_shipping_class-groot-pakket","12":"first","13":"instock","14":"taxable","15":"shipping-taxable","16":"purchasable","17":"product-type-variable"},"mb":[],"mfb_rest_fields":["title"],"_links":{"self":[{"href":"https:\/\/dogpride.nl\/fr\/wp-json\/wp\/v2\/product\/79327","targetHints":{"allow":["GET"]}}],"collection":[{"href":"https:\/\/dogpride.nl\/fr\/wp-json\/wp\/v2\/product"}],"about":[{"href":"https:\/\/dogpride.nl\/fr\/wp-json\/wp\/v2\/types\/product"}],"wp:featuredmedia":[{"embeddable":true,"href":"https:\/\/dogpride.nl\/fr\/wp-json\/wp\/v2\/media\/79328"}],"wp:attachment":[{"href":"https:\/\/dogpride.nl\/fr\/wp-json\/wp\/v2\/media?parent=79327"}],"wp:term":[{"taxonomy":"product_brand","embeddable":true,"href":"https:\/\/dogpride.nl\/fr\/wp-json\/wp\/v2\/product_brand?post=79327"},{"taxonomy":"product_cat","embeddable":true,"href":"https:\/\/dogpride.nl\/fr\/wp-json\/wp\/v2\/product_cat?post=79327"},{"taxonomy":"product_tag","embeddable":true,"href":"https:\/\/dogpride.nl\/fr\/wp-json\/wp\/v2\/product_tag?post=79327"}],"curies":[{"name":"wp","href":"https:\/\/api.w.org\/{rel}","templated":true}]}}