{"id":79115,"date":"2022-01-11T10:17:44","date_gmt":"2022-01-11T09:17:44","guid":{"rendered":"https:\/\/www.dogpride.nl\/?post_type=product&#038;p=79115"},"modified":"2025-11-06T14:51:36","modified_gmt":"2025-11-06T13:51:36","slug":"mypado-stockholm-mono-hondenmat","status":"publish","type":"product","link":"https:\/\/dogpride.nl\/fr\/mypado-stockholm-mono-hondenmat\/","title":{"rendered":"MYPADO Stockholm Mono Tapis pour chien"},"content":{"rendered":"<h4>MYPADO Stockholm Mono Hondenmat<\/h4>\n<p>MYPADO Stockholm Mono Hondenmat<\/p>\n<div class=\"right\">\n<article class=\"text-token-text-primary w-full focus:outline-none [--shadow-height:45px] has-data-writing-block:pointer-events-none has-data-writing-block:-mt-(--shadow-height) has-data-writing-block:pt-(--shadow-height) [&amp;:has([data-writing-block])&gt;*]:pointer-events-auto [content-visibility:auto] supports-[content-visibility:auto]:[contain-intrinsic-size:auto_100lvh] scroll-mt-[calc(var(--header-height)+min(200px,max(70px,20svh)))]\" dir=\"auto\" tabindex=\"-1\" data-turn-id=\"request-WEB:08ce16df-4728-47f1-bc7a-546de529fb2b-47\" data-testid=\"conversation-turn-96\" data-scroll-anchor=\"true\" data-turn=\"assistant\">\n<div class=\"text-base my-auto mx-auto pb-10 [--thread-content-margin:--spacing(4)] thread-sm:[--thread-content-margin:--spacing(6)] thread-lg:[--thread-content-margin:--spacing(16)] px-(--thread-content-margin)\">\n<div class=\"[--thread-content-max-width:40rem] thread-lg:[--thread-content-max-width:48rem] mx-auto max-w-(--thread-content-max-width) flex-1 group\/turn-messages focus-visible:outline-hidden relative flex w-full min-w-0 flex-col agent-turn\" tabindex=\"-1\">\n<div class=\"flex max-w-full flex-col grow\">\n<div class=\"min-h-8 text-message relative flex w-full flex-col items-end gap-2 text-start break-words whitespace-normal [.text-message+&amp;]:mt-1\" dir=\"auto\" data-message-author-role=\"assistant\" data-message-id=\"86f6dafb-3cc1-4604-99a3-04679f8038d5\" data-message-model-slug=\"gpt-5\">\n<div class=\"flex w-full flex-col gap-1 empty:hidden first:pt-[1px]\">\n<div class=\"markdown prose dark:prose-invert w-full break-words light markdown-new-styling\">\n<h4 data-start=\"0\" data-end=\"94\">MYPADO Stockholm Mono Hondenmat \u2013 Eenvoud, Kwaliteit en Comfort in Scandinavische Stijl<\/h4>\n<p data-start=\"96\" data-end=\"462\">De <strong data-start=\"99\" data-end=\"134\">MYPADO Stockholm Mono Hondenmat<\/strong> is een toonbeeld van <strong data-start=\"156\" data-end=\"224\">minimalistisch design, praktisch comfort en duurzaam vakmanschap<\/strong>. Deze stijlvolle hondenmat combineert Scandinavische eenvoud met de vertrouwde MYPADO-kwaliteit, waardoor hij perfect is voor honden die graag ontspannen op een zachte, ondersteunende ondergrond \u2013 zowel thuis, onderweg als in de bench.<\/p>\n<p data-start=\"464\" data-end=\"667\">Of je nu een kleine gezelschapshond of een grote avonturier hebt, de <strong data-start=\"533\" data-end=\"568\">MYPADO Stockholm Mono Hondenmat<\/strong> biedt je viervoeter een comfortabele, onderhoudsvriendelijke rustplek die in elk interieur past.<\/p>\n<hr data-start=\"669\" data-end=\"672\" \/>\n<h4 data-start=\"674\" data-end=\"723\">Scandinavisch design met moderne elegantie<\/h4>\n<p data-start=\"725\" data-end=\"1010\">Het <strong data-start=\"729\" data-end=\"764\">MYPADO Stockholm Mono Hondenmat<\/strong> onderscheidt zich door zijn <strong data-start=\"793\" data-end=\"824\">strakke, moderne vormgeving<\/strong> en hoogwaardige afwerking. De mat is uitgevoerd in een <strong data-start=\"880\" data-end=\"905\">tijdloos effen design<\/strong>, ge\u00efnspireerd op de Scandinavische woonstijl, waarbij eenvoud, rust en functionaliteit centraal staan.<\/p>\n<p data-start=\"1012\" data-end=\"1390\">De zachte, monochrome stof heeft een subtiele structuur en voelt aangenaam aan. Dankzij de neutrale kleuren \u2013 zoals <strong data-start=\"1128\" data-end=\"1176\">grijs, antraciet, taupe, cr\u00e8me of olijfgroen<\/strong> \u2013 past de mat moeiteloos in elk interieur. Of hij nu in de woonkamer, slaapkamer of hondenbench ligt, de <strong data-start=\"1282\" data-end=\"1317\">MYPADO Stockholm Mono Hondenmat<\/strong> voegt een stijlvolle, verzorgde uitstraling toe zonder te overheersen.<\/p>\n<p data-start=\"1392\" data-end=\"1509\">De <strong data-start=\"1395\" data-end=\"1439\">afgevlakte randen en de gestikte details<\/strong> benadrukken het strakke karakter en zorgen voor extra duurzaamheid.<\/p>\n<hr data-start=\"1511\" data-end=\"1514\" \/>\n<h4 data-start=\"1516\" data-end=\"1561\">Comfortabele vulling voor gezonde rust<\/h4>\n<p data-start=\"1563\" data-end=\"1859\">De <strong data-start=\"1566\" data-end=\"1601\">MYPADO Stockholm Mono Hondenmat<\/strong> is ontworpen voor optimaal ligcomfort. De binnenzijde is gevuld met een <strong data-start=\"1674\" data-end=\"1701\">hoogwaardige schuimkern<\/strong> of <strong data-start=\"1705\" data-end=\"1729\">schuimvlokkenvulling<\/strong> (afhankelijk van de uitvoering). Deze zorgt voor een gelijkmatige drukverdeling, waardoor spieren en gewrichten worden ontlast.<\/p>\n<p data-start=\"1861\" data-end=\"2139\">De mat is stevig genoeg om voldoende ondersteuning te bieden, maar zacht genoeg om het lichaam van je hond comfortabel te laten rusten. Dit maakt de <strong data-start=\"2010\" data-end=\"2045\">MYPADO Stockholm Mono Hondenmat<\/strong> ideaal voor dagelijks gebruik \u2013 op de vloer, in een hondenmand, in de auto of in een bench.<\/p>\n<p data-start=\"2141\" data-end=\"2376\">Dankzij de vlakke constructie is de mat ook geschikt voor honden met mobiliteitsproblemen of oudere honden die moeite hebben met hoge randen. De <strong data-start=\"2286\" data-end=\"2321\">MYPADO Stockholm Mono Hondenmat<\/strong> biedt stabiliteit zonder in te boeten aan zachtheid.<\/p>\n<hr data-start=\"2378\" data-end=\"2381\" \/>\n<h4 data-start=\"2383\" data-end=\"2436\">Hoogwaardige materialen en eenvoudig onderhoud<\/h4>\n<p data-start=\"2438\" data-end=\"2690\">Zoals alle producten van MYPADO is ook de <strong data-start=\"2480\" data-end=\"2508\">Stockholm Mono Hondenmat<\/strong> vervaardigd van zorgvuldig geselecteerde materialen. De hoes is gemaakt van een <strong data-start=\"2589\" data-end=\"2624\">stevige, ademende structuurstof<\/strong> die zacht aanvoelt maar ook bestand is tegen dagelijks gebruik.<\/p>\n<p data-start=\"2692\" data-end=\"2738\">Belangrijke voordelen van de gebruikte stof:<\/p>\n<ul data-start=\"2740\" data-end=\"3082\">\n<li data-start=\"2740\" data-end=\"2821\">\n<p data-start=\"2742\" data-end=\"2821\"><strong data-start=\"2742\" data-end=\"2767\">Slijtvast en duurzaam<\/strong> \u2013 bestand tegen krassen, druk en intensief gebruik.<\/p>\n<\/li>\n<li data-start=\"2822\" data-end=\"2908\">\n<p data-start=\"2824\" data-end=\"2908\"><strong data-start=\"2824\" data-end=\"2850\">Ademend en comfortabel<\/strong> \u2013 zorgt voor een aangenaam klimaat, het hele jaar door.<\/p>\n<\/li>\n<li data-start=\"2909\" data-end=\"3014\">\n<p data-start=\"2911\" data-end=\"3014\"><strong data-start=\"2911\" data-end=\"2953\">Vuilafstotend en onderhoudsvriendelijk<\/strong> \u2013 vuil, haren en vocht kunnen eenvoudig worden verwijderd.<\/p>\n<\/li>\n<li data-start=\"3015\" data-end=\"3082\">\n<p data-start=\"3017\" data-end=\"3082\"><strong data-start=\"3017\" data-end=\"3053\">Afneembare hoes met ritssluiting<\/strong> \u2013 machinewasbaar op 30 \u00b0C.<\/p>\n<\/li>\n<\/ul>\n<p data-start=\"3084\" data-end=\"3351\">Voor dagelijks onderhoud kun je de <strong data-start=\"3119\" data-end=\"3154\">MYPADO Stockholm Mono Hondenmat<\/strong> eenvoudig stofzuigen, uitkloppen of afnemen met een vochtige doek. De <strong data-start=\"3225\" data-end=\"3241\">ritssluiting<\/strong> is netjes weggewerkt, zodat deze niet stoort tijdens het gebruik en extra bescherming biedt tegen slijtage.<\/p>\n<hr data-start=\"3353\" data-end=\"3356\" \/>\n<h4 data-start=\"3358\" data-end=\"3407\">Veelzijdig in gebruik \u2013 overal comfortabel<\/h4>\n<p data-start=\"3409\" data-end=\"3627\">Een groot voordeel van de <strong data-start=\"3435\" data-end=\"3470\">MYPADO Stockholm Mono Hondenmat<\/strong> is zijn veelzijdigheid. Dankzij het lichte gewicht en de vlakke constructie is de mat gemakkelijk te verplaatsen en geschikt voor verschillende situaties:<\/p>\n<ul data-start=\"3629\" data-end=\"3890\">\n<li data-start=\"3629\" data-end=\"3695\">\n<p data-start=\"3631\" data-end=\"3695\"><strong data-start=\"3631\" data-end=\"3640\">Thuis<\/strong> \u2013 als ligplek in de woonkamer, keuken of slaapkamer.<\/p>\n<\/li>\n<li data-start=\"3696\" data-end=\"3749\">\n<p data-start=\"3698\" data-end=\"3749\"><strong data-start=\"3698\" data-end=\"3713\">In de bench<\/strong> \u2013 voor extra comfort en isolatie.<\/p>\n<\/li>\n<li data-start=\"3750\" data-end=\"3814\">\n<p data-start=\"3752\" data-end=\"3814\"><strong data-start=\"3752\" data-end=\"3777\">In de auto of op reis<\/strong> \u2013 als draagbare rustplek onderweg.<\/p>\n<\/li>\n<li data-start=\"3815\" data-end=\"3890\">\n<p data-start=\"3817\" data-end=\"3890\"><strong data-start=\"3817\" data-end=\"3844\">Op terrassen of balkons<\/strong> \u2013 dankzij het robuuste, ademende materiaal.<\/p>\n<\/li>\n<\/ul>\n<p data-start=\"3892\" data-end=\"4057\">De <strong data-start=\"3895\" data-end=\"3930\">MYPADO Stockholm Mono Hondenmat<\/strong> biedt dus niet alleen comfort, maar ook flexibiliteit \u2013 ideaal voor honden die graag overal bij hun baas in de buurt liggen.<\/p>\n<hr data-start=\"4059\" data-end=\"4062\" \/>\n<h4 data-start=\"4064\" data-end=\"4100\">Duurzaam Europees vakmanschap<\/h4>\n<p data-start=\"4102\" data-end=\"4428\">De <strong data-start=\"4105\" data-end=\"4140\">MYPADO Stockholm Mono Hondenmat<\/strong> wordt, net als alle producten van MYPADO, met zorg en precisie vervaardigd in Europa. De productie voldoet aan strenge kwaliteitsnormen en milieuvriendelijke standaarden. Elk detail \u2013 van de stiknaden tot de rits en de vulling \u2013 is ontworpen voor langdurig gebruik en optimaal comfort.<\/p>\n<p data-start=\"4430\" data-end=\"4611\">Door de combinatie van <strong data-start=\"4453\" data-end=\"4519\">duurzame materialen, ergonomisch ontwerp en Europese productie<\/strong> biedt de <strong data-start=\"4529\" data-end=\"4564\">MYPADO Stockholm Mono Hondenmat<\/strong> een onge\u00ebvenaarde prijs-kwaliteitverhouding.<\/p>\n<hr data-start=\"4613\" data-end=\"4616\" \/>\n<h4 data-start=\"4618\" data-end=\"4671\">Verkrijgbaar in verschillende maten en kleuren<\/h4>\n<p data-start=\"4673\" data-end=\"4945\">De <strong data-start=\"4676\" data-end=\"4711\">MYPADO Stockholm Mono Hondenmat<\/strong> is verkrijgbaar in diverse maten, zodat elke hond \u2013 van kleine terri\u00ebr tot grote retriever \u2013 een passende rustplek heeft. De variatie in formaten maakt de mat ook perfect voor verschillende toepassingen, van bench tot vloergebruik.<\/p>\n<p data-start=\"4947\" data-end=\"5094\">De stijlvolle kleuren \u2013 zoals <strong data-start=\"4977\" data-end=\"5018\">grijs, antraciet, taupe en olijfgroen<\/strong> \u2013 zorgen ervoor dat je de mat gemakkelijk kunt afstemmen op je interieur.<\/p>\n<hr data-start=\"5096\" data-end=\"5099\" \/>\n<h4 data-start=\"5101\" data-end=\"5170\">Belangrijkste kenmerken van de MYPADO Stockholm Mono Hondenmat<\/h4>\n<ul data-start=\"5172\" data-end=\"5812\">\n<li data-start=\"5172\" data-end=\"5229\">\n<p data-start=\"5174\" data-end=\"5229\"><strong data-start=\"5174\" data-end=\"5198\">Scandinavisch design<\/strong> \u2013 strak, modern en tijdloos.<\/p>\n<\/li>\n<li data-start=\"5230\" data-end=\"5295\">\n<p data-start=\"5232\" data-end=\"5295\"><strong data-start=\"5232\" data-end=\"5262\">Hoogwaardige structuurstof<\/strong> \u2013 zacht, ademend en slijtvast.<\/p>\n<\/li>\n<li data-start=\"5296\" data-end=\"5382\">\n<p data-start=\"5298\" data-end=\"5382\"><strong data-start=\"5298\" data-end=\"5328\">Comfortabele schuimvulling<\/strong> \u2013 ondersteunt gewrichten en biedt optimaal comfort.<\/p>\n<\/li>\n<li data-start=\"5383\" data-end=\"5448\">\n<p data-start=\"5385\" data-end=\"5448\"><strong data-start=\"5385\" data-end=\"5421\">Afneembare hoes met ritssluiting<\/strong> \u2013 eenvoudig te reinigen.<\/p>\n<\/li>\n<li data-start=\"5449\" data-end=\"5526\">\n<p data-start=\"5451\" data-end=\"5526\"><strong data-start=\"5451\" data-end=\"5489\">Ademend en vuilafstotend materiaal<\/strong> \u2013 geschikt voor dagelijks gebruik.<\/p>\n<\/li>\n<li data-start=\"5527\" data-end=\"5599\">\n<p data-start=\"5529\" data-end=\"5599\"><strong data-start=\"5529\" data-end=\"5555\">Vlak en stevig ontwerp<\/strong> \u2013 ideaal voor honden van alle leeftijden.<\/p>\n<\/li>\n<li data-start=\"5600\" data-end=\"5666\">\n<p data-start=\"5602\" data-end=\"5666\"><strong data-start=\"5602\" data-end=\"5631\">Lichtgewicht en draagbaar<\/strong> \u2013 handig voor thuis of onderweg.<\/p>\n<\/li>\n<li data-start=\"5667\" data-end=\"5720\">\n<p data-start=\"5669\" data-end=\"5720\"><strong data-start=\"5669\" data-end=\"5693\">Europees vakmanschap<\/strong> \u2013 duurzaam geproduceerd.<\/p>\n<\/li>\n<li data-start=\"5721\" data-end=\"5812\">\n<p data-start=\"5723\" data-end=\"5812\"><strong data-start=\"5723\" data-end=\"5768\">Verkrijgbaar in meerdere maten en kleuren<\/strong> \u2013 passend bij elke hond en elk interieur.<\/p>\n<\/li>\n<\/ul>\n<hr data-start=\"5814\" data-end=\"5817\" \/>\n<h4 data-start=\"5819\" data-end=\"5910\">Conclusie \u2013 MYPADO Stockholm Mono Hondenmat: minimalistisch, comfortabel en duurzaam<\/h4>\n<p data-start=\"5912\" data-end=\"6246\">De <strong data-start=\"5915\" data-end=\"5950\">MYPADO Stockholm Mono Hondenmat<\/strong> is de perfecte keuze voor hondenbezitters die houden van <strong data-start=\"6008\" data-end=\"6049\">eenvoud, functionaliteit en kwaliteit<\/strong>. Dankzij het moderne Scandinavische design, de hoogwaardige materialen en het comfortabele ligoppervlak is deze hondenmat niet alleen praktisch, maar ook een stijlvolle toevoeging aan je woning.<\/p>\n<p data-start=\"6248\" data-end=\"6435\">Of je hond nu een rustige slaper is of graag overal zijn plekje zoekt \u2013 met de <strong data-start=\"6327\" data-end=\"6362\">MYPADO Stockholm Mono Hondenmat<\/strong> geef je hem altijd een zachte, ondersteunende en hygi\u00ebnische rustplek.<\/p>\n<p data-start=\"6437\" data-end=\"6640\" data-is-last-node=\"\" data-is-only-node=\"\">Kortom: de <strong data-start=\"6448\" data-end=\"6483\">MYPADO Stockholm Mono Hondenmat<\/strong> is <strong data-start=\"6487\" data-end=\"6513\">meer dan een hondenmat<\/strong> \u2013 het is een combinatie van design, comfort en duurzaamheid die jouw hond elke dag opnieuw laat genieten van pure ontspanning.<\/p>\n<\/div>\n<\/div>\n<\/div>\n<\/div>\n<div class=\"z-0 flex min-h-[46px] justify-start\">VULLING<\/div>\n<\/div>\n<\/div>\n<\/article>\n<p>Binnenkussen: Massief schuim<\/p>\n<h4>BIJZONDERHEDEN<\/h4>\n<p>Superzacht met gegarandeerde knuffelfactor<\/p>\n<p>Ook verkrijgbaar met visco-elastisch schuim (orthopedisch ligvlak)<\/p>\n<p><strong>BESCHIKBARE KLEUREN: <\/strong>Grijs, Lichtbruin, Creme, Antraciet, Bruin, Turqoise, Grijsbeige, Mosterdgeel en Roestbruin<\/p>\n<p><strong>BESCHIKBARE MATEN:<\/strong><\/p>\n<ul>\n<li>S &#8211; L 80cm \/ D 60cm \/ H 8cm<\/li>\n<li>M &#8211; L 100cm \/ D 70cm \/ H 8cm<\/li>\n<li>L &#8211; L 120cm \/ D 80cm \/ H 8cm<\/li>\n<li>XL &#8211; L 140cm \/ D 100cm \/ H 8cm<\/li>\n<\/ul>\n<p><a href=\"https:\/\/www.mypado.de\/\" target=\"_blank\" rel=\"noopener\"><img loading=\"lazy\" decoding=\"async\" class=\"alignnone wp-image-141808 size-full\" src=\"https:\/\/dogpride.nl\/wp-content\/uploads\/logo-mypad-1.jpg\" alt=\"\" width=\"197\" height=\"75\" srcset=\"https:\/\/dogpride.nl\/wp-content\/uploads\/logo-mypad-1.jpg 197w, https:\/\/dogpride.nl\/wp-content\/uploads\/logo-mypad-1-18x7.jpg 18w\" sizes=\"auto, (max-width: 197px) 100vw, 197px\" \/><\/a><\/p>\n<p><a href=\"https:\/\/dogpride.nl\/?s=harko&amp;post_type=product\"><img loading=\"lazy\" decoding=\"async\" class=\"alignnone\" title=\"MYPADO Stockholm Mono Hondenmat \" src=\"https:\/\/dogpride.nl\/wp-content\/uploads\/hundematte-stockholm-mono-grau-02_1280x1280.jpg\" alt=\"MYPADO Stockholm Mono Hondenmat \n\" width=\"213\" height=\"160\" \/><\/a><\/p>\n<\/div>\n","protected":false},"excerpt":{"rendered":"<p>Notre tapis pour chien mypado\u00ae Stockholm n&#039;est pas seulement beau, il est \u00e9galement dans une classe \u00e0 part en ce qui concerne les qualit\u00e9s de relaxation pour votre ami \u00e0 quatre pattes.<\/p>","protected":false},"featured_media":79116,"template":"","meta":[],"product_brand":[],"product_cat":[3343],"product_tag":[],"class_list":{"0":"post-79115","1":"product","2":"type-product","3":"status-publish","4":"has-post-thumbnail","6":"product_cat-mypado-hondenmanden","8":"first","9":"instock","10":"taxable","11":"shipping-taxable","12":"purchasable","13":"product-type-variable"},"mb":[],"mfb_rest_fields":["title"],"_links":{"self":[{"href":"https:\/\/dogpride.nl\/fr\/wp-json\/wp\/v2\/product\/79115","targetHints":{"allow":["GET"]}}],"collection":[{"href":"https:\/\/dogpride.nl\/fr\/wp-json\/wp\/v2\/product"}],"about":[{"href":"https:\/\/dogpride.nl\/fr\/wp-json\/wp\/v2\/types\/product"}],"wp:featuredmedia":[{"embeddable":true,"href":"https:\/\/dogpride.nl\/fr\/wp-json\/wp\/v2\/media\/79116"}],"wp:attachment":[{"href":"https:\/\/dogpride.nl\/fr\/wp-json\/wp\/v2\/media?parent=79115"}],"wp:term":[{"taxonomy":"product_brand","embeddable":true,"href":"https:\/\/dogpride.nl\/fr\/wp-json\/wp\/v2\/product_brand?post=79115"},{"taxonomy":"product_cat","embeddable":true,"href":"https:\/\/dogpride.nl\/fr\/wp-json\/wp\/v2\/product_cat?post=79115"},{"taxonomy":"product_tag","embeddable":true,"href":"https:\/\/dogpride.nl\/fr\/wp-json\/wp\/v2\/product_tag?post=79115"}],"curies":[{"name":"wp","href":"https:\/\/api.w.org\/{rel}","templated":true}]}}