{"id":78472,"date":"2021-12-22T11:18:49","date_gmt":"2021-12-22T10:18:49","guid":{"rendered":"https:\/\/www.dogpride.nl\/?post_type=product&#038;p=78472"},"modified":"2025-10-21T14:24:58","modified_gmt":"2025-10-21T12:24:58","slug":"whisper-ultralicht-tactisch-harnas-recon-k9","status":"publish","type":"product","link":"https:\/\/dogpride.nl\/fr\/whisper-ultralicht-tactisch-harnas-recon-k9\/","title":{"rendered":"Armure tactique ultra-l\u00e9g\u00e8re WHISPER \u2013 Recon K9"},"content":{"rendered":"<h4>Armure tactique ultra-l\u00e9g\u00e8re WHISPER \u2013 Recon K9<\/h4>\n<p><span class=\"VIiyi\" lang=\"fr\"><span class=\"\">Harnais tactique ultra-l\u00e9ger WHISPER - Recon K9 pour chiens et brigade canine<\/span><\/span><\/p>\n<p><span class=\"VIiyi\" lang=\"fr\"><span class=\"\">Le &quot;Whisper&quot; est la version super l\u00e9g\u00e8re de nos gilets tactiques complets, mais ce design minimaliste offre une grande libert\u00e9 de mouvement et de circulation de l&#039;air, ce qui est essentiel dans les climats plus chauds.\u00a0<\/span>Le haut et le bas rembourr\u00e9s offrent confort et protection \u00e0 votre chien, tandis que la poign\u00e9e a suffisamment de points de levage pour une utilisation quotidienne.<\/span><\/p>\n<p><strong>Caract\u00e9ristiques:<\/strong><br \/>\nLa construction renforc\u00e9e avec des mat\u00e9riaux homologu\u00e9s Mil-Spec offre le nec plus ultra en mati\u00e8re de durabilit\u00e9 et de r\u00e9sistance, chaque point de levage pouvant supporter 5 000 lb.<br \/>\nDeux poign\u00e9es tactiques moul\u00e9es en TPR pour un levage facile, m\u00eame avec des gants<br \/>\nPanneau sup\u00e9rieur MOLLE d\u00e9coup\u00e9 au laser Velcro pour badges et pi\u00e8ces jointes<br \/>\n<span class=\"goog-text-highlight\">Boucles avant et arri\u00e8re souples pour une signature sonore r\u00e9duite et une r\u00e9sistance ultime<\/span><br \/>\n<span class=\"goog-text-highlight\">Construction rembourr\u00e9e du haut et du bas du corps<\/span><br \/>\n<span class=\"goog-text-highlight\">Livr\u00e9 en standard avec les boucles AustriAlpin Cobra<\/span><br \/>\n<span class=\"goog-text-highlight\">Fabriqu\u00e9 aux Etats-Unis<\/span><\/p>\n<p>Tailles disponibles : S, M, L<\/p>\n<p>Disponible dans les couleurs Noir, Vert Camouflage, Coyote et Vert Fonc\u00e9<\/p>\n<p><strong>Tableau des tailles:<\/strong><\/p>\n<p><img loading=\"lazy\" decoding=\"async\" class=\"alignnone wp-image-78478 size-fusion-400\" src=\"https:\/\/www.dogpride.nl\/wp-content\/uploads\/vestsizechart_1800x1800-400x400.jpg\" alt=\"Maattabel Recon K9\" width=\"400\" height=\"400\" srcset=\"https:\/\/dogpride.nl\/wp-content\/uploads\/vestsizechart_1800x1800-400x400.jpg 400w, https:\/\/dogpride.nl\/wp-content\/uploads\/vestsizechart_1800x1800-250x250.jpg 250w, https:\/\/dogpride.nl\/wp-content\/uploads\/vestsizechart_1800x1800-100x100.jpg 100w, https:\/\/dogpride.nl\/wp-content\/uploads\/vestsizechart_1800x1800-300x300.jpg 300w, https:\/\/dogpride.nl\/wp-content\/uploads\/vestsizechart_1800x1800-150x150.jpg 150w, https:\/\/dogpride.nl\/wp-content\/uploads\/vestsizechart_1800x1800-768x768.jpg 768w, https:\/\/dogpride.nl\/wp-content\/uploads\/vestsizechart_1800x1800-66x66.jpg 66w, https:\/\/dogpride.nl\/wp-content\/uploads\/vestsizechart_1800x1800-200x200.jpg 200w, https:\/\/dogpride.nl\/wp-content\/uploads\/vestsizechart_1800x1800-600x600.jpg 600w, https:\/\/dogpride.nl\/wp-content\/uploads\/vestsizechart_1800x1800.jpg 800w\" sizes=\"auto, (max-width: 400px) 100vw, 400px\" \/> <img loading=\"lazy\" decoding=\"async\" class=\"alignnone wp-image-78479 size-fusion-400\" src=\"https:\/\/www.dogpride.nl\/wp-content\/uploads\/verybig-5566-5-400x400.jpg\" alt=\"Maattabel 2\" width=\"400\" height=\"400\" srcset=\"https:\/\/dogpride.nl\/wp-content\/uploads\/verybig-5566-5-400x400.jpg 400w, https:\/\/dogpride.nl\/wp-content\/uploads\/verybig-5566-5-250x250.jpg 250w, https:\/\/dogpride.nl\/wp-content\/uploads\/verybig-5566-5-100x100.jpg 100w, https:\/\/dogpride.nl\/wp-content\/uploads\/verybig-5566-5-300x300.jpg 300w, https:\/\/dogpride.nl\/wp-content\/uploads\/verybig-5566-5-150x150.jpg 150w, https:\/\/dogpride.nl\/wp-content\/uploads\/verybig-5566-5-66x66.jpg 66w, https:\/\/dogpride.nl\/wp-content\/uploads\/verybig-5566-5-200x200.jpg 200w, https:\/\/dogpride.nl\/wp-content\/uploads\/verybig-5566-5.jpg 520w\" sizes=\"auto, (max-width: 400px) 100vw, 400px\" \/><\/p>\n<p>&nbsp;<\/p>\n<p><a href=\"https:\/\/devrolijkekwispel.nl\/\" target=\"_blank\" rel=\"noopener\">Dogpride NL parraine Kelly Albers<\/a><\/p>\n<p><em>Je (Kelly Albers) suis active dans le secteur animal depuis 2015. Apr\u00e8s avoir suivi plusieurs formations, avoir acquis de nombreuses ann\u00e9es d&#039;exp\u00e9rience dans les sports canins et avoir travaill\u00e9 pour plusieurs entreprises animali\u00e8res pendant plusieurs ann\u00e9es.<\/em><br \/>\n<em>En mai 2018, j&#039;ai atteint un sommet dans ma carri\u00e8re de sport canin. Je suis devenu champion du monde WDSF dans la classe ipo2 et j&#039;ai ensuite particip\u00e9 au championnat n\u00e9erlandais toutes races.<\/em><\/p>","protected":false},"excerpt":{"rendered":"<p>Armure tactique ultral\u00e9g\u00e8re WHISPER \u2013 Recon K9. <span class=\"VIiyi\" lang=\"fr\"><span class=\"\">Le &quot;Whisper&quot; est la version super l\u00e9g\u00e8re de nos gilets tactiques complets, mais ce design minimaliste offre une grande libert\u00e9 de mouvement et de circulation d&#039;air.<\/span><\/span><\/p>","protected":false},"featured_media":78473,"template":"","meta":[],"product_brand":[],"product_cat":[2814],"product_tag":[],"class_list":{"0":"post-78472","1":"product","2":"type-product","3":"status-publish","4":"has-post-thumbnail","6":"product_cat-hondenharnassen","8":"first","9":"instock","10":"taxable","11":"shipping-taxable","12":"purchasable","13":"product-type-variable"},"mb":[],"mfb_rest_fields":["title"],"_links":{"self":[{"href":"https:\/\/dogpride.nl\/fr\/wp-json\/wp\/v2\/product\/78472","targetHints":{"allow":["GET"]}}],"collection":[{"href":"https:\/\/dogpride.nl\/fr\/wp-json\/wp\/v2\/product"}],"about":[{"href":"https:\/\/dogpride.nl\/fr\/wp-json\/wp\/v2\/types\/product"}],"wp:featuredmedia":[{"embeddable":true,"href":"https:\/\/dogpride.nl\/fr\/wp-json\/wp\/v2\/media\/78473"}],"wp:attachment":[{"href":"https:\/\/dogpride.nl\/fr\/wp-json\/wp\/v2\/media?parent=78472"}],"wp:term":[{"taxonomy":"product_brand","embeddable":true,"href":"https:\/\/dogpride.nl\/fr\/wp-json\/wp\/v2\/product_brand?post=78472"},{"taxonomy":"product_cat","embeddable":true,"href":"https:\/\/dogpride.nl\/fr\/wp-json\/wp\/v2\/product_cat?post=78472"},{"taxonomy":"product_tag","embeddable":true,"href":"https:\/\/dogpride.nl\/fr\/wp-json\/wp\/v2\/product_tag?post=78472"}],"curies":[{"name":"wp","href":"https:\/\/api.w.org\/{rel}","templated":true}]}}