{"id":77826,"date":"2021-12-06T11:18:55","date_gmt":"2021-12-06T10:18:55","guid":{"rendered":"https:\/\/www.dogpride.nl\/?post_type=product&#038;p=77826"},"modified":"2026-03-31T10:36:18","modified_gmt":"2026-03-31T08:36:18","slug":"speed-dogsport-sweater-bruno-3-0-unisex","status":"publish","type":"product","link":"https:\/\/dogpride.nl\/fr\/speed-dogsport-sweater-bruno-3-0-unisex\/","title":{"rendered":"SPEED Pull Dogsport BRUNO 3.0 Unisexe"},"content":{"rendered":"<h4>SPEED Pull Dogsport BRUNO 3.0 Unisexe<\/h4>\n<p>SPEED Pull Dogsport BRUNO 3.0 Unisexe<\/p>\n<p>Le vrai pull de sport pour chien SPEED DogsportSweater BRUNO 3.0 avec poche kangourou \u00e0 l&#039;avant et \u00e0 l&#039;arri\u00e8re !<br \/>\nPull \u00e0 la mode de Speed Dogsport\u00ae avec fermeture \u00e0 glissi\u00e8re d\u00e9cal\u00e9e, b\u00e2ton de logo de haute qualit\u00e9, capuche et poche kangourou \u00e0 l&#039;avant et \u00e0 l&#039;arri\u00e8re.<\/p>\n<p style=\"font-weight: 400;\">Notre pull est confortable \u00e0 porter et vous garde au chaud.<\/p>\n<h4><strong>Mat\u00e9riau du maillot Speed Dogsport\u00ae fabriqu\u00e9<\/strong>\u00a0<strong>de THERMAL FLEECE pour une chaleur parfaite<\/strong><\/h4>\n<p><strong>\u2713 QUALIT\u00c9 SUP\u00c9RIEURE \u2713 MEILLEURE polaire \u2713 MEILLEUR confort<\/strong><\/p>\n<ul>\n<li>design et coupe \u00e0 la mode<\/li>\n<li>mati\u00e8re chaude et agr\u00e9able \u00e0 porter<\/li>\n<li>avec capuche<\/li>\n<li>broderie noble avec fil \u00e0 broder MADEIRA<\/li>\n<li>Poche kangourou devant et\u00a0<strong>derri\u00e8re!<\/strong><\/li>\n<li>fermeture \u00e9clair YKK de haute qualit\u00e9<\/li>\n<li>petit accessoire en os sur la fermeture \u00e9clair<\/li>\n<li>disponible jusqu&#039;\u00e0 la taille 4-XL<\/li>\n<li>Marque : Speed Dogsport\u00ae<\/li>\n<li>Couleur de base : nombreuses combinaisons de couleurs<\/li>\n<li>Applications : B\u00e2ton (fil \u00e0 broder MADEIRA)<\/li>\n<li>Mod\u00e8le : Bruno 3.0<\/li>\n<\/ul>\n<p>Ce pull est disponible dans les coloris : Bleu et Rose<\/p>\n<p>Tailles : XS-4XL<\/p>\n<p><strong>Tableau des tailles:<\/strong><\/p>\n<p><img loading=\"lazy\" decoding=\"async\" class=\"alignnone wp-image-77837 size-large\" src=\"https:\/\/www.dogpride.nl\/wp-content\/uploads\/Maattabel-Bradford-1-1024x723.jpg\" alt=\"Maattabel Speed Dogsport\" width=\"1024\" height=\"723\" srcset=\"https:\/\/dogpride.nl\/wp-content\/uploads\/Maattabel-Bradford-1-1024x723.jpg 1024w, https:\/\/dogpride.nl\/wp-content\/uploads\/Maattabel-Bradford-1-250x177.jpg 250w, https:\/\/dogpride.nl\/wp-content\/uploads\/Maattabel-Bradford-1-400x283.jpg 400w, https:\/\/dogpride.nl\/wp-content\/uploads\/Maattabel-Bradford-1-300x212.jpg 300w, https:\/\/dogpride.nl\/wp-content\/uploads\/Maattabel-Bradford-1-768x542.jpg 768w, https:\/\/dogpride.nl\/wp-content\/uploads\/Maattabel-Bradford-1-200x141.jpg 200w, https:\/\/dogpride.nl\/wp-content\/uploads\/Maattabel-Bradford-1-600x424.jpg 600w, https:\/\/dogpride.nl\/wp-content\/uploads\/Maattabel-Bradford-1-800x565.jpg 800w, https:\/\/dogpride.nl\/wp-content\/uploads\/Maattabel-Bradford-1.jpg 1110w\" sizes=\"auto, (max-width: 1024px) 100vw, 1024px\" \/><\/p>\n<p><a href=\"https:\/\/dogpride.nl\/fr\/kleding\/hoodies\/speed-dogsport-hoodies\/\"><img loading=\"lazy\" decoding=\"async\" class=\"alignnone\" title=\"SPEED Pull Dogsport BRUNO 3.0 Unisexe\" src=\"https:\/\/dogpride.nl\/wp-content\/uploads\/hundesport-sweater-bruno-5.jpg\" alt=\"SPEED Dogsport Sweater BRUNO 3.0 Unisex\" width=\"177\" height=\"177\" \/><\/a><\/p>\n<p>&nbsp;<\/p>\n<p><a href=\"https:\/\/speed-dogsport.com\/en\/\" target=\"_blank\" rel=\"noopener\"><img loading=\"lazy\" decoding=\"async\" class=\"alignnone wp-image-140028 size-medium\" src=\"https:\/\/dogpride.nl\/wp-content\/uploads\/Logo-11-300x102.png\" alt=\"logo\" width=\"300\" height=\"102\" srcset=\"https:\/\/dogpride.nl\/wp-content\/uploads\/Logo-11-300x102.png 300w, https:\/\/dogpride.nl\/wp-content\/uploads\/Logo-11-768x260.png 768w, https:\/\/dogpride.nl\/wp-content\/uploads\/Logo-11-18x6.png 18w, https:\/\/dogpride.nl\/wp-content\/uploads\/Logo-11-250x85.png 250w, https:\/\/dogpride.nl\/wp-content\/uploads\/Logo-11-400x135.png 400w, https:\/\/dogpride.nl\/wp-content\/uploads\/Logo-11.png 836w\" sizes=\"auto, (max-width: 300px) 100vw, 300px\" \/><\/a><\/p>","protected":false},"excerpt":{"rendered":"<p>SPEED Pull Dogsport BRUNO 3.0 Unisexe. Pull \u00e0 la mode de Speed Dogsport\u00ae avec fermeture \u00e0 glissi\u00e8re d\u00e9cal\u00e9e, b\u00e2ton de logo de haute qualit\u00e9, capuche et poche kangourou \u00e0 l&#039;avant et \u00e0 l&#039;arri\u00e8re.<\/p>","protected":false},"featured_media":77827,"template":"","meta":[],"product_brand":[],"product_cat":[3892,3876],"product_tag":[22383,22384],"class_list":{"0":"post-77826","1":"product","2":"type-product","3":"status-publish","4":"has-post-thumbnail","6":"product_cat-speed-dogsport-hoodies","7":"product_cat-speed-dogsport-trainingsvesten","8":"product_tag-hondensporttrui","9":"product_tag-sweater","11":"first","12":"instock","13":"taxable","14":"shipping-taxable","15":"purchasable","16":"product-type-variable"},"mb":[],"mfb_rest_fields":["title"],"_links":{"self":[{"href":"https:\/\/dogpride.nl\/fr\/wp-json\/wp\/v2\/product\/77826","targetHints":{"allow":["GET"]}}],"collection":[{"href":"https:\/\/dogpride.nl\/fr\/wp-json\/wp\/v2\/product"}],"about":[{"href":"https:\/\/dogpride.nl\/fr\/wp-json\/wp\/v2\/types\/product"}],"wp:featuredmedia":[{"embeddable":true,"href":"https:\/\/dogpride.nl\/fr\/wp-json\/wp\/v2\/media\/77827"}],"wp:attachment":[{"href":"https:\/\/dogpride.nl\/fr\/wp-json\/wp\/v2\/media?parent=77826"}],"wp:term":[{"taxonomy":"product_brand","embeddable":true,"href":"https:\/\/dogpride.nl\/fr\/wp-json\/wp\/v2\/product_brand?post=77826"},{"taxonomy":"product_cat","embeddable":true,"href":"https:\/\/dogpride.nl\/fr\/wp-json\/wp\/v2\/product_cat?post=77826"},{"taxonomy":"product_tag","embeddable":true,"href":"https:\/\/dogpride.nl\/fr\/wp-json\/wp\/v2\/product_tag?post=77826"}],"curies":[{"name":"wp","href":"https:\/\/api.w.org\/{rel}","templated":true}]}}