{"id":77340,"date":"2021-11-22T11:25:06","date_gmt":"2021-11-22T10:25:06","guid":{"rendered":"https:\/\/www.dogpride.nl\/?post_type=product&#038;p=77340"},"modified":"2021-12-13T12:30:44","modified_gmt":"2021-12-13T11:30:44","slug":"pollux-steekwerend-vest-kr1-sp1-in-3-kleuren","status":"publish","type":"product","link":"https:\/\/dogpride.nl\/fr\/pollux-steekwerend-vest-kr1-sp1-in-3-kleuren\/","title":{"rendered":"Gilet anti-couteau Pollux KR1-SP1 en 3 couleurs"},"content":{"rendered":"<h4>Gilet anti-couteau Pollux KR1-SP1 en 3 couleurs<\/h4>\n<p>Gilet anti-couteau Pollux KR1-SP1 en 3 couleurs. Le gilet anti-couteau discret Pollux KR1-SP1 Entry Solution de la marque Sioen est adapt\u00e9 \u00e0 un usage quotidien \u00e0 porter discr\u00e8tement sous les v\u00eatements. Les \u00e9paules et la ceinture sont en mati\u00e8re \u00e9lastom\u00e8re procurant une sensation de confort et une incroyable libert\u00e9 de mouvement in\u00e9gal\u00e9e.<br \/>\nLe mod\u00e8le comprend \u00e9galement un OUTLAST \u00e0 base de Thermoliner. Un syst\u00e8me de gestion de la chaleur et de la transpiration bas\u00e9 sur une doublure Outlast. Ce tissu a une fonction de r\u00e9gulation de la temp\u00e9rature qui absorbe la chaleur au-dessus de 37 \u00b0 C pour donner \u00e0 la temp\u00e9rature corporelle un effet de refroidissement suppl\u00e9mentaire, en plus de ses excellentes propri\u00e9t\u00e9s d&#039;absorption de l&#039;humidit\u00e9.<\/p>\n<h4>Le gilet Pollux offre une protection \u00e0 l&#039;avant, \u00e0 l&#039;arri\u00e8re et sur les c\u00f4t\u00e9s. Il s&#039;agit d&#039;un gilet anti-coup de poignard professionnel largement utilis\u00e9 par les services gouvernementaux. Est uniquement certifi\u00e9 en tant que gilet anti-coups, ce qui le rend disponible gratuitement sans permis ni documents sp\u00e9ciaux.<\/h4>\n<p>Avec ce gilet anti-coups de couteau KR1-SP1, le KR1 est synonyme de r\u00e9sistance aux attaques au couteau. La r\u00e9sistance stab KR1 est bas\u00e9e sur les normes anglaises HOSDB. Ce gilet de protection anti-couteau a une protection bas\u00e9e sur une attaque au couteau avec une \u00e9nergie de 24 joules, o\u00f9 la pointe du couteau ne peut pas p\u00e9n\u00e9trer plus profond\u00e9ment que 7 mm \u00e0 travers le gilet et avec une \u00e9nergie de 36 joules, la pointe ne peut pas p\u00e9n\u00e9trer plus profond\u00e9ment plus de 20 mm p\u00e9n\u00e8trent. Il s&#039;agit d&#039;une protection contre une attaque au couteau avec une lame solide.<\/p>\n<p>Le SP1 est une r\u00e9sistance aux attaques de pointe. Les poin\u00e7ons sont compl\u00e8tement diff\u00e9rents des couteaux car ils ont une tr\u00e8s petite surface de contact et sont tr\u00e8s difficiles \u00e0 arr\u00eater. Les attaques avec des poin\u00e7ons signifient; tournevis bien aiguis\u00e9s, clous aiguis\u00e9s, aiguilles \u00e0 tricoter, etc... La r\u00e9sistance aux pointes SP1 est \u00e9galement bas\u00e9e sur les normes anglaises HOSDB. Cette protection est bas\u00e9e sur une attaque de pointe avec une \u00e9nergie de 24 joules, o\u00f9 la pointe de la pointe ne peut pas p\u00e9n\u00e9trer plus de 7 mm \u00e0 travers le gilet et avec une \u00e9nergie de 36 joules, la pointe ne peut pas p\u00e9n\u00e9trer plus profond\u00e9ment que 20 mm.<\/p>\n<h4>Il s&#039;agit d&#039;une protection contre une attaque de pointe par-dessus le bras avec un poin\u00e7on solide.<\/h4>\n<p>Tailles : XS-3XL<\/p>\n<p><img loading=\"lazy\" decoding=\"async\" class=\"alignnone size-full wp-image-77216\" src=\"https:\/\/www.dogpride.nl\/wp-content\/uploads\/Maattabel-snijwerende-vesten.jpg\" alt=\"\" width=\"608\" height=\"134\" srcset=\"https:\/\/dogpride.nl\/wp-content\/uploads\/Maattabel-snijwerende-vesten.jpg 608w, https:\/\/dogpride.nl\/wp-content\/uploads\/Maattabel-snijwerende-vesten-250x55.jpg 250w, https:\/\/dogpride.nl\/wp-content\/uploads\/Maattabel-snijwerende-vesten-400x88.jpg 400w, https:\/\/dogpride.nl\/wp-content\/uploads\/Maattabel-snijwerende-vesten-300x66.jpg 300w, https:\/\/dogpride.nl\/wp-content\/uploads\/Maattabel-snijwerende-vesten-200x44.jpg 200w, https:\/\/dogpride.nl\/wp-content\/uploads\/Maattabel-snijwerende-vesten-600x132.jpg 600w\" sizes=\"auto, (max-width: 608px) 100vw, 608px\" \/><\/p>","protected":false},"excerpt":{"rendered":"<p>Le gilet anti-couteau Pollux KR1-SP1 en 3 couleurs convient \u00e0 un usage quotidien \u00e0 porter discr\u00e8tement sous les v\u00eatements.<\/p>","protected":false},"featured_media":77341,"template":"","meta":[],"product_brand":[],"product_cat":[2911],"product_tag":[],"class_list":{"0":"post-77340","1":"product","2":"type-product","3":"status-publish","4":"has-post-thumbnail","6":"product_cat-pbm","8":"first","9":"instock","10":"taxable","11":"shipping-taxable","12":"purchasable","13":"product-type-variable"},"mb":[],"mfb_rest_fields":["title"],"_links":{"self":[{"href":"https:\/\/dogpride.nl\/fr\/wp-json\/wp\/v2\/product\/77340","targetHints":{"allow":["GET"]}}],"collection":[{"href":"https:\/\/dogpride.nl\/fr\/wp-json\/wp\/v2\/product"}],"about":[{"href":"https:\/\/dogpride.nl\/fr\/wp-json\/wp\/v2\/types\/product"}],"wp:featuredmedia":[{"embeddable":true,"href":"https:\/\/dogpride.nl\/fr\/wp-json\/wp\/v2\/media\/77341"}],"wp:attachment":[{"href":"https:\/\/dogpride.nl\/fr\/wp-json\/wp\/v2\/media?parent=77340"}],"wp:term":[{"taxonomy":"product_brand","embeddable":true,"href":"https:\/\/dogpride.nl\/fr\/wp-json\/wp\/v2\/product_brand?post=77340"},{"taxonomy":"product_cat","embeddable":true,"href":"https:\/\/dogpride.nl\/fr\/wp-json\/wp\/v2\/product_cat?post=77340"},{"taxonomy":"product_tag","embeddable":true,"href":"https:\/\/dogpride.nl\/fr\/wp-json\/wp\/v2\/product_tag?post=77340"}],"curies":[{"name":"wp","href":"https:\/\/api.w.org\/{rel}","templated":true}]}}