{"id":77315,"date":"2021-11-19T17:08:29","date_gmt":"2021-11-19T16:08:29","guid":{"rendered":"https:\/\/www.dogpride.nl\/?post_type=product&#038;p=77315"},"modified":"2023-10-18T12:06:17","modified_gmt":"2023-10-18T10:06:17","slug":"deluxe-zwart-steekwerend-vest-titanskin-kr1-sp1","status":"publish","type":"product","link":"https:\/\/dogpride.nl\/fr\/deluxe-zwart-steekwerend-vest-titanskin-kr1-sp1\/","title":{"rendered":"Gilet anti-couteau noir de luxe Titanskin KR1-SP1"},"content":{"rendered":"<h4>Gilet anti-couteau noir de luxe Titanskin KR1-SP1<\/h4>\n<p>Gilet anti-couteau discret noir Deluxe Titanskin KR1-SP1 de la marque Engarde. Ce gilet de luxe est respirant et offre un confort sup\u00e9rieur, m\u00eame en cas d&#039;utilisation prolong\u00e9e dans des climats chauds. Le gilet anti-couteau Deluxe a \u00e9t\u00e9 sp\u00e9cialement d\u00e9velopp\u00e9 pour les missions discr\u00e8tes et convient aussi bien aux hommes qu&#039;aux femmes. Bien ajustable et adaptable pour un bon ajustement. Ce gilet anti-couteau discret est souvent port\u00e9 sous les v\u00eatements ou sous un uniforme par les gardes ou les citoyens ordinaires qui ont besoin de protection.Ce gilet est uniquement certifi\u00e9 comme gilet anti-coup de couteau, ce qui le rend disponible gratuitement sans permis ni documents sp\u00e9ciaux.<\/p>\n<p>Avec ce gilet anti-coups de couteau KR1-SP1, le KR1 est synonyme de r\u00e9sistance aux attaques au couteau. La r\u00e9sistance de prise KR1 est bas\u00e9e sur les normes anglaises HOSDB. Ce gilet de protection anti-couteau a une protection bas\u00e9e sur une attaque au couteau avec une \u00e9nergie de 24 joules, o\u00f9 la pointe du couteau ne peut pas p\u00e9n\u00e9trer plus profond\u00e9ment que 7 mm \u00e0 travers le gilet et avec une \u00e9nergie de 36 joules, la pointe ne peut pas p\u00e9n\u00e9trer plus profond\u00e9ment plus de 20 mm p\u00e9n\u00e8trent. Il s&#039;agit d&#039;une protection contre une attaque au couteau avec une lame solide.<\/p>\n<p>Le SP1 est une r\u00e9sistance aux attaques de pointe. Les poin\u00e7ons sont compl\u00e8tement diff\u00e9rents des couteaux, car ils ont une tr\u00e8s petite surface de contact et sont tr\u00e8s difficiles \u00e0 arr\u00eater. Les attaques avec des poin\u00e7ons signifient; tournevis bien aiguis\u00e9s, clous aiguis\u00e9s, pics \u00e0 glace, aiguilles \u00e0 tricoter, etc... La r\u00e9sistance aux pointes SP1 est \u00e9galement bas\u00e9e sur les normes anglaises HOSDB. Cette protection est bas\u00e9e sur une attaque de pointe avec une \u00e9nergie de 24 joules, o\u00f9 la pointe de la pointe ne peut pas p\u00e9n\u00e9trer plus de 7 mm \u00e0 travers le gilet et avec une \u00e9nergie de 36 joules, la pointe ne peut pas p\u00e9n\u00e9trer plus profond\u00e9ment que 20 mm. Il s&#039;agit d&#039;une protection contre une attaque de pointe par-dessus le bras avec un poin\u00e7on solide.<\/p>\n<p>Tailles : XS-5XL<\/p>\n<p><img loading=\"lazy\" decoding=\"async\" class=\"alignnone size-full wp-image-77240\" src=\"https:\/\/www.dogpride.nl\/wp-content\/uploads\/Maattabel-Engarde.jpg\" alt=\"\" width=\"605\" height=\"116\" srcset=\"https:\/\/dogpride.nl\/wp-content\/uploads\/Maattabel-Engarde.jpg 605w, https:\/\/dogpride.nl\/wp-content\/uploads\/Maattabel-Engarde-250x48.jpg 250w, https:\/\/dogpride.nl\/wp-content\/uploads\/Maattabel-Engarde-400x77.jpg 400w, https:\/\/dogpride.nl\/wp-content\/uploads\/Maattabel-Engarde-300x58.jpg 300w, https:\/\/dogpride.nl\/wp-content\/uploads\/Maattabel-Engarde-200x38.jpg 200w, https:\/\/dogpride.nl\/wp-content\/uploads\/Maattabel-Engarde-600x115.jpg 600w\" sizes=\"auto, (max-width: 605px) 100vw, 605px\" \/><\/p>","protected":false},"excerpt":{"rendered":"<p>Gilet anti-couteau noir de luxe Titanskin KR1-SP1. Ce gilet de luxe est respirant et offre un confort sup\u00e9rieur, m\u00eame en cas d&#039;utilisation prolong\u00e9e dans des climats chauds.<\/p>","protected":false},"featured_media":77316,"template":"","meta":[],"product_brand":[],"product_cat":[2911],"product_tag":[],"class_list":{"0":"post-77315","1":"product","2":"type-product","3":"status-publish","4":"has-post-thumbnail","6":"product_cat-pbm","8":"first","9":"instock","10":"taxable","11":"shipping-taxable","12":"purchasable","13":"product-type-variable"},"mb":[],"mfb_rest_fields":["title"],"_links":{"self":[{"href":"https:\/\/dogpride.nl\/fr\/wp-json\/wp\/v2\/product\/77315","targetHints":{"allow":["GET"]}}],"collection":[{"href":"https:\/\/dogpride.nl\/fr\/wp-json\/wp\/v2\/product"}],"about":[{"href":"https:\/\/dogpride.nl\/fr\/wp-json\/wp\/v2\/types\/product"}],"wp:featuredmedia":[{"embeddable":true,"href":"https:\/\/dogpride.nl\/fr\/wp-json\/wp\/v2\/media\/77316"}],"wp:attachment":[{"href":"https:\/\/dogpride.nl\/fr\/wp-json\/wp\/v2\/media?parent=77315"}],"wp:term":[{"taxonomy":"product_brand","embeddable":true,"href":"https:\/\/dogpride.nl\/fr\/wp-json\/wp\/v2\/product_brand?post=77315"},{"taxonomy":"product_cat","embeddable":true,"href":"https:\/\/dogpride.nl\/fr\/wp-json\/wp\/v2\/product_cat?post=77315"},{"taxonomy":"product_tag","embeddable":true,"href":"https:\/\/dogpride.nl\/fr\/wp-json\/wp\/v2\/product_tag?post=77315"}],"curies":[{"name":"wp","href":"https:\/\/api.w.org\/{rel}","templated":true}]}}