{"id":77293,"date":"2021-11-19T15:30:31","date_gmt":"2021-11-19T14:30:31","guid":{"rendered":"https:\/\/www.dogpride.nl\/?post_type=product&#038;p=77293"},"modified":"2021-11-29T11:47:58","modified_gmt":"2021-11-29T10:47:58","slug":"helios-fluogeel-steekwerend-vest-kr1-sp1","status":"publish","type":"product","link":"https:\/\/dogpride.nl\/fr\/helios-fluogeel-steekwerend-vest-kr1-sp1\/","title":{"rendered":"Helios gilet anti-couteau jaune fluo KR1-SP1"},"content":{"rendered":"<h4 class=\"jw-heading-100\">Helios gilet anti-couteau jaune fluo KR1-SP1<\/h4>\n<p>Le gilet anti-couteau Helios jaune fluorescent et tr\u00e8s visible KR1-SP1 de la marque Sioen a \u00e9t\u00e9 sp\u00e9cialement d\u00e9velopp\u00e9 pour les services d&#039;urgence et les services d&#039;assistance tels que les services m\u00e9dicaux, les ambulances, les services d&#039;urgence, les m\u00e9decins et \u00e9galement pour les stewards. Le gilet anti-couteau Helios offre une protection \u00e0 l&#039;avant, \u00e0 l&#039;arri\u00e8re et sur les c\u00f4t\u00e9s et convient aussi bien aux hommes qu&#039;aux femmes. Il s&#039;agit d&#039;un gilet fluorescent r\u00e9fl\u00e9chissant r\u00e9sistant aux coups de couteau professionnel largement utilis\u00e9 par les services d&#039;ambulance et les stewards. Ce gilet est uniquement certifi\u00e9 en tant que gilet r\u00e9sistant aux coups de couteau, ce qui le rend disponible gratuitement sans permis ni documents sp\u00e9ciaux.<\/p>\n<p>Avec ce gilet anti-couteau jaune fluo Helios KR1-SP1, le KR1 est synonyme de r\u00e9sistance aux attaques \u00e0 l&#039;arme blanche. La r\u00e9sistance de prise KR1 est bas\u00e9e sur les normes anglaises HOSDB. Ce gilet de protection anti-couteau a une protection bas\u00e9e sur une attaque au couteau avec une \u00e9nergie de 24 joules, o\u00f9 la pointe du couteau ne peut pas p\u00e9n\u00e9trer plus profond\u00e9ment que 7 mm \u00e0 travers le gilet et avec une \u00e9nergie de 36 joules, la pointe ne peut pas p\u00e9n\u00e9trer plus profond\u00e9ment plus de 20 mm p\u00e9n\u00e8trent. Il s&#039;agit d&#039;une protection contre une attaque au couteau avec une lame solide.<\/p>\n<p>Le SP1 est une r\u00e9sistance aux attaques de pointe. Les poin\u00e7ons sont compl\u00e8tement diff\u00e9rents des couteaux, car ils ont une tr\u00e8s petite surface de contact et sont tr\u00e8s difficiles \u00e0 arr\u00eater. Les attaques avec des poin\u00e7ons signifient; tournevis aiguis\u00e9s, clous aiguis\u00e9s, aiguilles \u00e0 tricoter, etc. La r\u00e9sistance aux pointes SP1 est \u00e9galement bas\u00e9e sur les normes anglaises HOSDB. Cette protection est bas\u00e9e sur une attaque de pointe avec une \u00e9nergie de 24 joules, o\u00f9 la pointe de la pointe ne peut pas p\u00e9n\u00e9trer plus de 7 mm \u00e0 travers le gilet et avec une \u00e9nergie de 36 joules, la pointe ne peut pas p\u00e9n\u00e9trer plus profond\u00e9ment que 20 mm. Il s&#039;agit d&#039;une protection contre une attaque de pointe par-dessus le bras avec un poin\u00e7on solide.<\/p>\n<p>Tailles Gilet anti-couteau Helios jaune fluo KR1-SP1 : XS-3XL<\/p>\n<p><img loading=\"lazy\" decoding=\"async\" class=\"alignnone size-full wp-image-77216\" src=\"https:\/\/www.dogpride.nl\/wp-content\/uploads\/Maattabel-snijwerende-vesten.jpg\" alt=\"\" width=\"608\" height=\"134\" srcset=\"https:\/\/dogpride.nl\/wp-content\/uploads\/Maattabel-snijwerende-vesten.jpg 608w, https:\/\/dogpride.nl\/wp-content\/uploads\/Maattabel-snijwerende-vesten-250x55.jpg 250w, https:\/\/dogpride.nl\/wp-content\/uploads\/Maattabel-snijwerende-vesten-400x88.jpg 400w, https:\/\/dogpride.nl\/wp-content\/uploads\/Maattabel-snijwerende-vesten-300x66.jpg 300w, https:\/\/dogpride.nl\/wp-content\/uploads\/Maattabel-snijwerende-vesten-200x44.jpg 200w, https:\/\/dogpride.nl\/wp-content\/uploads\/Maattabel-snijwerende-vesten-600x132.jpg 600w\" sizes=\"auto, (max-width: 608px) 100vw, 608px\" \/><\/p>\n<h4 class=\"jw-heading-100\"><\/h4>","protected":false},"excerpt":{"rendered":"<p class=\"jw-heading-100\">Le gilet anti-couteau jaune fluo Helios KR1-SP1 a \u00e9t\u00e9 sp\u00e9cialement d\u00e9velopp\u00e9 pour les services d&#039;urgence et les services d&#039;assistance tels que les services m\u00e9dicaux, les ambulances, les services d&#039;urgence, les m\u00e9decins et \u00e9galement pour les stewards.<\/p>","protected":false},"featured_media":77294,"template":"","meta":[],"product_brand":[],"product_cat":[2911],"product_tag":[],"class_list":{"0":"post-77293","1":"product","2":"type-product","3":"status-publish","4":"has-post-thumbnail","6":"product_cat-pbm","8":"first","9":"instock","10":"taxable","11":"shipping-taxable","12":"purchasable","13":"product-type-variable"},"mb":[],"mfb_rest_fields":["title"],"_links":{"self":[{"href":"https:\/\/dogpride.nl\/fr\/wp-json\/wp\/v2\/product\/77293","targetHints":{"allow":["GET"]}}],"collection":[{"href":"https:\/\/dogpride.nl\/fr\/wp-json\/wp\/v2\/product"}],"about":[{"href":"https:\/\/dogpride.nl\/fr\/wp-json\/wp\/v2\/types\/product"}],"wp:featuredmedia":[{"embeddable":true,"href":"https:\/\/dogpride.nl\/fr\/wp-json\/wp\/v2\/media\/77294"}],"wp:attachment":[{"href":"https:\/\/dogpride.nl\/fr\/wp-json\/wp\/v2\/media?parent=77293"}],"wp:term":[{"taxonomy":"product_brand","embeddable":true,"href":"https:\/\/dogpride.nl\/fr\/wp-json\/wp\/v2\/product_brand?post=77293"},{"taxonomy":"product_cat","embeddable":true,"href":"https:\/\/dogpride.nl\/fr\/wp-json\/wp\/v2\/product_cat?post=77293"},{"taxonomy":"product_tag","embeddable":true,"href":"https:\/\/dogpride.nl\/fr\/wp-json\/wp\/v2\/product_tag?post=77293"}],"curies":[{"name":"wp","href":"https:\/\/api.w.org\/{rel}","templated":true}]}}