{"id":77269,"date":"2021-11-19T15:05:35","date_gmt":"2021-11-19T14:05:35","guid":{"rendered":"https:\/\/www.dogpride.nl\/?post_type=product&#038;p=77269"},"modified":"2021-12-13T12:33:20","modified_gmt":"2021-12-13T11:33:20","slug":"goedkoop-steekvest-basic-economic","status":"publish","type":"product","link":"https:\/\/dogpride.nl\/fr\/goedkoop-steekvest-basic-economic\/","title":{"rendered":"Gilet stab pas cher Basic Economic"},"content":{"rendered":"<h4>Gilet stab pas cher Basic Economic<\/h4>\n<p>Gilet stab pas cher Basic Economic. Gilet r\u00e9sistant aux coups de couteaux, poin\u00e7ons et aiguilles. Gilet de protection r\u00e9sistant aux chocs contre les coups de b\u00e2ton ou les coups de poing. Le gilet \u00e9conomique Basic stab est un gilet anti-agression pas cher, sp\u00e9cialement d\u00e9velopp\u00e9 pour un port discret sous des v\u00eatements tels qu&#039;un sweat de s\u00e9curit\u00e9, un pull ou un tee-shirt anti-coupure. Le gilet est enti\u00e8rement entour\u00e9 d&#039;une armure en plastique de 2,2 mm d&#039;\u00e9paisseur et de deux poches (avant et arri\u00e8re) avec des plaques de protection en aluminium dur. R\u00e9sistance au coup de poignard d&#039;environ 14 joules sur la plaque en aluminium.<\/p>\n<p>Protection de base efficace et bon march\u00e9 contre un coup de couteau.<\/p>\n<p>Largement utilis\u00e9 par la s\u00e9curit\u00e9 locale lors de festivals, mouvements de jeunesse, carnavals, etc.<\/p>\n<p>Tailles : SM et L-XL<\/p>","protected":false},"excerpt":{"rendered":"<p>Gilet plug-in pas cher Basic Economic. Gilet r\u00e9sistant aux coups de couteaux, poin\u00e7ons et aiguilles. Gilet de protection r\u00e9sistant aux chocs contre les coups de b\u00e2ton ou les coups de poing.<\/p>","protected":false},"featured_media":77270,"template":"","meta":[],"product_brand":[],"product_cat":[2911],"product_tag":[],"class_list":{"0":"post-77269","1":"product","2":"type-product","3":"status-publish","4":"has-post-thumbnail","6":"product_cat-pbm","8":"first","9":"instock","10":"taxable","11":"shipping-taxable","12":"purchasable","13":"product-type-variable"},"mb":[],"mfb_rest_fields":["title"],"_links":{"self":[{"href":"https:\/\/dogpride.nl\/fr\/wp-json\/wp\/v2\/product\/77269","targetHints":{"allow":["GET"]}}],"collection":[{"href":"https:\/\/dogpride.nl\/fr\/wp-json\/wp\/v2\/product"}],"about":[{"href":"https:\/\/dogpride.nl\/fr\/wp-json\/wp\/v2\/types\/product"}],"wp:featuredmedia":[{"embeddable":true,"href":"https:\/\/dogpride.nl\/fr\/wp-json\/wp\/v2\/media\/77270"}],"wp:attachment":[{"href":"https:\/\/dogpride.nl\/fr\/wp-json\/wp\/v2\/media?parent=77269"}],"wp:term":[{"taxonomy":"product_brand","embeddable":true,"href":"https:\/\/dogpride.nl\/fr\/wp-json\/wp\/v2\/product_brand?post=77269"},{"taxonomy":"product_cat","embeddable":true,"href":"https:\/\/dogpride.nl\/fr\/wp-json\/wp\/v2\/product_cat?post=77269"},{"taxonomy":"product_tag","embeddable":true,"href":"https:\/\/dogpride.nl\/fr\/wp-json\/wp\/v2\/product_tag?post=77269"}],"curies":[{"name":"wp","href":"https:\/\/api.w.org\/{rel}","templated":true}]}}