{"id":77259,"date":"2021-11-19T13:10:06","date_gmt":"2021-11-19T12:10:06","guid":{"rendered":"https:\/\/www.dogpride.nl\/?post_type=product&#038;p=77259"},"modified":"2021-11-29T12:33:24","modified_gmt":"2021-11-29T11:33:24","slug":"helios-basic-economic-steekvest-geel","status":"publish","type":"product","link":"https:\/\/dogpride.nl\/fr\/helios-basic-economic-steekvest-geel\/","title":{"rendered":"Helios Basic gilet stab \u00e9conomique Jaune"},"content":{"rendered":"<h4>Helios Basic gilet stab \u00e9conomique Jaune<\/h4>\n<p>Le gilet \u00e9conomique pas cher Helios Basic Jaune a \u00e9t\u00e9 con\u00e7u pour les b\u00e9n\u00e9voles qui doivent acheter un gilet de protection avec leurs propres moyens. Le gilet anti-couteau \u00e9conomique Helios Basic Jaune fluo et tr\u00e8s visible est \u00e9quip\u00e9 d&#039;un gilet anti-couteau Basic Economic.<\/p>\n<p>Ce gilet r\u00e9sistant aux coups de couteau n&#039;est pas officiellement certifi\u00e9, ce qui le rend consid\u00e9rablement moins cher, mais il est souvent utilis\u00e9 pour la s\u00e9curit\u00e9 d&#039;\u00e9v\u00e9nements tels que le carnaval ou les festivals de musique et convient parfaitement \u00e0 la d\u00e9fense personnelle.<\/p>\n<p>En raison de l&#039;utilisation d&#039;un harnais en plastique comme r\u00e9sistance aux coups de couteau, ce gilet convient \u00e9galement pour arr\u00eater les aiguilles fines ou les aiguilles hypodermiques. C&#039;est donc un avantage pour les services ambulanciers. Ce gilet en plastique est \u00e9galement tr\u00e8s appr\u00e9ci\u00e9 comme protection contre les attaques avec des bouteilles en verre bris\u00e9es, contre les coups de b\u00e2ton ou les coups de poing.<\/p>\n<p>Le gilet anti-coupure \u00e9conomique de base contient une plaque carr\u00e9e en aluminium pour prot\u00e9ger les organes les plus vitaux autour de la r\u00e9gion du c\u0153ur. Avec le harnais en plastique, cela offre une r\u00e9sistance anti-coup jusqu&#039;\u00e0 14 Joules.<\/p>\n<p>L&#039;ensemble du gilet anti-couteau Basic Economic est gliss\u00e9 dans la housse Helios. Ils se portent donc ensemble mais peuvent aussi se porter s\u00e9par\u00e9ment.<\/p>\n<p><strong>Aucun gilet anti-coup n&#039;est anti-coup! Des plaques r\u00e9sistantes aux coups de couteau plus lourdes sont disponibles si vous souhaitez augmenter la r\u00e9sistance au coup de couteau.<\/strong><\/p>\n<p>Tailles : S-3XL<\/p>","protected":false},"excerpt":{"rendered":"<p>Helios Basic gilet de protection \u00e9conomique Jaune pour les b\u00e9n\u00e9voles qui doivent acheter un gilet de protection avec leurs propres moyens !<\/p>","protected":false},"featured_media":77260,"template":"","meta":[],"product_brand":[],"product_cat":[2911],"product_tag":[],"class_list":{"0":"post-77259","1":"product","2":"type-product","3":"status-publish","4":"has-post-thumbnail","6":"product_cat-pbm","8":"first","9":"instock","10":"taxable","11":"shipping-taxable","12":"purchasable","13":"product-type-variable"},"mb":[],"mfb_rest_fields":["title"],"_links":{"self":[{"href":"https:\/\/dogpride.nl\/fr\/wp-json\/wp\/v2\/product\/77259","targetHints":{"allow":["GET"]}}],"collection":[{"href":"https:\/\/dogpride.nl\/fr\/wp-json\/wp\/v2\/product"}],"about":[{"href":"https:\/\/dogpride.nl\/fr\/wp-json\/wp\/v2\/types\/product"}],"wp:featuredmedia":[{"embeddable":true,"href":"https:\/\/dogpride.nl\/fr\/wp-json\/wp\/v2\/media\/77260"}],"wp:attachment":[{"href":"https:\/\/dogpride.nl\/fr\/wp-json\/wp\/v2\/media?parent=77259"}],"wp:term":[{"taxonomy":"product_brand","embeddable":true,"href":"https:\/\/dogpride.nl\/fr\/wp-json\/wp\/v2\/product_brand?post=77259"},{"taxonomy":"product_cat","embeddable":true,"href":"https:\/\/dogpride.nl\/fr\/wp-json\/wp\/v2\/product_cat?post=77259"},{"taxonomy":"product_tag","embeddable":true,"href":"https:\/\/dogpride.nl\/fr\/wp-json\/wp\/v2\/product_tag?post=77259"}],"curies":[{"name":"wp","href":"https:\/\/api.w.org\/{rel}","templated":true}]}}