{"id":77250,"date":"2021-11-19T13:02:31","date_gmt":"2021-11-19T12:02:31","guid":{"rendered":"https:\/\/www.dogpride.nl\/?post_type=product&#038;p=77250"},"modified":"2026-02-24T11:40:42","modified_gmt":"2026-02-24T10:40:42","slug":"puma-k1-security-economic-steekvest-geel","status":"publish","type":"product","link":"https:\/\/dogpride.nl\/fr\/puma-k1-security-economic-steekvest-geel\/","title":{"rendered":"Puma K1 security economic stab gilet Jaune"},"content":{"rendered":"<h4>Puma K1 security economic stab gilet Jaune<\/h4>\n<p>Le gilet de s\u00e9curit\u00e9 \u00e9conomique Puma K1 Yellow est une solution bon march\u00e9 pour le carnaval, les f\u00eates de quartier ou les \u00e9v\u00e9nements musicaux o\u00f9 les stewards ou le personnel de s\u00e9curit\u00e9 doivent porter discr\u00e8tement un gilet r\u00e9sistant aux coups de couteau, aux chocs et aux chocs tout en restant soign\u00e9 et parfait \u00e0 un prix \u00e9conomique. prix.<\/p>\n<p>Souvent ces festivit\u00e9s ne durent que quelques jours, mais de nos jours il est irresponsable de faire de la s\u00e9curit\u00e9 sans aucune protection contre une arme blanche. \u00c9tant donn\u00e9 qu&#039;il implique g\u00e9n\u00e9ralement plusieurs agents de s\u00e9curit\u00e9 pour une courte p\u00e9riode de temps, il n&#039;est pas envisageable de fournir \u00e0 tous les agents de s\u00e9curit\u00e9 un gilet anti-coup de couteau de haute qualit\u00e9, d&#039;o\u00f9 cette alternative.<\/p>\n<p>Cet ensemble comprend une housse ext\u00e9rieure Puma\u2122 r\u00e9fl\u00e9chissante jaune et un \u00e9comomic de s\u00e9curit\u00e9 r\u00e9sistant aux coups de couteau certifi\u00e9 K1.<\/p>\n<p>La housse Puma\u2122 r\u00e9fl\u00e9chissante jaune fluorescente est fabriqu\u00e9e en Cordura\u00ae Heavy Duty durable. Le gilet Puma\u2122 a \u00e9t\u00e9 sp\u00e9cialement d\u00e9velopp\u00e9 pour \u00eatre port\u00e9 ouvertement au-dessus des v\u00eatements et convient aussi bien aux hommes qu&#039;aux femmes. Bien ajustable et adaptable pour un bon ajustement. Dispose d&#039;une fermeture \u00e9clair au centre de l&#039;avant et de deux poches plaqu\u00e9es avec syst\u00e8me de fermeture velcro, de deux porte-stylos et de passants pour microphone aux \u00e9paules. Ce gilet Puma\u2122 r\u00e9fl\u00e9chissant jaune fluo est souvent port\u00e9 au-dessus des v\u00eatements ou comme uniforme par les stewards, le contr\u00f4le des transports, le contr\u00f4le de la circulation ou les services d&#039;urgence.<\/p>\n<p>Le gilet anti-couteau &quot;Security Economic&quot; est un gilet multi-usage qui peut \u00eatre port\u00e9 aussi bien sous que sur les v\u00eatements. Le gilet est enti\u00e8rement \u00e9quip\u00e9 d&#039;un harnais en plastique de 2,2 mm d&#039;\u00e9paisseur qui monte haut dans les \u00e9paules. Le gilet Security Economic est \u00e9quip\u00e9 de deux poches avec des plaques en aluminium dur de 1,6 mm d&#039;\u00e9paisseur, qui sont r\u00e9sistantes aux coups de couteau K1 selon la norme allemande KDIW 2004 certifi\u00e9e.<\/p>\n<p>Il s&#039;agit de la certification officielle la plus basse contre les couteaux o\u00f9 la pointe d&#039;un couteau P1\/B peut p\u00e9n\u00e9trer dans la plaque avec une force de 15 joules jusqu&#039;\u00e0 un maximum de 10 mm et une force de 25 joules peut p\u00e9n\u00e9trer dans la plaque jusqu&#039;\u00e0 un maximum de 20 mm. Il s&#039;agit d&#039;une r\u00e9sistance pratique au coup de couteau contre les attaques avec des couteaux de poche ou des couteaux de cuisine qui prot\u00e8gent les organes les plus vitaux autour de la r\u00e9gion du c\u0153ur.<\/p>\n<p>Le gilet anti-couteau Security Economic K1 est enti\u00e8rement ins\u00e9r\u00e9 dans la couverture r\u00e9fl\u00e9chissante Puma \u2122. Les deux parties de la couverture ou du gilet stab peuvent \u00eatre port\u00e9es s\u00e9par\u00e9ment si n\u00e9cessaire.<\/p>\n<p>En raison de l&#039;utilisation d&#039;un harnais en plastique comme r\u00e9sistance aux coups de couteau, ce gilet convient \u00e9galement pour arr\u00eater les aiguilles fines ou les aiguilles hypodermiques. C&#039;est donc un avantage pour les services ambulanciers. Cette armure en plastique est \u00e9galement tr\u00e8s appr\u00e9ci\u00e9e comme protection contre les attaques avec des bouteilles en verre bris\u00e9es. Les bouteilles en verre cass\u00e9es peuvent parfois avoir des \u00e9clats de verre tr\u00e8s fins.<\/p>\n<p>Cette combinaison avec une armure en plastique et des plaques en aluminium est \u00e9galement r\u00e9sistante aux chocs, aux chocs et aux coups de couteau et prot\u00e8ge \u00e9galement le porteur contre les coups de b\u00e2ton et les coups de poing sur le c\u00f4t\u00e9 du gilet.<\/p>\n<p>Cette armure en plastique prot\u00e8ge \u00e9galement le c\u00f4t\u00e9 du corps contre les coups de poing, les coups ou les coups de pied dans les c\u00f4tes. Protection contre les c\u00f4tes cass\u00e9es ou meurtries.<\/p>\n<p>Aucun gilet anti-coup n&#039;est anti-coup et prot\u00e8ge selon sa classification. Certifi\u00e9 K1 15-25 joules r\u00e9sistant aux coups de couteau uniquement sur la plaque en aluminium !<\/p>\n<p>Tailles Puma K1 security economic stab vest Jaune : M-4XL<\/p>\n<p><img loading=\"lazy\" decoding=\"async\" class=\"alignnone size-full wp-image-77240\" src=\"https:\/\/www.dogpride.nl\/wp-content\/uploads\/Maattabel-Engarde.jpg\" alt=\"\" width=\"605\" height=\"116\" srcset=\"https:\/\/dogpride.nl\/wp-content\/uploads\/Maattabel-Engarde.jpg 605w, https:\/\/dogpride.nl\/wp-content\/uploads\/Maattabel-Engarde-250x48.jpg 250w, https:\/\/dogpride.nl\/wp-content\/uploads\/Maattabel-Engarde-400x77.jpg 400w, https:\/\/dogpride.nl\/wp-content\/uploads\/Maattabel-Engarde-300x58.jpg 300w, https:\/\/dogpride.nl\/wp-content\/uploads\/Maattabel-Engarde-200x38.jpg 200w, https:\/\/dogpride.nl\/wp-content\/uploads\/Maattabel-Engarde-600x115.jpg 600w\" sizes=\"auto, (max-width: 605px) 100vw, 605px\" \/><\/p>","protected":false},"excerpt":{"rendered":"<p>Le gilet \u00e9conomique de s\u00e9curit\u00e9 Puma K1 Yellow prot\u00e8ge \u00e9galement le c\u00f4t\u00e9 du corps contre les coups de poing, les coups de pied ou les coups de pied dans les c\u00f4tes.<\/p>","protected":false},"featured_media":77251,"template":"","meta":[],"product_brand":[],"product_cat":[2911],"product_tag":[],"class_list":{"0":"post-77250","1":"product","2":"type-product","3":"status-publish","4":"has-post-thumbnail","6":"product_cat-pbm","8":"first","9":"outofstock","10":"taxable","11":"shipping-taxable","12":"purchasable","13":"product-type-variable"},"mb":[],"mfb_rest_fields":["title"],"_links":{"self":[{"href":"https:\/\/dogpride.nl\/fr\/wp-json\/wp\/v2\/product\/77250","targetHints":{"allow":["GET"]}}],"collection":[{"href":"https:\/\/dogpride.nl\/fr\/wp-json\/wp\/v2\/product"}],"about":[{"href":"https:\/\/dogpride.nl\/fr\/wp-json\/wp\/v2\/types\/product"}],"wp:featuredmedia":[{"embeddable":true,"href":"https:\/\/dogpride.nl\/fr\/wp-json\/wp\/v2\/media\/77251"}],"wp:attachment":[{"href":"https:\/\/dogpride.nl\/fr\/wp-json\/wp\/v2\/media?parent=77250"}],"wp:term":[{"taxonomy":"product_brand","embeddable":true,"href":"https:\/\/dogpride.nl\/fr\/wp-json\/wp\/v2\/product_brand?post=77250"},{"taxonomy":"product_cat","embeddable":true,"href":"https:\/\/dogpride.nl\/fr\/wp-json\/wp\/v2\/product_cat?post=77250"},{"taxonomy":"product_tag","embeddable":true,"href":"https:\/\/dogpride.nl\/fr\/wp-json\/wp\/v2\/product_tag?post=77250"}],"curies":[{"name":"wp","href":"https:\/\/api.w.org\/{rel}","templated":true}]}}