{"id":77238,"date":"2021-11-19T12:50:56","date_gmt":"2021-11-19T11:50:56","guid":{"rendered":"https:\/\/www.dogpride.nl\/?post_type=product&#038;p=77238"},"modified":"2024-06-18T08:48:07","modified_gmt":"2024-06-18T06:48:07","slug":"puma-steekwerende-vest-kr1-sp1-titanskin-blauw","status":"publish","type":"product","link":"https:\/\/dogpride.nl\/fr\/puma-steekwerende-vest-kr1-sp1-titanskin-blauw\/","title":{"rendered":"Gilet anti-couteau Puma KR1-SP1 Titanskin bleu"},"content":{"rendered":"<h4>Gilet anti-couteau Puma KR1-SP1 Titanskin bleu<\/h4>\n<p>Le gilet anti-couteau Puma bleu KR1-SP1 Titanskin bleu de la marque Engarde est un gilet anti-couteau externe ou overte pour les forces de l&#039;ordre et le personnel de s\u00e9curit\u00e9, adapt\u00e9 aux hommes et aux femmes. Cette veste \u00e0 l&#039;allure d\u00e9contract\u00e9e est dot\u00e9e d&#039;une fermeture \u00e9clair sur le devant et d&#039;un velcro r\u00e9glable sur les c\u00f4t\u00e9s et les bretelles pour un confort de port optimal.<\/p>\n<p>Le design Puma bleu marine accueille deux grandes poches plaqu\u00e9es avec fermeture velcro, des passants pour microphone sur l&#039;\u00e9paule gauche et droite et deux porte-crayons. Le gilet Puma est exceptionnellement solide et durable gr\u00e2ce \u00e0 l&#039;utilisation d&#039;une housse en Cordura Heavy Duty. \u00ae<\/p>\n<h5>Ce gilet est uniquement certifi\u00e9 en tant que gilet r\u00e9sistant aux coups de couteau, ce qui le rend disponible gratuitement sans permis ni documents sp\u00e9ciaux.<\/h5>\n<p>Avec ce gilet anti-couteau Puma KR1-SP1 Titanskin bleu, le KR1 est synonyme de r\u00e9sistance aux attaques au couteau. La r\u00e9sistance de prise KR1 est bas\u00e9e sur les normes anglaises HOSDB. Ce gilet de protection anti-couteau a une protection bas\u00e9e sur une attaque au couteau avec une \u00e9nergie de 24 joules, o\u00f9 la pointe du couteau ne peut pas p\u00e9n\u00e9trer plus profond\u00e9ment que 7 mm \u00e0 travers le gilet et avec une \u00e9nergie de 36 joules, la pointe ne peut pas p\u00e9n\u00e9trer plus profond\u00e9ment plus de 20 mm p\u00e9n\u00e8trent. Il s&#039;agit d&#039;une protection contre une attaque au couteau avec une lame solide.<\/p>\n<p>Le SP1 est une r\u00e9sistance aux attaques de pointe. Les poin\u00e7ons sont compl\u00e8tement diff\u00e9rents des couteaux, car ils ont une tr\u00e8s petite surface de contact et sont tr\u00e8s difficiles \u00e0 arr\u00eater. Les attaques avec des poin\u00e7ons signifient; tournevis bien aiguis\u00e9s, clous aiguis\u00e9s, pics \u00e0 glace, aiguilles \u00e0 tricoter, etc... La r\u00e9sistance aux pointes SP1 est \u00e9galement bas\u00e9e sur les normes anglaises HOSDB. Cette protection est bas\u00e9e sur une attaque de pointe avec une \u00e9nergie de 24 joules, o\u00f9 la pointe de la pointe ne peut pas p\u00e9n\u00e9trer plus de 7 mm \u00e0 travers le gilet et avec une \u00e9nergie de 36 joules, la pointe ne peut pas p\u00e9n\u00e9trer plus profond\u00e9ment que 20 mm. Il s&#039;agit d&#039;une protection contre une attaque de pointe par-dessus le bras avec un poin\u00e7on solide.<\/p>\n<p>Maten Puma steekwerende vest KR1-SP1 Titanskin blauw: XS-3XL<\/p>\n<p><img loading=\"lazy\" decoding=\"async\" class=\"alignnone size-full wp-image-77240\" src=\"https:\/\/www.dogpride.nl\/wp-content\/uploads\/Maattabel-Engarde.jpg\" alt=\"\" width=\"605\" height=\"116\" srcset=\"https:\/\/dogpride.nl\/wp-content\/uploads\/Maattabel-Engarde.jpg 605w, https:\/\/dogpride.nl\/wp-content\/uploads\/Maattabel-Engarde-250x48.jpg 250w, https:\/\/dogpride.nl\/wp-content\/uploads\/Maattabel-Engarde-400x77.jpg 400w, https:\/\/dogpride.nl\/wp-content\/uploads\/Maattabel-Engarde-300x58.jpg 300w, https:\/\/dogpride.nl\/wp-content\/uploads\/Maattabel-Engarde-200x38.jpg 200w, https:\/\/dogpride.nl\/wp-content\/uploads\/Maattabel-Engarde-600x115.jpg 600w\" sizes=\"auto, (max-width: 605px) 100vw, 605px\" \/><\/p>","protected":false},"excerpt":{"rendered":"<p>Gilet anti-couteau Puma KR1-SP1 Titanskin bleu pour les forces de l&#039;ordre et le personnel de s\u00e9curit\u00e9 adapt\u00e9 aux femmes et aux hommes.<\/p>","protected":false},"featured_media":77239,"template":"","meta":[],"product_brand":[],"product_cat":[2911],"product_tag":[],"class_list":{"0":"post-77238","1":"product","2":"type-product","3":"status-publish","4":"has-post-thumbnail","6":"product_cat-pbm","8":"first","9":"instock","10":"taxable","11":"shipping-taxable","12":"purchasable","13":"product-type-variable"},"mb":[],"mfb_rest_fields":["title"],"_links":{"self":[{"href":"https:\/\/dogpride.nl\/fr\/wp-json\/wp\/v2\/product\/77238","targetHints":{"allow":["GET"]}}],"collection":[{"href":"https:\/\/dogpride.nl\/fr\/wp-json\/wp\/v2\/product"}],"about":[{"href":"https:\/\/dogpride.nl\/fr\/wp-json\/wp\/v2\/types\/product"}],"wp:featuredmedia":[{"embeddable":true,"href":"https:\/\/dogpride.nl\/fr\/wp-json\/wp\/v2\/media\/77239"}],"wp:attachment":[{"href":"https:\/\/dogpride.nl\/fr\/wp-json\/wp\/v2\/media?parent=77238"}],"wp:term":[{"taxonomy":"product_brand","embeddable":true,"href":"https:\/\/dogpride.nl\/fr\/wp-json\/wp\/v2\/product_brand?post=77238"},{"taxonomy":"product_cat","embeddable":true,"href":"https:\/\/dogpride.nl\/fr\/wp-json\/wp\/v2\/product_cat?post=77238"},{"taxonomy":"product_tag","embeddable":true,"href":"https:\/\/dogpride.nl\/fr\/wp-json\/wp\/v2\/product_tag?post=77238"}],"curies":[{"name":"wp","href":"https:\/\/api.w.org\/{rel}","templated":true}]}}