{"id":77214,"date":"2021-11-18T16:33:40","date_gmt":"2021-11-18T15:33:40","guid":{"rendered":"https:\/\/www.dogpride.nl\/?post_type=product&#038;p=77214"},"modified":"2021-11-29T12:03:13","modified_gmt":"2021-11-29T11:03:13","slug":"sirius-steekwerende-vest-kr1-sp1-zwart","status":"publish","type":"product","link":"https:\/\/dogpride.nl\/fr\/sirius-steekwerende-vest-kr1-sp1-zwart\/","title":{"rendered":"Gilet anti-couteau Sirius KR1-SP1 noir"},"content":{"rendered":"<h4>Gilet anti-couteau Sirius KR1-SP1 noir<\/h4>\n<div class=\"product__description\">\n<p>Le gilet anti-couteau Sirius KR1-SP1 gilet anti-couteau flexible noir KR1-SP1 Entry Solution de la marque Sioen est destin\u00e9 \u00e0 \u00eatre port\u00e9 par-dessus les v\u00eatements et offre une protection \u00e0 l&#039;avant et \u00e0 l&#039;arri\u00e8re et sur les c\u00f4t\u00e9s. Bien que ce mod\u00e8le soit con\u00e7u comme gilet de police, il est souvent utilis\u00e9 par les agents de s\u00e9curit\u00e9 ou comme gilet uniforme r\u00e9sistant aux coups de couteau.<\/p>\n<p>Ce gilet anti-couteau Sirius KR1-SP1 noir est adapt\u00e9 pour \u00eatre port\u00e9 au-dessus des v\u00eatements et offre une protection \u00e0 l&#039;avant et \u00e0 l&#039;arri\u00e8re et sur les c\u00f4t\u00e9s. De plus, ce produit offre ;<\/p>\n<ul>\n<li>Une doublure en tissu 3D (tridimensionnel) qui assure la ventilation.<\/li>\n<li>Un coussin pour le bas du dos<\/li>\n<li>Un \u00e9lastique dans le devant gauche pour passer le devant droit lors de la fermeture.<\/li>\n<li>Un commerce d&#039;\u00e9vacuation<\/li>\n<li>Boucles pour faire passer le fil radio\/micro sous la pi\u00e8ce avant gauche.<\/li>\n<li>Ajustement facile des \u00e9paules<\/li>\n<li>Une ceinture suppl\u00e9mentaire sur le gilet afin que l&#039;\u00e9quipement puisse \u00eatre divis\u00e9 entre la ceinture de service et la ceinture sur le gilet.<\/li>\n<li>\u00c9lastiques pour placer des stylos ou des stylos sous les rabats pour les plaques de nom et de dipl\u00f4me<\/li>\n<li>2 grandes poches Napol\u00e9on sur le c\u00f4t\u00e9 gauche et droit du gilet.<\/li>\n<\/ul>\n<p>Il s&#039;agit d&#039;un gilet anti-coup de poignard professionnel largement utilis\u00e9 par les services gouvernementaux.<\/p>\n<h5>Le gilet anti-couteau Sirius KR1-SP1 noir est uniquement certifi\u00e9 en tant que gilet anti-couteau, ce qui le rend disponible gratuitement sans permis ni documents sp\u00e9ciaux.<\/h5>\n<p>Avec ce gilet anti-coups de couteau KR1-SP1, le KR1 est synonyme de r\u00e9sistance aux attaques au couteau. La r\u00e9sistance de prise KR1 est bas\u00e9e sur les normes anglaises HOSDB. Ce gilet de protection anti-couteau a une protection bas\u00e9e sur une attaque au couteau avec une \u00e9nergie de 24 joules, o\u00f9 la pointe du couteau ne peut pas p\u00e9n\u00e9trer plus profond\u00e9ment que 7 mm \u00e0 travers le gilet et avec une \u00e9nergie de 36 joules, la pointe ne peut pas p\u00e9n\u00e9trer plus profond\u00e9ment plus de 20 mm p\u00e9n\u00e8trent. Il s&#039;agit d&#039;une protection contre une attaque au couteau avec une lame solide.<\/p>\n<p>Le SP1 est une r\u00e9sistance aux attaques de pointe. Les poin\u00e7ons sont compl\u00e8tement diff\u00e9rents des couteaux car ils ont une tr\u00e8s petite surface de contact et sont tr\u00e8s difficiles \u00e0 arr\u00eater. Les attaques avec des poin\u00e7ons signifient; tournevis bien aiguis\u00e9s, clous aiguis\u00e9s, aiguilles \u00e0 tricoter, etc... La r\u00e9sistance aux pointes SP1 est \u00e9galement bas\u00e9e sur les normes anglaises HOSDB. Cette protection est bas\u00e9e sur une attaque de pointe avec une \u00e9nergie de 24 joules, o\u00f9 la pointe de la pointe ne peut pas p\u00e9n\u00e9trer plus de 7 mm \u00e0 travers le gilet et avec une \u00e9nergie de 36 joules, la pointe ne peut pas p\u00e9n\u00e9trer plus profond\u00e9ment que 20 mm. Il s&#039;agit d&#039;une protection contre une attaque de pointe par-dessus le bras avec un poin\u00e7on solide.<\/p>\n<div class=\"clear\"><img loading=\"lazy\" decoding=\"async\" class=\"alignnone size-full wp-image-77216\" src=\"https:\/\/www.dogpride.nl\/wp-content\/uploads\/Maattabel-snijwerende-vesten.jpg\" alt=\"\" width=\"608\" height=\"134\" srcset=\"https:\/\/dogpride.nl\/wp-content\/uploads\/Maattabel-snijwerende-vesten.jpg 608w, https:\/\/dogpride.nl\/wp-content\/uploads\/Maattabel-snijwerende-vesten-250x55.jpg 250w, https:\/\/dogpride.nl\/wp-content\/uploads\/Maattabel-snijwerende-vesten-400x88.jpg 400w, https:\/\/dogpride.nl\/wp-content\/uploads\/Maattabel-snijwerende-vesten-300x66.jpg 300w, https:\/\/dogpride.nl\/wp-content\/uploads\/Maattabel-snijwerende-vesten-200x44.jpg 200w, https:\/\/dogpride.nl\/wp-content\/uploads\/Maattabel-snijwerende-vesten-600x132.jpg 600w\" sizes=\"auto, (max-width: 608px) 100vw, 608px\" \/><\/div>\n<\/div>\n<div class=\"product__social\">\n<div id=\"jw-element-\" class=\"jw-tree-node jw-element jw-social_share\" data-jw-element-id=\"\">\n<div class=\"jw-element-social-share\">\n<div class=\"share-button-container share-button-container--buttons-mini share-button-container--align-left jw-element-content\"><\/div>\n<\/div>\n<\/div>\n<\/div>","protected":false},"excerpt":{"rendered":"<p>Gilet anti-couteau Sirius KR1-SP1 noir. Fournit une protection \u00e0 l&#039;avant, \u00e0 l&#039;arri\u00e8re et sur les c\u00f4t\u00e9s.<\/p>","protected":false},"featured_media":77215,"template":"","meta":[],"product_brand":[],"product_cat":[2911],"product_tag":[],"class_list":{"0":"post-77214","1":"product","2":"type-product","3":"status-publish","4":"has-post-thumbnail","6":"product_cat-pbm","8":"first","9":"instock","10":"taxable","11":"shipping-taxable","12":"purchasable","13":"product-type-variable"},"mb":[],"mfb_rest_fields":["title"],"_links":{"self":[{"href":"https:\/\/dogpride.nl\/fr\/wp-json\/wp\/v2\/product\/77214","targetHints":{"allow":["GET"]}}],"collection":[{"href":"https:\/\/dogpride.nl\/fr\/wp-json\/wp\/v2\/product"}],"about":[{"href":"https:\/\/dogpride.nl\/fr\/wp-json\/wp\/v2\/types\/product"}],"wp:featuredmedia":[{"embeddable":true,"href":"https:\/\/dogpride.nl\/fr\/wp-json\/wp\/v2\/media\/77215"}],"wp:attachment":[{"href":"https:\/\/dogpride.nl\/fr\/wp-json\/wp\/v2\/media?parent=77214"}],"wp:term":[{"taxonomy":"product_brand","embeddable":true,"href":"https:\/\/dogpride.nl\/fr\/wp-json\/wp\/v2\/product_brand?post=77214"},{"taxonomy":"product_cat","embeddable":true,"href":"https:\/\/dogpride.nl\/fr\/wp-json\/wp\/v2\/product_cat?post=77214"},{"taxonomy":"product_tag","embeddable":true,"href":"https:\/\/dogpride.nl\/fr\/wp-json\/wp\/v2\/product_tag?post=77214"}],"curies":[{"name":"wp","href":"https:\/\/api.w.org\/{rel}","templated":true}]}}