{"id":77197,"date":"2021-11-18T15:59:35","date_gmt":"2021-11-18T14:59:35","guid":{"rendered":"https:\/\/www.dogpride.nl\/?post_type=product&#038;p=77197"},"modified":"2021-12-13T12:38:53","modified_gmt":"2021-12-13T11:38:53","slug":"snijwerende-leren-handschoenen-lvl5-vbr-pg-40","status":"publish","type":"product","link":"https:\/\/dogpride.nl\/fr\/snijwerende-leren-handschoenen-lvl5-vbr-pg-40\/","title":{"rendered":"Gants en cuir r\u00e9sistant aux coupures lvl5 VBR-PG-40"},"content":{"rendered":"<h4>Gants en cuir r\u00e9sistant aux coupures lvl5 VBR-PG-40<\/h4>\n<p>Gants en cuir r\u00e9sistant aux coupures lvl5 VBR-PG-40 de Honeywell pour les agents de s\u00e9curit\u00e9 et la s\u00e9curit\u00e9.<br \/>\nCes gants r\u00e9sistants aux coupures sont comparables aux gants en cuir noir classiques, mais sont sp\u00e9cialement \u00e9quip\u00e9s d&#039;une doublure Spectra r\u00e9sistante aux coupures tout autour.<br \/>\nLes gants ont une r\u00e9sistance aux coupures de niveau 5 et un ext\u00e9rieur en cuir souple. Ces gants traditionnels en cuir souple r\u00e9sistants aux coupures sont con\u00e7us pour offrir une protection durable contre les coupures dans un design confortable.<\/p>\n<p>Ce sont des gants en cuir que presque tout le monde peut utiliser pour se prot\u00e9ger les mains des coupures.<\/p>\n<p>Les beaux gants en cuir noir doux et confortables ont une r\u00e9sistance \u00e9lev\u00e9e aux coupures de niveau Spectra 5.<\/p>\n<h5>Les gants en cuir lvl5 VBR-PG-40 conviennent \u00e0 la d\u00e9fense militaire, polici\u00e8re et personnelle, ils peuvent \u00eatre achet\u00e9s en ligne.<\/h5>\n<p><img loading=\"lazy\" decoding=\"async\" class=\"alignnone wp-image-77196 size-full\" src=\"https:\/\/www.dogpride.nl\/wp-content\/uploads\/Maattabelhandschoenen-1-8.jpg\" alt=\"Maattabel\" width=\"301\" height=\"341\" srcset=\"https:\/\/dogpride.nl\/wp-content\/uploads\/Maattabelhandschoenen-1-8.jpg 301w, https:\/\/dogpride.nl\/wp-content\/uploads\/Maattabelhandschoenen-1-8-250x283.jpg 250w, https:\/\/dogpride.nl\/wp-content\/uploads\/Maattabelhandschoenen-1-8-265x300.jpg 265w, https:\/\/dogpride.nl\/wp-content\/uploads\/Maattabelhandschoenen-1-8-200x227.jpg 200w\" sizes=\"auto, (max-width: 301px) 100vw, 301px\" \/><\/p>","protected":false},"excerpt":{"rendered":"<p>Gants en cuir r\u00e9sistants aux coupures lvl5 VBR-PG-40 de Honeywell pour les agents de s\u00e9curit\u00e9 et la s\u00e9curit\u00e9.<\/p>","protected":false},"featured_media":77198,"template":"","meta":[],"product_brand":[],"product_cat":[2911],"product_tag":[],"class_list":{"0":"post-77197","1":"product","2":"type-product","3":"status-publish","4":"has-post-thumbnail","6":"product_cat-pbm","8":"first","9":"instock","10":"taxable","11":"shipping-taxable","12":"purchasable","13":"product-type-variable"},"mb":[],"mfb_rest_fields":["title"],"_links":{"self":[{"href":"https:\/\/dogpride.nl\/fr\/wp-json\/wp\/v2\/product\/77197","targetHints":{"allow":["GET"]}}],"collection":[{"href":"https:\/\/dogpride.nl\/fr\/wp-json\/wp\/v2\/product"}],"about":[{"href":"https:\/\/dogpride.nl\/fr\/wp-json\/wp\/v2\/types\/product"}],"wp:featuredmedia":[{"embeddable":true,"href":"https:\/\/dogpride.nl\/fr\/wp-json\/wp\/v2\/media\/77198"}],"wp:attachment":[{"href":"https:\/\/dogpride.nl\/fr\/wp-json\/wp\/v2\/media?parent=77197"}],"wp:term":[{"taxonomy":"product_brand","embeddable":true,"href":"https:\/\/dogpride.nl\/fr\/wp-json\/wp\/v2\/product_brand?post=77197"},{"taxonomy":"product_cat","embeddable":true,"href":"https:\/\/dogpride.nl\/fr\/wp-json\/wp\/v2\/product_cat?post=77197"},{"taxonomy":"product_tag","embeddable":true,"href":"https:\/\/dogpride.nl\/fr\/wp-json\/wp\/v2\/product_tag?post=77197"}],"curies":[{"name":"wp","href":"https:\/\/api.w.org\/{rel}","templated":true}]}}