{"id":77186,"date":"2021-11-18T14:56:12","date_gmt":"2021-11-18T13:56:12","guid":{"rendered":"https:\/\/www.dogpride.nl\/?post_type=product&#038;p=77186"},"modified":"2025-10-15T10:17:21","modified_gmt":"2025-10-15T08:17:21","slug":"alpha-turtleskin-naald-en-snijwerende-handschoen","status":"publish","type":"product","link":"https:\/\/dogpride.nl\/fr\/alpha-turtleskin-naald-en-snijwerende-handschoen\/","title":{"rendered":"Alpha Turtleskin naald en snijwerende handschoen"},"content":{"rendered":"<h4>Alpha Turtleskin naald en snijwerende handschoen<\/h4>\n<p>Alpha Turtleskin naald en snijwerende handschoen<\/p>\n<p>Gants de police fins r\u00e9sistants aux aiguilles et aux coupures Alpha de la marque Turtleskin. Gants de police bien connus et fr\u00e9quemment utilis\u00e9s.<br \/>\nAlpha Turtleskin naald en snijwerende handschoen zijn speciaal ontworpen om een goede snij-en injectienaald bescherming te bieden en toch flexibel genoeg te zijn om het traditionele politiewerk uit te voeren.<br \/>\nLe mat\u00e9riau brevet\u00e9 Turtleskin offre une tr\u00e8s bonne protection contre les aiguilles fines des seringues, est r\u00e9sistant aux coupures et se situe sur la paume, les doigts et le bout des doigts. Le dessus de la main est \u00e9quip\u00e9 d&#039;un mat\u00e9riau r\u00e9sistant aux coupures qui apporte chaleur et protection.<\/p>\n<p>De Alpha Turtleskin naald en snijwerende handschoen bieden een hoge mate van beweeglijkheid en vingergevoeligheid. Alle afmetingen zijn dusdanig ontwikkeld zodat ze een ideale combinatie van bescherming en beweeglijkheid vormen waardoor de politie en bewakers hun taken van fouillering tot het bedienen van wapens met volle vertrouwen en comfort kunnen uitvoeren. Uitermate geschikt voor het bedienen van pistolen met een kleine trekker beugel zoals deze van een Glock, S&amp;W, Walther<\/p>\n<p>Nous avons sp\u00e9cialement en stock les petites tailles XS et S des gants r\u00e9sistants aux coupures et aux aiguilles Alpha pour les femmes de la police ou des services de s\u00e9curit\u00e9 qui n&#039;ont pas de petites tailles de gants disponibles.<\/p>\n<p>Entretien des gants Alpha Turtleskin Needle and Cut Resistant DP : Lavage \u00e0 la main \u00e0 l&#039;eau froide et au savon doux. Fa\u00e7onner et poser \u00e0 plat jusqu&#039;\u00e0 ce qu&#039;il soit sec.<\/p>\n<p><strong>Caract\u00e9ristiques<\/strong><\/p>\n<ul>\n<li>Aiguille d&#039;injection et paume et bout des doigts r\u00e9sistants aux coupures<\/li>\n<li>Protection anti-coupure sur le dos de la main<\/li>\n<li>Excellente dext\u00e9rit\u00e9 et sensibilit\u00e9<\/li>\n<li>Dos en tricot tr\u00e8s extensible pour un ajustement parfait<\/li>\n<li>Coussinets antid\u00e9rapants pour faciliter la recherche<\/li>\n<\/ul>\n<p><strong>Lavable \u00e0 la main \u00e0 l&#039;eau froide et au savon doux, \u00e0 plat et en forme pour s\u00e9cher.<\/strong><\/p>\n<p>(Ne lavez pas les gants en machine, surtout \u00e0 des temp\u00e9ratures chaudes ou bouillantes\u00a0!)<\/p>\n<p><img loading=\"lazy\" decoding=\"async\" class=\"alignnone size-full wp-image-77196\" src=\"https:\/\/www.dogpride.nl\/wp-content\/uploads\/Maattabelhandschoenen-1-8.jpg\" alt=\"\" width=\"301\" height=\"341\" srcset=\"https:\/\/dogpride.nl\/wp-content\/uploads\/Maattabelhandschoenen-1-8.jpg 301w, https:\/\/dogpride.nl\/wp-content\/uploads\/Maattabelhandschoenen-1-8-250x283.jpg 250w, https:\/\/dogpride.nl\/wp-content\/uploads\/Maattabelhandschoenen-1-8-265x300.jpg 265w, https:\/\/dogpride.nl\/wp-content\/uploads\/Maattabelhandschoenen-1-8-200x227.jpg 200w\" sizes=\"auto, (max-width: 301px) 100vw, 301px\" \/><\/p>\n<p><a href=\"https:\/\/dogpride.nl\/fr\/?s=alpha&amp;post_type=product\"><img loading=\"lazy\" decoding=\"async\" class=\"alignnone\" title=\"Gants Alpha Turtleskin r\u00e9sistants aux aiguilles et aux coupures DP\" src=\"https:\/\/dogpride.nl\/wp-content\/uploads\/GantantiaiguilleetanticoupureAlphaTurtleskin-4-2-150x150.jpg\" alt=\"Alpha Turtleskin naald- en snijwerende handschoenen DP\" width=\"150\" height=\"150\" \/><\/a><\/p>\n<p><span style=\"color: #ffffff;\"><a style=\"color: #ffffff;\" href=\"https:\/\/www.turtleskin.co\" target=\"_blank\" rel=\"noopener\">https:\/\/www.turtleskin.co<\/a>m\/<\/span><\/p>","protected":false},"excerpt":{"rendered":"<p>Gants de police Alpha Turtleskin r\u00e9sistants aux aiguilles et aux coupures DP<\/p>","protected":false},"featured_media":77187,"template":"","meta":[],"product_brand":[],"product_cat":[2911],"product_tag":[],"class_list":{"0":"post-77186","1":"product","2":"type-product","3":"status-publish","4":"has-post-thumbnail","6":"product_cat-pbm","8":"first","9":"instock","10":"taxable","11":"shipping-taxable","12":"purchasable","13":"product-type-variable"},"mb":[],"mfb_rest_fields":["title"],"_links":{"self":[{"href":"https:\/\/dogpride.nl\/fr\/wp-json\/wp\/v2\/product\/77186","targetHints":{"allow":["GET"]}}],"collection":[{"href":"https:\/\/dogpride.nl\/fr\/wp-json\/wp\/v2\/product"}],"about":[{"href":"https:\/\/dogpride.nl\/fr\/wp-json\/wp\/v2\/types\/product"}],"wp:featuredmedia":[{"embeddable":true,"href":"https:\/\/dogpride.nl\/fr\/wp-json\/wp\/v2\/media\/77187"}],"wp:attachment":[{"href":"https:\/\/dogpride.nl\/fr\/wp-json\/wp\/v2\/media?parent=77186"}],"wp:term":[{"taxonomy":"product_brand","embeddable":true,"href":"https:\/\/dogpride.nl\/fr\/wp-json\/wp\/v2\/product_brand?post=77186"},{"taxonomy":"product_cat","embeddable":true,"href":"https:\/\/dogpride.nl\/fr\/wp-json\/wp\/v2\/product_cat?post=77186"},{"taxonomy":"product_tag","embeddable":true,"href":"https:\/\/dogpride.nl\/fr\/wp-json\/wp\/v2\/product_tag?post=77186"}],"curies":[{"name":"wp","href":"https:\/\/api.w.org\/{rel}","templated":true}]}}