{"id":76930,"date":"2021-11-12T14:00:35","date_gmt":"2021-11-12T13:00:35","guid":{"rendered":"https:\/\/www.dogpride.nl\/?post_type=product&#038;p=76930"},"modified":"2025-11-06T14:54:04","modified_gmt":"2025-11-06T13:54:04","slug":"mypado-atlanta-hondenbed-kunstleer","status":"publish","type":"product","link":"https:\/\/dogpride.nl\/fr\/mypado-atlanta-hondenbed-kunstleer\/","title":{"rendered":"MYPADO Atlanta Lit pour chien en similicuir"},"content":{"rendered":"<h4>MYPADO Atlanta Lit pour chien en similicuir<\/h4>\n<p>MYPADO Atlanta Lit pour chien en similicuir<\/p>\n<h5>UN LIT POUR CHIEN DE LA CLASSE EXTRA.<\/h5>\n<p>Le lit pour chien MYPADO Atlanta en cuir artificiel Atlanta est \u00e9l\u00e9gant, robuste et confortable. Votre chien va l&#039;adorer et en profiter longtemps. Doucement rembourr\u00e9 et avec un bord haut rempli de ouate de polyester, le lit pour chien est un lieu multifonctionnel pour chien qui fait de chaque pause une exp\u00e9rience de c\u00e2lins pour votre ami \u00e0 quatre pattes.<br \/>\nLa surface de couchage confortable du lit pour chien mypado\u00ae Atlanta se compose d&#039;un coussin int\u00e9rieur rempli de mousse froide et est donc \u00e0 la fois c\u00e2lin et stabilisant.<\/p>\n<h4>Tous nos mat\u00e9riaux de remplissage sont produits en Allemagne et r\u00e9pondent aux exigences les plus \u00e9lev\u00e9es en termes de stabilit\u00e9 dimensionnelle avec une utilisation \u00e0 long terme et intensive. Avec le mat\u00e9riau sup\u00e9rieur particuli\u00e8rement r\u00e9sistant \u00e0 l&#039;usure, notre mypado\u00ae Atlanta est un lit pour chien d&#039;une qualit\u00e9 absolue.<\/h4>\n<p>De MYPADO Atlanta Hondenbed Kunstleer is gemaakt van een extreem vuilafstotend en gemakkelijk schoon te maken bovenwerk van synthetisch leer, zodat de hondenmand op elk moment snel en gemakkelijk kan worden onderhouden. Zo behoren hondenhaar en elke soort vlek tot het verleden. Een vochtig doekje is voldoende, zodat je trouwe viervoeter zich goed kan voelen, rusten, ontspannen&#8230; en jij ook.<\/p>\n<p>MYPADO Atlanta Hondenbed Kunstleer is verkrijgbaar in verschillende kleuren en verschillende maten van 90&#215;70 tot 120&#215;100 cm. Van de teckel tot de dobermann &#8211; iedereen zal hier iets vinden. Dankzij onze grote verscheidenheid aan kleuren vindt u voor alle betrokkenen de hondenmand van uw dromen, ook met het oog op uw eigen voorkeuren. Mypado\u00ae Atlanta is gewoon perfect en past bij bijna elk hondenras en interieur.<\/p>\n<h4>Le coussin int\u00e9rieur est disponible en option rempli de mousse visco\u00e9lastique.<\/h4>\n<p>Lorsque le corps s&#039;effondre, la mousse visco s&#039;adapte individuellement et les points de pression sont r\u00e9duits au minimum. Cela soulage les articulations et soutient la colonne vert\u00e9brale.<br \/>\nLa mousse Visco ne cr\u00e9e pas de contre-pression active. La mousse visco est soud\u00e9e \u00e0 un matelas en mousse froide, cr\u00e9ant un soutien important pour le corps. L&#039;\u00e2me du plan de couchage dans le coussin int\u00e9rieur (K) est constitu\u00e9e d&#039;une mousse ferme de 9 cm (S) et d&#039;une mousse visco\u00e9lastique de 3 cm d&#039;\u00e9paisseur (V) recouverte d&#039;un molleton de polyester (U). La hauteur totale est de 12 cm.<\/p>\n<h4><strong>\u00c9QUIPEMENT ET ENTRETIEN<\/strong><\/h4>\n<ul>\n<li>Rev\u00eatement sup\u00e9rieur : cuir synth\u00e9tique 100% PU<\/li>\n<li>Hydrofuge et anti-salissures<\/li>\n<li>Particuli\u00e8rement r\u00e9sistant aux frottements et \u00e0 l&#039;abrasion, mais doux et agr\u00e9able au toucher<\/li>\n<\/ul>\n<h4><strong>Tailles disponibles:\u00a0<\/strong><\/h4>\n<p>M &gt; taille ext\u00e9rieure 90x70x28 (Lxlxh), taille int\u00e9rieure 65x54x12 (Lxlxh)<br \/>\nRace : Beagle, Cocker Spaniel, Berger Australien, Schnauzer, etc.<\/p>\n<p>L &gt; Dimensions ext\u00e9rieures 110x90x30 (LxlxH), dimensions int\u00e9rieures 80x75x12 (LxlxH)<br \/>\nRace : Golden Retriever, Husky, Ridgeback, Labrador, Dalmatien etc.<\/p>\n<p>XL &gt; taille ext\u00e9rieure 120x100x32 (Lxlxh), taille int\u00e9rieure 94x76x12 (Lxlxh)<br \/>\nRace : Greyhound, Mountain Dog, Irish Wolfhound, etc.<\/p>\n<p>Veuillez noter que les dimensions indiqu\u00e9es sont des dimensions ext\u00e9rieures incluant la jante. En r\u00e8gle g\u00e9n\u00e9rale, les chiens utilisent \u00e9galement le bord pour s&#039;appuyer ou pour poser leur t\u00eate.<\/p>\n<h4>Couleurs disponibles: Noir, Blanc, Gris, Cr\u00e8me, Fauve, Marron, Terre cuite, Rouge, Marine, Jaune, Kiwi, Taupe<\/h4>\n<p><a href=\"https:\/\/www.mypado.de\/\" target=\"_blank\" rel=\"noopener\"><img loading=\"lazy\" decoding=\"async\" class=\"alignnone wp-image-141808 size-full\" src=\"https:\/\/dogpride.nl\/wp-content\/uploads\/logo-mypad-1.jpg\" alt=\"\" width=\"197\" height=\"75\" srcset=\"https:\/\/dogpride.nl\/wp-content\/uploads\/logo-mypad-1.jpg 197w, https:\/\/dogpride.nl\/wp-content\/uploads\/logo-mypad-1-18x7.jpg 18w\" sizes=\"auto, (max-width: 197px) 100vw, 197px\" \/><\/a><\/p>\n<p><a href=\"https:\/\/dogpride.nl\/fr\/?s=harko&amp;post_type=product\"><img loading=\"lazy\" decoding=\"async\" class=\"alignnone\" title=\"MYPADO Atlanta Lit pour chien en similicuir\" src=\"https:\/\/dogpride.nl\/wp-content\/uploads\/2144_1558312a86681f_1280x1280-150x150.jpg\" alt=\"MYPADO Atlanta Hondenbed Kunstleer\" width=\"150\" height=\"150\" \/><\/a><\/p>","protected":false},"excerpt":{"rendered":"<p>Lit pour chien MYPADO Atlanta en similicuir. Atlanta est \u00e9l\u00e9gant, robuste et confortable. Votre chien va l&#039;adorer et en profiter longtemps.<\/p>","protected":false},"featured_media":76931,"template":"","meta":[],"product_brand":[],"product_cat":[3343],"product_tag":[3348,3354,3347,3350],"class_list":{"0":"post-76930","1":"product","2":"type-product","3":"status-publish","4":"has-post-thumbnail","6":"product_cat-mypado-hondenmanden","7":"product_tag-hondenmand","8":"product_tag-kunstleer","9":"product_tag-mypado","10":"product_tag-visco-elastisch","12":"first","13":"instock","14":"taxable","15":"shipping-taxable","16":"purchasable","17":"product-type-variable"},"mb":[],"mfb_rest_fields":["title"],"_links":{"self":[{"href":"https:\/\/dogpride.nl\/fr\/wp-json\/wp\/v2\/product\/76930","targetHints":{"allow":["GET"]}}],"collection":[{"href":"https:\/\/dogpride.nl\/fr\/wp-json\/wp\/v2\/product"}],"about":[{"href":"https:\/\/dogpride.nl\/fr\/wp-json\/wp\/v2\/types\/product"}],"wp:featuredmedia":[{"embeddable":true,"href":"https:\/\/dogpride.nl\/fr\/wp-json\/wp\/v2\/media\/76931"}],"wp:attachment":[{"href":"https:\/\/dogpride.nl\/fr\/wp-json\/wp\/v2\/media?parent=76930"}],"wp:term":[{"taxonomy":"product_brand","embeddable":true,"href":"https:\/\/dogpride.nl\/fr\/wp-json\/wp\/v2\/product_brand?post=76930"},{"taxonomy":"product_cat","embeddable":true,"href":"https:\/\/dogpride.nl\/fr\/wp-json\/wp\/v2\/product_cat?post=76930"},{"taxonomy":"product_tag","embeddable":true,"href":"https:\/\/dogpride.nl\/fr\/wp-json\/wp\/v2\/product_tag?post=76930"}],"curies":[{"name":"wp","href":"https:\/\/api.w.org\/{rel}","templated":true}]}}