{"id":76871,"date":"2021-11-12T11:34:34","date_gmt":"2021-11-12T10:34:34","guid":{"rendered":"https:\/\/www.dogpride.nl\/?post_type=product&#038;p=76871"},"modified":"2025-11-06T14:54:51","modified_gmt":"2025-11-06T13:54:51","slug":"mypado-atlanta-hondenbed-soft","status":"publish","type":"product","link":"https:\/\/dogpride.nl\/fr\/mypado-atlanta-hondenbed-soft\/","title":{"rendered":"MYPADO Atlanta Lit pour Chien Doux"},"content":{"rendered":"<h4>MYPADO Atlanta Lit pour Chien Doux<\/h4>\n<p>MYPADO Atlanta Lit pour Chien Doux<\/p>\n<p>MYPADO Atlanta Dog Bed Soft est dans une classe \u00e0 part.<br \/>\nHier is de nieuwe favoriete plek van je trouwe viervoeter! Deze mooie en elegante hondenmand maakt vooral indruk met zijn fijn gestructureerde bekledingsmateriaal.<br \/>\nHet cre\u00ebert niet alleen een zacht en uiterst knuffelig oppervlak dat uitnodigt tot knuffelen; zijn elegante uitstraling maakt de ontspanningsoase van uw hond tot een echte blikvanger in uw woonkamer.<\/p>\n<p>Parfait pour tout le monde.<br \/>\nOf het nu een mopshond of mastiff is: mypado\u00ae Atlanta Soft is verkrijgbaar in veel verschillende maten, zodat echt elke hond kan genieten van het comfort van deze knusse hondenmand.<br \/>\nZo kunnen viervoeters ontspannen met het hoogste comfort en het mooiste design! Want waarom zou het er niet echt goed uitzien als comfortabel?<\/p>\n<p>Terwijl het binnenkussen &#8211; standaard gevuld met koudschuim &#8211; een ondersteunend en stabiel oppervlak biedt om op te liggen, is de gewatteerde rand absoluut het hoogtepunt van de mypado\u00ae Atlanta Soft.<br \/>\nVanuit het oogpunt van een hond: dik gevoerd met polyesterwatten, vormt het een optimaal hoofdsteungebied om tegenaan te kruipen.<\/p>\n<p>Large gamme de variantes et facile \u00e0 entretenir<\/p>\n<p>Natuurlijk is de MYPADO Atlanta Hondenbed Soft hondenmand verkrijgbaar in tal van verschillende kleuren. Van klassiek grijs en zilver tot knalroze &#8211; bij ons vind je de ideale hondenmand die bij jouw interieur past.<br \/>\nEn zodat jij en je harige vriend er zo lang mogelijk van kunnen genieten, kan de hoes met een ingenaaide rits eenvoudig worden verwijderd en in de wasmachine op 30\u00b0C worden gewassen.<\/p>\n<h4><strong>Les particularit\u00e9s:<\/strong><\/h4>\n<ul>\n<li>passepoil tout autour (accent de couleur \u2013 ton sur ton)<\/li>\n<li>tissu structur\u00e9<\/li>\n<li>rev\u00eatement en tissu anti-salissures et hydrofuge<\/li>\n<li>surface de couchage stable et stable<\/li>\n<li>convient aux amis \u00e0 quatre pattes l\u00e9gers et lourds<\/li>\n<li>durable et r\u00e9sistant<\/li>\n<li>fermeture \u00e9clair tout autour<\/li>\n<\/ul>\n<h5><strong>Facultatif: <\/strong>Vous avez le choix entre le garnissage standard en mousse froide ou un garnissage en mousse visco\u00e9lastique pour un sommier orthop\u00e9dique.<\/h5>\n<h5><strong>Mat\u00e9riel:<\/strong><\/h5>\n<ul>\n<li>Couverture sup\u00e9rieure : polyester 100%, dessous : polyacrylique 100%<\/li>\n<li>tissu d&#039;ameublement textur\u00e9<\/li>\n<li>Particuli\u00e8rement r\u00e9sistant, mais doux et agr\u00e9able au toucher<\/li>\n<li>Hydrofuge et anti-salissures<\/li>\n<\/ul>\n<h5><strong>remplissage:<\/strong><\/h5>\n<ul>\n<li>Coussin int\u00e9rieur : Remplissage standard de mousse froide (12 cm) )<\/li>\n<li>Bord lat\u00e9ral : ouate de polyester<\/li>\n<li>Tous les mat\u00e9riaux de remplissage sont fabriqu\u00e9s en Allemagne<\/li>\n<\/ul>\n<h5><strong>Nettoyage:<\/strong><\/h5>\n<ul>\n<li>En partie facile \u00e0 nettoyer avec un chiffon humide - ou en machine jusqu&#039;\u00e0 30 \u00b0C.<\/li>\n<li>La housse peut \u00eatre retir\u00e9e gr\u00e2ce au zip qui est cousu tout autour<\/li>\n<\/ul>\n<p><strong>Tableau des tailles et conseils (en cm)<\/strong><\/p>\n<p><img loading=\"lazy\" decoding=\"async\" class=\"alignnone wp-image-76883 size-full\" src=\"https:\/\/www.dogpride.nl\/wp-content\/uploads\/Atlanta.jpg\" alt=\"Maattabel\" width=\"432\" height=\"223\" srcset=\"https:\/\/dogpride.nl\/wp-content\/uploads\/Atlanta.jpg 432w, https:\/\/dogpride.nl\/wp-content\/uploads\/Atlanta-250x129.jpg 250w, https:\/\/dogpride.nl\/wp-content\/uploads\/Atlanta-400x206.jpg 400w, https:\/\/dogpride.nl\/wp-content\/uploads\/Atlanta-300x155.jpg 300w, https:\/\/dogpride.nl\/wp-content\/uploads\/Atlanta-200x103.jpg 200w\" sizes=\"auto, (max-width: 432px) 100vw, 432px\" \/><\/p>\n<p>M &gt; taille ext\u00e9rieure 90x70x28 (Lxlxh), taille int\u00e9rieure 65x54x12 (Lxlxh)<br \/>\nRace : Beagle, Cocker Spaniel, Berger Australien, Schnauzer, etc.<\/p>\n<p>L &gt; Dimensions ext\u00e9rieures 110x90x30 (LxlxH), dimensions int\u00e9rieures 80x75x12 (LxlxH)<br \/>\nRace : Golden Retriever, Husky, Ridgeback, Labrador, Dalmatien etc.<\/p>\n<p>XL &gt; taille ext\u00e9rieure 120x100x32 (Lxlxh), taille int\u00e9rieure 94x76x12 (Lxlxh)<br \/>\nRace : Greyhound, Mountain Dog, Irish Wolfhound, etc.<\/p>\n<p>Veuillez noter que les dimensions indiqu\u00e9es sont des dimensions ext\u00e9rieures incluant la jante. En r\u00e8gle g\u00e9n\u00e9rale, les chiens utilisent \u00e9galement le bord pour s&#039;appuyer ou pour poser leur t\u00eate.<\/p>\n<p><a href=\"https:\/\/www.mypado.de\/\" target=\"_blank\" rel=\"noopener\"><img loading=\"lazy\" decoding=\"async\" class=\"alignnone wp-image-141808 size-full\" src=\"https:\/\/dogpride.nl\/wp-content\/uploads\/logo-mypad-1.jpg\" alt=\"\" width=\"197\" height=\"75\" srcset=\"https:\/\/dogpride.nl\/wp-content\/uploads\/logo-mypad-1.jpg 197w, https:\/\/dogpride.nl\/wp-content\/uploads\/logo-mypad-1-18x7.jpg 18w\" sizes=\"auto, (max-width: 197px) 100vw, 197px\" \/><\/a><\/p>\n<p><a href=\"https:\/\/dogpride.nl\/fr\/?s=harko&amp;post_type=product\"><img loading=\"lazy\" decoding=\"async\" class=\"alignnone\" title=\"MYPADO Atlanta Lit pour Chien Doux\" src=\"https:\/\/dogpride.nl\/wp-content\/uploads\/mypado-atlanta-softline-grau-01-150x150.jpg\" alt=\"MYPADO Atlanta Hondenbed Soft\" width=\"150\" height=\"150\" \/><\/a><\/p>","protected":false},"excerpt":{"rendered":"<p>Lit pour chien MYPADO Atlanta doux. Ce beau et \u00e9l\u00e9gant lit pour chien impressionne avant tout par son mat\u00e9riau de rev\u00eatement finement structur\u00e9.<\/p>","protected":false},"featured_media":76929,"template":"","meta":[],"product_brand":[],"product_cat":[3343],"product_tag":[3348,3349,3347,3350],"class_list":{"0":"post-76871","1":"product","2":"type-product","3":"status-publish","4":"has-post-thumbnail","6":"product_cat-mypado-hondenmanden","7":"product_tag-hondenmand","8":"product_tag-koudschuim","9":"product_tag-mypado","10":"product_tag-visco-elastisch","12":"first","13":"instock","14":"taxable","15":"shipping-taxable","16":"purchasable","17":"product-type-variable"},"mb":[],"mfb_rest_fields":["title"],"_links":{"self":[{"href":"https:\/\/dogpride.nl\/fr\/wp-json\/wp\/v2\/product\/76871","targetHints":{"allow":["GET"]}}],"collection":[{"href":"https:\/\/dogpride.nl\/fr\/wp-json\/wp\/v2\/product"}],"about":[{"href":"https:\/\/dogpride.nl\/fr\/wp-json\/wp\/v2\/types\/product"}],"wp:featuredmedia":[{"embeddable":true,"href":"https:\/\/dogpride.nl\/fr\/wp-json\/wp\/v2\/media\/76929"}],"wp:attachment":[{"href":"https:\/\/dogpride.nl\/fr\/wp-json\/wp\/v2\/media?parent=76871"}],"wp:term":[{"taxonomy":"product_brand","embeddable":true,"href":"https:\/\/dogpride.nl\/fr\/wp-json\/wp\/v2\/product_brand?post=76871"},{"taxonomy":"product_cat","embeddable":true,"href":"https:\/\/dogpride.nl\/fr\/wp-json\/wp\/v2\/product_cat?post=76871"},{"taxonomy":"product_tag","embeddable":true,"href":"https:\/\/dogpride.nl\/fr\/wp-json\/wp\/v2\/product_tag?post=76871"}],"curies":[{"name":"wp","href":"https:\/\/api.w.org\/{rel}","templated":true}]}}