{"id":76835,"date":"2021-11-11T10:37:14","date_gmt":"2021-11-11T09:37:14","guid":{"rendered":"https:\/\/www.dogpride.nl\/?post_type=product&#038;p=76835"},"modified":"2025-11-04T07:41:01","modified_gmt":"2025-11-04T06:41:01","slug":"arrak-thermo-actions-pants-women","status":"publish","type":"product","link":"https:\/\/dogpride.nl\/fr\/arrak-thermo-actions-pants-women\/","title":{"rendered":"Arrak Thermo Actions Pantalon Femme"},"content":{"rendered":"<h4>Arrak Thermo Actions Pantalon Femme<\/h4>\n<p>Arrak Thermo Actions Pantalon Femme<\/p>\n<p>Le Arrak Thermo Actions Pants Women est un pantalon softshell doubl\u00e9 tr\u00e8s confortable et chaud.<br \/>\nLe tissu ext\u00e9rieur 88% Nylon \/ 12% Spandex qui rend le pantalon tr\u00e8s souple.<br \/>\nIl est \u00e9galement hydrofuge, car le tissu a une colonne d&#039;eau de 3000 mm.<br \/>\nL&#039;int\u00e9rieur est en micropolaire chaude et douce.<br \/>\n\u00c9lastique \u00e0 la taille pour un meilleur ajustement.<br \/>\n7 passants de ceinture.<br \/>\nIl y a des fermetures \u00e0 glissi\u00e8re de ventilation ouvrantes sur les deux cuisses avec de la maille \u00e0 l&#039;int\u00e9rieur.<br \/>\nLe pantalon a deux poches sur les jambes robustes et des poches lat\u00e9rales avec fermeture \u00e9clair.<br \/>\nLes extr\u00e9mit\u00e9s des jambes sont r\u00e9glables avec un bouton poussoir.<\/p>\n<p>Le Thermo Actions Pants Women est parfait pour toutes sortes d&#039;activit\u00e9s de plein air.<\/p>\n<p><strong>Caract\u00e9ristiques:<\/strong><\/p>\n<ul>\n<li>Nylon 88% \/ \u00c9lasthanne 12%<\/li>\n<li>3000 mm dans la colonne d&#039;eau<\/li>\n<li>Tissu souple et extensible<\/li>\n<li>Doublure en micro polaire<\/li>\n<li>Poches zipp\u00e9es pour les mains<\/li>\n<li>2 poches sur les cuisses<\/li>\n<li>7 passants de ceinture<\/li>\n<li>Renforc\u00e9 \u00e0 l&#039;int\u00e9rieur de l&#039;extr\u00e9mit\u00e9 de la jambe<\/li>\n<li>Extr\u00e9mit\u00e9 de jambe r\u00e9glable<\/li>\n<li>Ventilation zipp\u00e9e le long des cuisses<\/li>\n<\/ul>\n<p>Regarder <a href=\"https:\/\/dogpride.nl\/fr\/produit\/arrak-outdoor-original-jacket-olijfgroen-unisex\/\">ici<\/a> pour un manteau d&#039;hiver assorti<\/p>\n<p><strong>Tableau des tailles:<\/strong><\/p>\n<p><img loading=\"lazy\" decoding=\"async\" class=\"alignnone size-full wp-image-76842\" src=\"https:\/\/www.dogpride.nl\/wp-content\/uploads\/Maattabel-AO-New-pants-lady-11.jpg\" alt=\"\" width=\"639\" height=\"849\" srcset=\"https:\/\/dogpride.nl\/wp-content\/uploads\/Maattabel-AO-New-pants-lady-11.jpg 639w, https:\/\/dogpride.nl\/wp-content\/uploads\/Maattabel-AO-New-pants-lady-11-250x332.jpg 250w, https:\/\/dogpride.nl\/wp-content\/uploads\/Maattabel-AO-New-pants-lady-11-400x531.jpg 400w, https:\/\/dogpride.nl\/wp-content\/uploads\/Maattabel-AO-New-pants-lady-11-226x300.jpg 226w, https:\/\/dogpride.nl\/wp-content\/uploads\/Maattabel-AO-New-pants-lady-11-200x266.jpg 200w, https:\/\/dogpride.nl\/wp-content\/uploads\/Maattabel-AO-New-pants-lady-11-600x797.jpg 600w\" sizes=\"auto, (max-width: 639px) 100vw, 639px\" \/><\/p>\n<p><a href=\"https:\/\/arrakoutdoor.com\/\" target=\"_blank\" rel=\"noopener\"><img loading=\"lazy\" decoding=\"async\" class=\"alignnone wp-image-139301 size-medium\" src=\"https:\/\/dogpride.nl\/wp-content\/uploads\/Arrak-300x118.jpeg\" alt=\"Logo\" width=\"300\" height=\"118\" srcset=\"https:\/\/dogpride.nl\/wp-content\/uploads\/Arrak-300x118.jpeg 300w, https:\/\/dogpride.nl\/wp-content\/uploads\/Arrak-768x303.jpeg 768w, https:\/\/dogpride.nl\/wp-content\/uploads\/Arrak-18x7.jpeg 18w, https:\/\/dogpride.nl\/wp-content\/uploads\/Arrak-250x99.jpeg 250w, https:\/\/dogpride.nl\/wp-content\/uploads\/Arrak-400x158.jpeg 400w, https:\/\/dogpride.nl\/wp-content\/uploads\/Arrak.jpeg 916w\" sizes=\"auto, (max-width: 300px) 100vw, 300px\" \/><\/a><\/p>\n<p><a href=\"https:\/\/dogpride.nl\/fr\/kleding\/broeken\/arrak-outdoor-broeken\/\"><img loading=\"lazy\" decoding=\"async\" class=\"alignnone\" title=\"Arrak Thermo Actions Pantalon Femme\" src=\"https:\/\/dogpride.nl\/wp-content\/uploads\/23036-1036-150x150.jpg\" alt=\"Arrak Thermo Actions Pants Women\" width=\"150\" height=\"150\" \/><\/a><\/p>","protected":false},"excerpt":{"rendered":"<p>Arrak Thermo ActionsPants Femmes. Le pantalon Thermo Action d&#039;Arrak est un pantalon softshell doubl\u00e9 tr\u00e8s confortable et chaud.<\/p>","protected":false},"featured_media":76836,"template":"","meta":[],"product_brand":[],"product_cat":[3860],"product_tag":[3338,3335,3334,3188,3336,3339,3337,3340],"class_list":{"0":"post-76835","1":"product","2":"type-product","3":"status-publish","4":"has-post-thumbnail","6":"product_cat-arrak-outdoor-dames-broeken","7":"product_tag-action","8":"product_tag-arrak","9":"product_tag-arrak-outdoor","10":"product_tag-damesbroek","11":"product_tag-outdoor","12":"product_tag-pants","13":"product_tag-thermo","14":"product_tag-winter","16":"first","17":"instock","18":"taxable","19":"shipping-taxable","20":"purchasable","21":"product-type-variable"},"mb":[],"mfb_rest_fields":["title"],"_links":{"self":[{"href":"https:\/\/dogpride.nl\/fr\/wp-json\/wp\/v2\/product\/76835","targetHints":{"allow":["GET"]}}],"collection":[{"href":"https:\/\/dogpride.nl\/fr\/wp-json\/wp\/v2\/product"}],"about":[{"href":"https:\/\/dogpride.nl\/fr\/wp-json\/wp\/v2\/types\/product"}],"wp:featuredmedia":[{"embeddable":true,"href":"https:\/\/dogpride.nl\/fr\/wp-json\/wp\/v2\/media\/76836"}],"wp:attachment":[{"href":"https:\/\/dogpride.nl\/fr\/wp-json\/wp\/v2\/media?parent=76835"}],"wp:term":[{"taxonomy":"product_brand","embeddable":true,"href":"https:\/\/dogpride.nl\/fr\/wp-json\/wp\/v2\/product_brand?post=76835"},{"taxonomy":"product_cat","embeddable":true,"href":"https:\/\/dogpride.nl\/fr\/wp-json\/wp\/v2\/product_cat?post=76835"},{"taxonomy":"product_tag","embeddable":true,"href":"https:\/\/dogpride.nl\/fr\/wp-json\/wp\/v2\/product_tag?post=76835"}],"curies":[{"name":"wp","href":"https:\/\/api.w.org\/{rel}","templated":true}]}}