{"id":76820,"date":"2021-11-08T14:46:22","date_gmt":"2021-11-08T13:46:22","guid":{"rendered":"https:\/\/www.dogpride.nl\/?post_type=product&#038;p=76820"},"modified":"2025-11-02T14:59:04","modified_gmt":"2025-11-02T13:59:04","slug":"gappay-hondensportjas-modern-art-unisex","status":"publish","type":"product","link":"https:\/\/dogpride.nl\/fr\/gappay-hondensportjas-modern-art-unisex\/","title":{"rendered":"GAPPAY Manteau de Sport pour Chien Art Moderne Unisexe"},"content":{"rendered":"<h4>GAPPAY Manteau de Sport pour Chien Art Moderne Unisexe<\/h4>\n<p>GAPPAY Manteau de Sport pour Chien Art Moderne Unisexe<\/p>\n<ul>\n<li>Impression moderne<\/li>\n<li>Tissu agr\u00e9able<\/li>\n<li>Avec poches fran\u00e7aises sur la r\u00e9gion pelvienne<\/li>\n<li>Poss\u00e8de des poches en biais sur la poitrine<\/li>\n<li>Poches poitrine dissimul\u00e9es avec fermetures \u00e0 glissi\u00e8re au-dessus des poches poitrine<\/li>\n<li>Coupe sportive pour la libert\u00e9 de mouvement<\/li>\n<li>Cordon de serrage \u00e0 la taille pour s&#039;adapter \u00e0 la taille<\/li>\n<\/ul>\n<p>Disponible dans les tailles XS-3XL<\/p>\n<p>Ce manteau de sport pour chien est unisexe<\/p>\n<p><strong>Tableau des tailles:<\/strong><\/p>\n<p><img loading=\"lazy\" decoding=\"async\" class=\"alignnone wp-image-76823 size-full\" src=\"https:\/\/www.dogpride.nl\/wp-content\/uploads\/Masstabelle_universal.jpg\" alt=\"Maattabel\" width=\"857\" height=\"180\" srcset=\"https:\/\/dogpride.nl\/wp-content\/uploads\/Masstabelle_universal.jpg 857w, https:\/\/dogpride.nl\/wp-content\/uploads\/Masstabelle_universal-250x53.jpg 250w, https:\/\/dogpride.nl\/wp-content\/uploads\/Masstabelle_universal-400x84.jpg 400w, https:\/\/dogpride.nl\/wp-content\/uploads\/Masstabelle_universal-300x63.jpg 300w, https:\/\/dogpride.nl\/wp-content\/uploads\/Masstabelle_universal-768x161.jpg 768w, https:\/\/dogpride.nl\/wp-content\/uploads\/Masstabelle_universal-200x42.jpg 200w, https:\/\/dogpride.nl\/wp-content\/uploads\/Masstabelle_universal-600x126.jpg 600w, https:\/\/dogpride.nl\/wp-content\/uploads\/Masstabelle_universal-800x168.jpg 800w\" sizes=\"auto, (max-width: 857px) 100vw, 857px\" \/><\/p>\n<p>Regarder <span style=\"color: #ff0000;\"><a style=\"color: #ff0000;\" href=\"https:\/\/dogpride.nl\/fr\/produit\/gappay-trainingsvest-modern-art-unisex-2\/\">ici<\/a> <\/span>pour un gilet d&#039;entra\u00eenement assorti.<\/p>\n<p><a href=\"https:\/\/www.gappay-hundesport.com\/en\" target=\"_blank\" rel=\"noopener\"><img loading=\"lazy\" decoding=\"async\" class=\"alignnone wp-image-140050 size-full\" src=\"https:\/\/dogpride.nl\/wp-content\/uploads\/gappay_logo.jpg\" alt=\"gappay_logo\" width=\"305\" height=\"64\" srcset=\"https:\/\/dogpride.nl\/wp-content\/uploads\/gappay_logo.jpg 305w, https:\/\/dogpride.nl\/wp-content\/uploads\/gappay_logo-300x63.jpg 300w, https:\/\/dogpride.nl\/wp-content\/uploads\/gappay_logo-18x4.jpg 18w, https:\/\/dogpride.nl\/wp-content\/uploads\/gappay_logo-250x52.jpg 250w\" sizes=\"auto, (max-width: 305px) 100vw, 305px\" \/><\/a><\/p>\n<p><a href=\"https:\/\/dogpride.nl\/fr\/kleding\/jassen\/gappay-jassen\/\"><img loading=\"lazy\" decoding=\"async\" class=\"alignnone\" title=\"GAPPAY Manteau de Sport pour Chien Art Moderne Unisexe\" src=\"https:\/\/dogpride.nl\/wp-content\/uploads\/3787-600adaf167912-150x150.jpg\" alt=\"GAPPAY Hondensportjas Modern Art Unisex\" width=\"150\" height=\"150\" \/><\/a><\/p>","protected":false},"excerpt":{"rendered":"<p>GAPPAY Veste de sport pour chien Modern Art Unisex a un imprim\u00e9 moderne d&#039;un tissu agr\u00e9able et poss\u00e8de des poches fran\u00e7aises sur la r\u00e9gion pelvienne.<\/p>","protected":false},"featured_media":76821,"template":"","meta":[],"product_brand":[],"product_cat":[3857],"product_tag":[3331,3332,3199,3333],"class_list":{"0":"post-76820","1":"product","2":"type-product","3":"status-publish","4":"has-post-thumbnail","6":"product_cat-gappay-jassen","7":"product_tag-gappay","8":"product_tag-hondensport","9":"product_tag-hondensportjas","10":"product_tag-modern-art","12":"first","13":"instock","14":"taxable","15":"shipping-taxable","16":"purchasable","17":"product-type-variable"},"mb":[],"mfb_rest_fields":["title"],"_links":{"self":[{"href":"https:\/\/dogpride.nl\/fr\/wp-json\/wp\/v2\/product\/76820","targetHints":{"allow":["GET"]}}],"collection":[{"href":"https:\/\/dogpride.nl\/fr\/wp-json\/wp\/v2\/product"}],"about":[{"href":"https:\/\/dogpride.nl\/fr\/wp-json\/wp\/v2\/types\/product"}],"wp:featuredmedia":[{"embeddable":true,"href":"https:\/\/dogpride.nl\/fr\/wp-json\/wp\/v2\/media\/76821"}],"wp:attachment":[{"href":"https:\/\/dogpride.nl\/fr\/wp-json\/wp\/v2\/media?parent=76820"}],"wp:term":[{"taxonomy":"product_brand","embeddable":true,"href":"https:\/\/dogpride.nl\/fr\/wp-json\/wp\/v2\/product_brand?post=76820"},{"taxonomy":"product_cat","embeddable":true,"href":"https:\/\/dogpride.nl\/fr\/wp-json\/wp\/v2\/product_cat?post=76820"},{"taxonomy":"product_tag","embeddable":true,"href":"https:\/\/dogpride.nl\/fr\/wp-json\/wp\/v2\/product_tag?post=76820"}],"curies":[{"name":"wp","href":"https:\/\/api.w.org\/{rel}","templated":true}]}}