{"id":75800,"date":"2021-10-15T15:03:38","date_gmt":"2021-10-15T13:03:38","guid":{"rendered":"https:\/\/www.dogpride.nl\/?post_type=product&#038;p=75800"},"modified":"2025-11-16T13:01:20","modified_gmt":"2025-11-16T12:01:20","slug":"arrak-ultra-bamboo-ondergoedset-men-black","status":"publish","type":"product","link":"https:\/\/dogpride.nl\/fr\/arrak-ultra-bamboo-ondergoedset-men-black\/","title":{"rendered":"ARRAK Ultra Ensemble de sous-v\u00eatements en bambou Homme Noir"},"content":{"rendered":"<h4>ARRAK Ultra Ensemble de sous-v\u00eatements en bambou Homme Noir<\/h4>\n<p>L&#039;ensemble de sous-v\u00eatements ARRAK Ultra Bamboo Men Black est un sous-v\u00eatement de couche 1 parfait. La qualit\u00e9 est tr\u00e8s douce et agr\u00e9able \u00e0 porter.<br \/>\nFermeture \u00e9clair courte en haut et col montant.<br \/>\nPouce grip aux poignets.<br \/>\nCeinture \u00e9lastique confortable<\/p>\n<p><strong>D\u00e9tails:<\/strong><\/p>\n<ul>\n<li>95% bambou \/ viscose \/ 5% \u00e9lasthanne<\/li>\n<li>Poign\u00e9e de pouce<\/li>\n<li>Fermeture \u00e9clair courte sur la chemise<\/li>\n<li>Bande \u00e9lastique Arrak \u00e0 la taille<\/li>\n<li>Qualit\u00e9 douce et merveilleuse<\/li>\n<\/ul>\n<p><a href=\"https:\/\/dogpride.nl\/fr\/produit\/arrak-ultra-bamboo-ondergoedset-women-black\/\">Cliquez ici pour la version f\u00e9minine<\/a><\/p>\n<p><a href=\"https:\/\/arrakoutdoor.com\/awesome-wool-t-shirt-women\" target=\"_blank\" rel=\"noopener\"><img loading=\"lazy\" decoding=\"async\" class=\"alignnone wp-image-142933 size-medium\" src=\"https:\/\/dogpride.nl\/wp-content\/uploads\/Arrak-3-300x118.jpeg\" alt=\"LOGO ARRAK\" width=\"300\" height=\"118\" srcset=\"https:\/\/dogpride.nl\/wp-content\/uploads\/Arrak-3-300x118.jpeg 300w, https:\/\/dogpride.nl\/wp-content\/uploads\/Arrak-3-768x303.jpeg 768w, https:\/\/dogpride.nl\/wp-content\/uploads\/Arrak-3-18x7.jpeg 18w, https:\/\/dogpride.nl\/wp-content\/uploads\/Arrak-3-250x99.jpeg 250w, https:\/\/dogpride.nl\/wp-content\/uploads\/Arrak-3-400x158.jpeg 400w, https:\/\/dogpride.nl\/wp-content\/uploads\/Arrak-3.jpeg 916w\" sizes=\"auto, (max-width: 300px) 100vw, 300px\" \/><\/a><\/p>\n<p><a href=\"https:\/\/dogpride.nl\/fr\/kleding\/accessoires\/arrak-accessoires\/\"><img loading=\"lazy\" decoding=\"async\" class=\"alignnone\" title=\"ARRAK Ultra Ensemble de sous-v\u00eatements en bambou Homme Noir\" src=\"https:\/\/dogpride.nl\/wp-content\/uploads\/qx8a1480-edit_1_1-150x150.jpg\" alt=\"ARRAK Ultra Bamboo ondergoedset Men Black\" width=\"150\" height=\"150\" \/><\/a><\/p>","protected":false},"excerpt":{"rendered":"<p>Ensemble de sous-v\u00eatements ARRAK Ultra Bamboo Homme Noir. L&#039;ensemble Ultra bambou d&#039;Arrak est une 1\u00e8re couche de sous-v\u00eatement parfaite. La qualit\u00e9 est tr\u00e8s douce et agr\u00e9able \u00e0 porter.<\/p>","protected":false},"featured_media":75801,"template":"","meta":[],"product_brand":[],"product_cat":[3939],"product_tag":[],"class_list":{"0":"post-75800","1":"product","2":"type-product","3":"status-publish","4":"has-post-thumbnail","6":"product_cat-arrak-accessoires","8":"first","9":"instock","10":"taxable","11":"shipping-taxable","12":"purchasable","13":"product-type-variable"},"mb":[],"mfb_rest_fields":["title"],"_links":{"self":[{"href":"https:\/\/dogpride.nl\/fr\/wp-json\/wp\/v2\/product\/75800","targetHints":{"allow":["GET"]}}],"collection":[{"href":"https:\/\/dogpride.nl\/fr\/wp-json\/wp\/v2\/product"}],"about":[{"href":"https:\/\/dogpride.nl\/fr\/wp-json\/wp\/v2\/types\/product"}],"wp:featuredmedia":[{"embeddable":true,"href":"https:\/\/dogpride.nl\/fr\/wp-json\/wp\/v2\/media\/75801"}],"wp:attachment":[{"href":"https:\/\/dogpride.nl\/fr\/wp-json\/wp\/v2\/media?parent=75800"}],"wp:term":[{"taxonomy":"product_brand","embeddable":true,"href":"https:\/\/dogpride.nl\/fr\/wp-json\/wp\/v2\/product_brand?post=75800"},{"taxonomy":"product_cat","embeddable":true,"href":"https:\/\/dogpride.nl\/fr\/wp-json\/wp\/v2\/product_cat?post=75800"},{"taxonomy":"product_tag","embeddable":true,"href":"https:\/\/dogpride.nl\/fr\/wp-json\/wp\/v2\/product_tag?post=75800"}],"curies":[{"name":"wp","href":"https:\/\/api.w.org\/{rel}","templated":true}]}}