{"id":75655,"date":"2021-10-08T10:39:21","date_gmt":"2021-10-08T08:39:21","guid":{"rendered":"https:\/\/www.dogpride.nl\/?post_type=product&#038;p=75655"},"modified":"2023-10-18T12:06:20","modified_gmt":"2023-10-18T10:06:20","slug":"sierra-dog-vrijetijdstas-voor-wandelen-met-uw-hond","status":"publish","type":"product","link":"https:\/\/dogpride.nl\/fr\/sierra-dog-vrijetijdstas-voor-wandelen-met-uw-hond\/","title":{"rendered":"SIERRA-DOG Sac de loisirs pour promener votre chien"},"content":{"rendered":"<h4>SIERRA-DOG Sac de loisirs pour promener votre chien<\/h4>\n<p>Le sac de loisirs SIERRA-DOG pour promener votre chien est en nylon imperm\u00e9able. Il a des sacoches spacieuses avec des fermetures \u00e9clair prot\u00e9g\u00e9es et \u00e9tanches et des bandes r\u00e9fl\u00e9chissantes.<br \/>\nPermet \u00e0 votre chien de transporter une gamelle pliable, une friandise, une laisse, un collier... S&#039;adapte parfaitement au dos du chien, boucles de qualit\u00e9 robustes et fiables.<br \/>\nAjustements sous l&#039;abdomen et dans le cou.<br \/>\nDoublure en mesh et protection de la boucle pour un confort optimal.<br \/>\n<span class=\"\">Poign\u00e9e auxiliaire et anneau pour attacher le mousqueton.<\/span><\/p>\n<p>Pour conna\u00eetre la taille qui correspond \u00e0 votre chien, vous devez mesurer le tour de poitrine.<\/p>\n<p>Contenu de la sacoche\u00a0:<\/p>\n<p>Petit : Capacit\u00e9 des 2 sacoches environ 5 litres.<br \/>\n<span class=\"goog-text-highlight\">Medium : capacit\u00e9 des 2 sacoches environ 13 litres.<\/span><br \/>\nLarge : capacit\u00e9 des 2 sacoches environ 16 litres.<\/p>\n<p>Taille : S &gt; Tour de poitrine 56 \u00e0 77 cm<\/p>\n<p>&nbsp;<\/p>\n<p><a href=\"https:\/\/devrolijkekwispel.nl\/\" target=\"_blank\" rel=\"noopener\">Dogpride NL parraine Kelly Albers<\/a><\/p>\n<p><em>Je (Kelly Albers) suis active dans le secteur animal depuis 2015. Apr\u00e8s avoir suivi plusieurs formations, avoir acquis de nombreuses ann\u00e9es d&#039;exp\u00e9rience dans les sports canins et avoir travaill\u00e9 pour plusieurs entreprises animali\u00e8res pendant plusieurs ann\u00e9es.<\/em><br \/>\n<em>En mai 2018, j&#039;ai atteint un sommet dans ma carri\u00e8re de sport canin. Je suis devenu champion du monde WDSF dans la classe ipo2 et j&#039;ai ensuite particip\u00e9 au championnat n\u00e9erlandais toutes races.<\/em><\/p>","protected":false},"excerpt":{"rendered":"<p>SIERRA DOG Sac de loisirs pour promener votre chien. S&#039;adapte parfaitement au dos du chien, boucles de qualit\u00e9 robustes et fiables.<\/p>","protected":false},"featured_media":75656,"template":"","meta":[],"product_brand":[],"product_cat":[374],"product_tag":[],"class_list":{"0":"post-75655","1":"product","2":"type-product","3":"status-publish","4":"has-post-thumbnail","6":"product_cat-overige-hondentuigjes","8":"first","9":"instock","10":"taxable","11":"shipping-taxable","12":"purchasable","13":"product-type-simple"},"mb":[],"mfb_rest_fields":["title"],"_links":{"self":[{"href":"https:\/\/dogpride.nl\/fr\/wp-json\/wp\/v2\/product\/75655","targetHints":{"allow":["GET"]}}],"collection":[{"href":"https:\/\/dogpride.nl\/fr\/wp-json\/wp\/v2\/product"}],"about":[{"href":"https:\/\/dogpride.nl\/fr\/wp-json\/wp\/v2\/types\/product"}],"wp:featuredmedia":[{"embeddable":true,"href":"https:\/\/dogpride.nl\/fr\/wp-json\/wp\/v2\/media\/75656"}],"wp:attachment":[{"href":"https:\/\/dogpride.nl\/fr\/wp-json\/wp\/v2\/media?parent=75655"}],"wp:term":[{"taxonomy":"product_brand","embeddable":true,"href":"https:\/\/dogpride.nl\/fr\/wp-json\/wp\/v2\/product_brand?post=75655"},{"taxonomy":"product_cat","embeddable":true,"href":"https:\/\/dogpride.nl\/fr\/wp-json\/wp\/v2\/product_cat?post=75655"},{"taxonomy":"product_tag","embeddable":true,"href":"https:\/\/dogpride.nl\/fr\/wp-json\/wp\/v2\/product_tag?post=75655"}],"curies":[{"name":"wp","href":"https:\/\/api.w.org\/{rel}","templated":true}]}}