{"id":75454,"date":"2021-10-07T10:58:51","date_gmt":"2021-10-07T08:58:51","guid":{"rendered":"https:\/\/www.dogpride.nl\/?post_type=product&#038;p=75454"},"modified":"2025-11-16T11:58:31","modified_gmt":"2025-11-16T10:58:31","slug":"speed-dogsport-trainingsvest-emmo","status":"publish","type":"product","link":"https:\/\/dogpride.nl\/fr\/speed-dogsport-trainingsvest-emmo\/","title":{"rendered":"SPEED-DOGSPORT trainingsvest EMMO"},"content":{"rendered":"<h4>SPEED-DOGSPORT trainingsvest EMMO<\/h4>\n<p>SPEED-DOGSPORT trainingsvest EMMO<\/p>\n<h3>Hondensportvest EMMO voor hondengeleiders en\u00a0in utiliteitshondensport IGP<\/h3>\n<p>Ons Speed Dogsport\u00ae Hondensportvest EMMO Unisex kenmerkt zich door bijzonder robuust en krasbestendig nieuw materiaal en een hoge functionaliteit met draagcomfort.<\/p>\n<p>Hoogwaardige afwerking, zeer goede pasvorm en moderne look en kleuren zorgen ervoor dat u er ook goed uitziet op het hondentrainingsveld. Wij produceren ook in grote maten tot 4-XL.<\/p>\n<p>Praktische en doordachte details maken ze onmisbaar voor hondensporten en hondenbezitters.<\/p>\n<p><strong>\u2713 Sportvest voor hondensport<\/strong><\/p>\n<p><strong>\u2713 Hondengeleider vest<\/strong><\/p>\n<p><strong>\u2713\u00a0Werkhond Sport IGP Vest<\/strong><\/p>\n<p><strong>\u2713 Hundesportswear<\/strong><\/p>\n<p><strong>\u2713 Vest voor hondenbezitters en -eigenaren<\/strong><\/p>\n<h3><span class=\"aCOpRe\">Kenmerken van SPEED-DOGSPORT trainingsvest EMMO<\/span>:<\/h3>\n<ul>\n<li>Hondengeleider vest zonder kraag<\/li>\n<li>Korte versie\/snitcomfortabele mesh voering<\/li>\n<li>Ourlet ajustable<\/li>\n<li>4 ruime zakken met schuine inlaat aan de voorkant, 2 aan de achterkant<\/li>\n<li>Klepzakken direct met ritssluiting om het volume te vergroten<\/li>\n<li>1 borstzak met rits<\/li>\n<li>Voldoende zakken om de nodige trainingsbenodigdheden mee te nemen<\/li>\n<li>Ritsen van hoge kwaliteit<\/li>\n<li>klein botje accessoire op de rits<\/li>\n<li>grandes tailles 3-XL et 4-XL disponibles<\/li>\n<li>Marque : Speed Dogsport\u00ae<\/li>\n<li>Couleur de fond : noir<\/li>\n<li>Toepassingen: Borduursel in neongeel (MADEIRA borduurgaren)<\/li>\n<\/ul>\n<p><strong>Tableau des tailles:<\/strong><\/p>\n<p><img loading=\"lazy\" decoding=\"async\" class=\"alignnone wp-image-75463 size-large\" src=\"https:\/\/www.dogpride.nl\/wp-content\/uploads\/Maattabel-Liverpool-1024x721.jpg\" alt=\"\" width=\"1024\" height=\"721\" srcset=\"https:\/\/dogpride.nl\/wp-content\/uploads\/Maattabel-Liverpool-1024x721.jpg 1024w, https:\/\/dogpride.nl\/wp-content\/uploads\/Maattabel-Liverpool-250x176.jpg 250w, https:\/\/dogpride.nl\/wp-content\/uploads\/Maattabel-Liverpool-400x282.jpg 400w, https:\/\/dogpride.nl\/wp-content\/uploads\/Maattabel-Liverpool-300x211.jpg 300w, https:\/\/dogpride.nl\/wp-content\/uploads\/Maattabel-Liverpool-768x540.jpg 768w, https:\/\/dogpride.nl\/wp-content\/uploads\/Maattabel-Liverpool-200x141.jpg 200w, https:\/\/dogpride.nl\/wp-content\/uploads\/Maattabel-Liverpool-600x422.jpg 600w, https:\/\/dogpride.nl\/wp-content\/uploads\/Maattabel-Liverpool-800x563.jpg 800w, https:\/\/dogpride.nl\/wp-content\/uploads\/Maattabel-Liverpool.jpg 1114w\" sizes=\"auto, (max-width: 1024px) 100vw, 1024px\" \/><\/p>\n<p>Speed \u200b\u200bDogsport\u00ae la nouvelle marque autour des sports canins. V\u00eatements de sport d&#039;ext\u00e9rieur et pour chiens, accessoires pour chiens, jouets, fournitures de club et bien plus encore !<br \/>\nSpeed-Dogsport du fabricant de la marque Speed-Racewear, connue depuis plus de 20 ans et prosp\u00e8re sur le march\u00e9 en tant que fabricant de v\u00eatements de sport automobile et de karting.<br \/>\nDes v\u00eatements innovants et fonctionnels d&#039;athl\u00e8tes canins pour des athl\u00e8tes canins. Nos produits ont \u00e9t\u00e9 d\u00e9velopp\u00e9s en \u00e9troite collaboration avec des dresseurs de chiens et des athl\u00e8tes canins et ont d\u00e9j\u00e0 \u00e9t\u00e9 largement test\u00e9s sur des pistes canines et dans des activit\u00e9s de loisirs.<br \/>\nD&#039;autres produits sont en cours de planification et seront bient\u00f4t ajout\u00e9s \u00e0 notre magasin.<\/p>\n<p><a href=\"https:\/\/speed-dogsport.com\/en\/\" target=\"_blank\" rel=\"noopener\"><img loading=\"lazy\" decoding=\"async\" class=\"alignnone wp-image-142927 size-medium\" src=\"https:\/\/dogpride.nl\/wp-content\/uploads\/Logo-13-300x102.png\" alt=\"Logo Speed dogsport\" width=\"300\" height=\"102\" srcset=\"https:\/\/dogpride.nl\/wp-content\/uploads\/Logo-13-300x102.png 300w, https:\/\/dogpride.nl\/wp-content\/uploads\/Logo-13-768x260.png 768w, https:\/\/dogpride.nl\/wp-content\/uploads\/Logo-13-18x6.png 18w, https:\/\/dogpride.nl\/wp-content\/uploads\/Logo-13-250x85.png 250w, https:\/\/dogpride.nl\/wp-content\/uploads\/Logo-13-400x135.png 400w, https:\/\/dogpride.nl\/wp-content\/uploads\/Logo-13.png 836w\" sizes=\"auto, (max-width: 300px) 100vw, 300px\" \/><\/a><\/p>\n<p>&nbsp;<\/p>\n<p><a href=\"https:\/\/dogpride.nl\/fr\/kleding\/trainingsvesten\/speed-dogsport-trainingsvesten\/\"><img loading=\"lazy\" decoding=\"async\" class=\"alignnone\" title=\"SPEED-DOGSPORT trainingsvest EMMO\" src=\"https:\/\/dogpride.nl\/wp-content\/uploads\/hundesport-weste-emmo-2-150x150.jpg\" alt=\"SPEED-DOGSPORT trainingsvest EMMO\" width=\"150\" height=\"150\" \/><\/a><\/p>","protected":false},"excerpt":{"rendered":"<p>Hondensportvest EMMO voor hondengeleiders en in utiliteitshondensport IGP.\u00a0Ons Speed Dogsport\u00ae Hondensportvest EMMO Unisex kenmerkt zich door bijzonder robuust en krasbestendig nieuw materiaal en een hoge functionaliteit met draagcomfort.<\/p>","protected":false},"featured_media":122762,"template":"","meta":[],"product_brand":[],"product_cat":[3876],"product_tag":[7781,7033,6049,4220,4686,4144],"class_list":{"0":"post-75454","1":"product","2":"type-product","3":"status-publish","4":"has-post-thumbnail","6":"product_cat-speed-dogsport-trainingsvesten","7":"product_tag-emmo","8":"product_tag-hondengeleiders","9":"product_tag-hondensportvest","10":"product_tag-igp","11":"product_tag-speed-dogsport","12":"product_tag-trainingsvest","14":"first","15":"instock","16":"taxable","17":"shipping-taxable","18":"purchasable","19":"product-type-variable"},"mb":[],"mfb_rest_fields":["title"],"_links":{"self":[{"href":"https:\/\/dogpride.nl\/fr\/wp-json\/wp\/v2\/product\/75454","targetHints":{"allow":["GET"]}}],"collection":[{"href":"https:\/\/dogpride.nl\/fr\/wp-json\/wp\/v2\/product"}],"about":[{"href":"https:\/\/dogpride.nl\/fr\/wp-json\/wp\/v2\/types\/product"}],"wp:featuredmedia":[{"embeddable":true,"href":"https:\/\/dogpride.nl\/fr\/wp-json\/wp\/v2\/media\/122762"}],"wp:attachment":[{"href":"https:\/\/dogpride.nl\/fr\/wp-json\/wp\/v2\/media?parent=75454"}],"wp:term":[{"taxonomy":"product_brand","embeddable":true,"href":"https:\/\/dogpride.nl\/fr\/wp-json\/wp\/v2\/product_brand?post=75454"},{"taxonomy":"product_cat","embeddable":true,"href":"https:\/\/dogpride.nl\/fr\/wp-json\/wp\/v2\/product_cat?post=75454"},{"taxonomy":"product_tag","embeddable":true,"href":"https:\/\/dogpride.nl\/fr\/wp-json\/wp\/v2\/product_tag?post=75454"}],"curies":[{"name":"wp","href":"https:\/\/api.w.org\/{rel}","templated":true}]}}