{"id":75393,"date":"2021-10-07T10:05:24","date_gmt":"2021-10-07T08:05:24","guid":{"rendered":"https:\/\/www.dogpride.nl\/?post_type=product&#038;p=75393"},"modified":"2025-11-16T11:59:15","modified_gmt":"2025-11-16T10:59:15","slug":"speed-dogsport-trainingsvest-camouflage-derry-2-0","status":"publish","type":"product","link":"https:\/\/dogpride.nl\/fr\/speed-dogsport-trainingsvest-camouflage-derry-2-0\/","title":{"rendered":"Gilet de dressage SPEED-DOGSPORT Camouflage DERRY 2.0"},"content":{"rendered":"<h4>Gilet de dressage SPEED-DOGSPORT Camouflage DERRY 2.0<\/h4>\n<p>SPEED-DOGSPORT trainingsvest Camouflage DERRY 2.0.<\/p>\n<p>Speed Dogsport vest DERRY U-1 in 2 verschillende camouflage optiek is een echte allrounder met een sensationele prijs-prestatieverhouding. Het wordt gekenmerkt door bijzonder robuust en krasbestendig materiaal en een hoge functionaliteit met draagcomfort. Dit vest is onze &#8220;light&#8221; versie van het Liverpool U-1 vest.<\/p>\n<h4>Des d\u00e9tails pratiques et bien pens\u00e9s le rendent indispensable pour les sports canins, la p\u00eache, l&#039;\u00e9quitation et la chasse, vous pouvez \u00e9galement parfaitement porter notre gilet.<\/h4>\n<ul>\n<li>Gilet ma\u00eetre-chien &quot;Camouflage&quot; sans collier<\/li>\n<li>version courte<\/li>\n<li>doublure en maille confortable<\/li>\n<li>ourlet ajustable<\/li>\n<li>4 poches spacieuses avec entr\u00e9e en biais \u00e0 l&#039;avant 2 \u00e0 l&#039;arri\u00e8re<\/li>\n<li>poche poitrine avec fermeture \u00e9clair<\/li>\n<li>suffisamment de poches pour transporter le mat\u00e9riel d&#039;entra\u00eenement n\u00e9cessaire<\/li>\n<li>fermetures \u00e0 glissi\u00e8re YKK de haute qualit\u00e9<\/li>\n<li>petits os -Accessoire sur la fermeture \u00e9clair<\/li>\n<li>Grandes tailles 3-XL et 4-XL disponibles<\/li>\n<li>Sports canins - \u00e9quitation - p\u00eache - chasse - plein air<\/li>\n<li>Couleurs de base : 2 optiques camouflage<\/li>\n<li>Applications : broderie (fil \u00e0 broder MADEIRA)<\/li>\n<\/ul>\n<p>Tailles : XS-XXXL (unisexe)<\/p>\n<p>Mat\u00e9riau : Polyester 100%<br \/>\nLavable \u00e0 30\u00b0C.<\/p>\n<p><strong>Tableau des tailles:<\/strong><\/p>\n<p><img loading=\"lazy\" decoding=\"async\" class=\"alignnone wp-image-75396 size-large\" src=\"https:\/\/www.dogpride.nl\/wp-content\/uploads\/Maattabel-Derry-1024x723.jpg\" alt=\"\" width=\"1024\" height=\"723\" srcset=\"https:\/\/dogpride.nl\/wp-content\/uploads\/Maattabel-Derry-1024x723.jpg 1024w, https:\/\/dogpride.nl\/wp-content\/uploads\/Maattabel-Derry-250x176.jpg 250w, https:\/\/dogpride.nl\/wp-content\/uploads\/Maattabel-Derry-400x282.jpg 400w, https:\/\/dogpride.nl\/wp-content\/uploads\/Maattabel-Derry-300x212.jpg 300w, https:\/\/dogpride.nl\/wp-content\/uploads\/Maattabel-Derry-768x542.jpg 768w, https:\/\/dogpride.nl\/wp-content\/uploads\/Maattabel-Derry-200x141.jpg 200w, https:\/\/dogpride.nl\/wp-content\/uploads\/Maattabel-Derry-600x423.jpg 600w, https:\/\/dogpride.nl\/wp-content\/uploads\/Maattabel-Derry-800x565.jpg 800w, https:\/\/dogpride.nl\/wp-content\/uploads\/Maattabel-Derry.jpg 1111w\" sizes=\"auto, (max-width: 1024px) 100vw, 1024px\" \/><\/p>\n<p>Speed \u200b\u200bDogsport\u00ae la nouvelle marque autour des sports canins. V\u00eatements de sport d&#039;ext\u00e9rieur et pour chiens, accessoires pour chiens, jouets, fournitures de club et bien plus encore !<br \/>\nSpeed-Dogsport du fabricant de la marque Speed-Racewear, connue depuis plus de 20 ans et prosp\u00e8re sur le march\u00e9 en tant que fabricant de v\u00eatements de sport automobile et de karting.<br \/>\nDes v\u00eatements innovants et fonctionnels d&#039;athl\u00e8tes canins pour des athl\u00e8tes canins. Nos produits ont \u00e9t\u00e9 d\u00e9velopp\u00e9s en \u00e9troite collaboration avec des dresseurs de chiens et des athl\u00e8tes canins et ont d\u00e9j\u00e0 \u00e9t\u00e9 largement test\u00e9s sur des pistes canines et dans des activit\u00e9s de loisirs.<br \/>\nD&#039;autres produits sont en cours de planification et seront bient\u00f4t ajout\u00e9s \u00e0 notre magasin.<\/p>\n<p><a href=\"https:\/\/speed-dogsport.com\/de\/\" target=\"_blank\" rel=\"noopener\"><img loading=\"lazy\" decoding=\"async\" class=\"alignnone wp-image-75332 size-medium\" src=\"https:\/\/dogpride.nl\/wp-content\/uploads\/Logo-Speed-dogsport-300x116.jpg\" alt=\"\" width=\"300\" height=\"116\" srcset=\"https:\/\/dogpride.nl\/wp-content\/uploads\/Logo-Speed-dogsport-300x116.jpg 300w, https:\/\/dogpride.nl\/wp-content\/uploads\/Logo-Speed-dogsport-250x96.jpg 250w, https:\/\/dogpride.nl\/wp-content\/uploads\/Logo-Speed-dogsport-320x124.jpg 320w, https:\/\/dogpride.nl\/wp-content\/uploads\/Logo-Speed-dogsport-200x77.jpg 200w, https:\/\/dogpride.nl\/wp-content\/uploads\/Logo-Speed-dogsport.jpg 322w\" sizes=\"auto, (max-width: 300px) 100vw, 300px\" \/><\/a><\/p>\n<p>&nbsp;<\/p>\n<p><a href=\"https:\/\/dogpride.nl\/fr\/kleding\/trainingsvesten\/speed-dogsport-trainingsvesten\/\"><img loading=\"lazy\" decoding=\"async\" class=\"alignnone\" title=\"Gilet de dressage SPEED-DOGSPORT Camouflage DERRY 2.0\" src=\"https:\/\/dogpride.nl\/wp-content\/uploads\/hundesport-weste-camouflage-derry-20-speed-dogsport-2-150x150.jpg\" alt=\"SPEED-DOGSPORT trainingsvest Camouflage DERRY 2.0\" width=\"150\" height=\"150\" \/><\/a><img decoding=\"async\" src=\"https:\/\/dogpride.nl\/wp-content\/uploads\/hundesport-weste-camouflage-derry-20-speed-dogsport-1-150x150.jpg\" \/><\/p>","protected":false},"excerpt":{"rendered":"<p>Veste d&#039;entra\u00eenement SPEED DOGSPORT Camouflage DERRY 2.0. Il se caract\u00e9rise par un mat\u00e9riau particuli\u00e8rement robuste et r\u00e9sistant aux rayures et une fonctionnalit\u00e9 \u00e9lev\u00e9e avec un confort de port.<\/p>","protected":false},"featured_media":75394,"template":"","meta":[],"product_brand":[],"product_cat":[3876],"product_tag":[],"class_list":{"0":"post-75393","1":"product","2":"type-product","3":"status-publish","4":"has-post-thumbnail","6":"product_cat-speed-dogsport-trainingsvesten","8":"first","9":"instock","10":"taxable","11":"shipping-taxable","12":"purchasable","13":"product-type-variable"},"mb":[],"mfb_rest_fields":["title"],"_links":{"self":[{"href":"https:\/\/dogpride.nl\/fr\/wp-json\/wp\/v2\/product\/75393","targetHints":{"allow":["GET"]}}],"collection":[{"href":"https:\/\/dogpride.nl\/fr\/wp-json\/wp\/v2\/product"}],"about":[{"href":"https:\/\/dogpride.nl\/fr\/wp-json\/wp\/v2\/types\/product"}],"wp:featuredmedia":[{"embeddable":true,"href":"https:\/\/dogpride.nl\/fr\/wp-json\/wp\/v2\/media\/75394"}],"wp:attachment":[{"href":"https:\/\/dogpride.nl\/fr\/wp-json\/wp\/v2\/media?parent=75393"}],"wp:term":[{"taxonomy":"product_brand","embeddable":true,"href":"https:\/\/dogpride.nl\/fr\/wp-json\/wp\/v2\/product_brand?post=75393"},{"taxonomy":"product_cat","embeddable":true,"href":"https:\/\/dogpride.nl\/fr\/wp-json\/wp\/v2\/product_cat?post=75393"},{"taxonomy":"product_tag","embeddable":true,"href":"https:\/\/dogpride.nl\/fr\/wp-json\/wp\/v2\/product_tag?post=75393"}],"curies":[{"name":"wp","href":"https:\/\/api.w.org\/{rel}","templated":true}]}}