{"id":75337,"date":"2021-10-07T08:59:11","date_gmt":"2021-10-07T06:59:11","guid":{"rendered":"https:\/\/www.dogpride.nl\/?post_type=product&#038;p=75337"},"modified":"2025-11-16T12:00:28","modified_gmt":"2025-11-16T11:00:28","slug":"speed-dogsport-trainingsvest-manchester-2-0","status":"publish","type":"product","link":"https:\/\/dogpride.nl\/fr\/speed-dogsport-trainingsvest-manchester-2-0\/","title":{"rendered":"Veste d&#039;entra\u00eenement SPEED-DOGSPORT MANCHESTER 2.0"},"content":{"rendered":"<h4>Veste d&#039;entra\u00eenement SPEED-DOGSPORT MANCHESTER 2.0<\/h4>\n<p>Gilet d&#039;entra\u00eenement SPEED-DOGSPORT MANCHESTER 2.0. Le gilet de sport pour chiens Speed \u200b\u200b\u200b\u200b\u200b\u200bDogsport MANCHESTER U-1 se caract\u00e9rise par un mat\u00e9riau particuli\u00e8rement robuste et r\u00e9sistant aux rayures et une fonctionnalit\u00e9 \u00e9lev\u00e9e avec confort. Des d\u00e9tails pratiques et bien pens\u00e9s les rendent indispensables pour les sports canins et les propri\u00e9taires de chiens.<\/p>\n<h4>Gilet professionnel unisexe pour ma\u00eetre-chien en version longue, sp\u00e9cialement con\u00e7u pour le parc canin et pour l&#039;entra\u00eenement.<\/h4>\n<ul>\n<li>Gilet de sport pour chien avec collier<\/li>\n<li>Hydrofuge, respirant, r\u00e9sistant aux rayures<\/li>\n<li>Confort de port \u00e9lev\u00e9<\/li>\n<li>Mod\u00e8le long<\/li>\n<li>Mat\u00e9riau r\u00e9sistant \u00e0 l&#039;usure<\/li>\n<li>Doublure int\u00e9rieure en maille confortable<\/li>\n<li>Ourlet ajustable<\/li>\n<li>Poche kangourou \u00e0 la hanche (continue)<\/li>\n<li>Anneau pour ceinture<\/li>\n<li>Poches spacieuses sur le devant<\/li>\n<li>Suffisamment de compartiments pour transporter le mat\u00e9riel d&#039;entra\u00eenement n\u00e9cessaire<\/li>\n<li>Fermetures \u00e9clair YKK de haute qualit\u00e9<\/li>\n<li>Petit accessoire en os sur la fermeture \u00e9clair<\/li>\n<li>Grandes tailles 3-XL et 4-XL disponibles<\/li>\n<li>Couleur de base : noir et marron<\/li>\n<li>Applications : broderie (fil \u00e0 broder MADEIRA)<\/li>\n<\/ul>\n<p>Disponible dans les couleurs : Noir\/Jaune Fluo, Marron\/Vert<\/p>\n<p>Tailles : XS-XXXL (unisexe)<\/p>\n<p>Mat\u00e9riau : serg\u00e9 de nylon 80% * | Polyester 20%<br \/>\nLavable \u00e0 30\u00b0C.<\/p>\n<p>* Nylon Twill = Le tissu est tiss\u00e9 avec une cha\u00eene en nylon (brillant et mat) et en nylon trait\u00e9 avec Taslan avec une structure extr\u00eamement dense pour une plus grande durabilit\u00e9 et r\u00e9sistance \u00e0 l&#039;abrasion.<\/p>\n<p><strong>Tableau des tailles:<\/strong><\/p>\n<p><img loading=\"lazy\" decoding=\"async\" class=\"alignnone wp-image-75358 size-large\" src=\"https:\/\/www.dogpride.nl\/wp-content\/uploads\/Maattabel-Manchester-1024x731.jpg\" alt=\"\" width=\"1024\" height=\"731\" srcset=\"https:\/\/dogpride.nl\/wp-content\/uploads\/Maattabel-Manchester-1024x731.jpg 1024w, https:\/\/dogpride.nl\/wp-content\/uploads\/Maattabel-Manchester-250x178.jpg 250w, https:\/\/dogpride.nl\/wp-content\/uploads\/Maattabel-Manchester-400x285.jpg 400w, https:\/\/dogpride.nl\/wp-content\/uploads\/Maattabel-Manchester-300x214.jpg 300w, https:\/\/dogpride.nl\/wp-content\/uploads\/Maattabel-Manchester-768x548.jpg 768w, https:\/\/dogpride.nl\/wp-content\/uploads\/Maattabel-Manchester-200x143.jpg 200w, https:\/\/dogpride.nl\/wp-content\/uploads\/Maattabel-Manchester-600x428.jpg 600w, https:\/\/dogpride.nl\/wp-content\/uploads\/Maattabel-Manchester-800x571.jpg 800w, https:\/\/dogpride.nl\/wp-content\/uploads\/Maattabel-Manchester.jpg 1110w\" sizes=\"auto, (max-width: 1024px) 100vw, 1024px\" \/><\/p>\n<p>Speed \u200b\u200bDogsport\u00ae la nouvelle marque autour des sports canins. V\u00eatements de sport d&#039;ext\u00e9rieur et pour chiens, accessoires pour chiens, jouets, fournitures de club et bien plus encore !<br \/>\nSpeed-Dogsport du fabricant de la marque Speed-Racewear, connue depuis plus de 20 ans et prosp\u00e8re sur le march\u00e9 en tant que fabricant de v\u00eatements de sport automobile et de karting.<br \/>\nDes v\u00eatements innovants et fonctionnels d&#039;athl\u00e8tes canins pour des athl\u00e8tes canins. Nos produits ont \u00e9t\u00e9 d\u00e9velopp\u00e9s en \u00e9troite collaboration avec des dresseurs de chiens et des athl\u00e8tes canins et ont d\u00e9j\u00e0 \u00e9t\u00e9 largement test\u00e9s sur des pistes canines et dans des activit\u00e9s de loisirs.<br \/>\nD&#039;autres produits sont en cours de planification et seront bient\u00f4t ajout\u00e9s \u00e0 notre magasin.<\/p>\n<p><a href=\"https:\/\/speed-dogsport.com\/en\/\" target=\"_blank\" rel=\"noopener\"><img loading=\"lazy\" decoding=\"async\" class=\"alignnone wp-image-142927 size-medium\" src=\"https:\/\/dogpride.nl\/wp-content\/uploads\/Logo-13-300x102.png\" alt=\"Logo Speed dogsport\" width=\"300\" height=\"102\" srcset=\"https:\/\/dogpride.nl\/wp-content\/uploads\/Logo-13-300x102.png 300w, https:\/\/dogpride.nl\/wp-content\/uploads\/Logo-13-768x260.png 768w, https:\/\/dogpride.nl\/wp-content\/uploads\/Logo-13-18x6.png 18w, https:\/\/dogpride.nl\/wp-content\/uploads\/Logo-13-250x85.png 250w, https:\/\/dogpride.nl\/wp-content\/uploads\/Logo-13-400x135.png 400w, https:\/\/dogpride.nl\/wp-content\/uploads\/Logo-13.png 836w\" sizes=\"auto, (max-width: 300px) 100vw, 300px\" \/><\/a><\/p>\n<p><a href=\"https:\/\/dogpride.nl\/fr\/speed-dogsport-trainingsvest-manchester-2-0\/\"><img loading=\"lazy\" decoding=\"async\" class=\"alignnone\" src=\"https:\/\/dogpride.nl\/wp-content\/uploads\/hundefuhrerweste-manchester-20-speed-dogsport-fur-hundesport-1.jpg\" alt=\"SPEED-DOGSPORT trainingsvest MANCHESTER 2.0\" width=\"220\" height=\"220\" \/><\/a><\/p>\n<p>&nbsp;<\/p>","protected":false},"excerpt":{"rendered":"<p>Le gilet d&#039;entra\u00eenement SPEED DOGSPORT MANCHESTER 2.0 se caract\u00e9rise par un mat\u00e9riau particuli\u00e8rement robuste et r\u00e9sistant aux rayures et une fonctionnalit\u00e9 \u00e9lev\u00e9e avec confort.<\/p>","protected":false},"featured_media":75346,"template":"","meta":[],"product_brand":[],"product_cat":[3876],"product_tag":[],"class_list":{"0":"post-75337","1":"product","2":"type-product","3":"status-publish","4":"has-post-thumbnail","6":"product_cat-speed-dogsport-trainingsvesten","8":"first","9":"instock","10":"taxable","11":"shipping-taxable","12":"purchasable","13":"product-type-variable"},"mb":[],"mfb_rest_fields":["title"],"_links":{"self":[{"href":"https:\/\/dogpride.nl\/fr\/wp-json\/wp\/v2\/product\/75337","targetHints":{"allow":["GET"]}}],"collection":[{"href":"https:\/\/dogpride.nl\/fr\/wp-json\/wp\/v2\/product"}],"about":[{"href":"https:\/\/dogpride.nl\/fr\/wp-json\/wp\/v2\/types\/product"}],"wp:featuredmedia":[{"embeddable":true,"href":"https:\/\/dogpride.nl\/fr\/wp-json\/wp\/v2\/media\/75346"}],"wp:attachment":[{"href":"https:\/\/dogpride.nl\/fr\/wp-json\/wp\/v2\/media?parent=75337"}],"wp:term":[{"taxonomy":"product_brand","embeddable":true,"href":"https:\/\/dogpride.nl\/fr\/wp-json\/wp\/v2\/product_brand?post=75337"},{"taxonomy":"product_cat","embeddable":true,"href":"https:\/\/dogpride.nl\/fr\/wp-json\/wp\/v2\/product_cat?post=75337"},{"taxonomy":"product_tag","embeddable":true,"href":"https:\/\/dogpride.nl\/fr\/wp-json\/wp\/v2\/product_tag?post=75337"}],"curies":[{"name":"wp","href":"https:\/\/api.w.org\/{rel}","templated":true}]}}