{"id":75266,"date":"2021-10-06T09:53:36","date_gmt":"2021-10-06T07:53:36","guid":{"rendered":"https:\/\/www.dogpride.nl\/?post_type=product&#038;p=75266"},"modified":"2021-12-22T16:22:26","modified_gmt":"2021-12-22T15:22:26","slug":"exxtremity-patrol-handschoenen-met-p5s-tactische-zaklamp","status":"publish","type":"product","link":"https:\/\/dogpride.nl\/fr\/exxtremity-patrol-handschoenen-met-p5s-tactische-zaklamp\/","title":{"rendered":"Gants Exxtremity Patrol avec lampe de poche tactique P5S"},"content":{"rendered":"<h4>Gants Exxtremity Patrol avec lampe de poche tactique P5S<\/h4>\n<p>Gants Exxtremity Patrol avec lampe de poche tactique P5S. Les gants Exxtremity Patrol sont \u00e9quip\u00e9s d&#039;une lampe tactique mont\u00e9e sur rail picatinny pour vous \u00e9clairer en toutes conditions.<\/p>\n<p>Le gant id\u00e9al pour les unit\u00e9s cyno, tactiques ou d&#039;intervention. Vous n&#039;avez pas \u00e0 vous fatiguer les mains avec une lampe. Ce dernier se fixe directement sur le gant. Possibilit\u00e9 d&#039;attacher au gant droit ou au gant gauche.<\/p>\n<p><span class=\"goog-text-highlight\">Le gant Exxtremity est un gant l\u00e9ger, plut\u00f4t orient\u00e9 palpation.<\/span><\/p>\n<p>&nbsp;<\/p>\n<p><a href=\"https:\/\/devrolijkekwispel.nl\/\" target=\"_blank\" rel=\"noopener\">Dogpride NL parraine Kelly Albers<\/a><\/p>\n<p><em>Je (Kelly Albers) suis active dans le secteur animal depuis 2015. Apr\u00e8s avoir suivi plusieurs formations, avoir acquis de nombreuses ann\u00e9es d&#039;exp\u00e9rience dans les sports canins et avoir travaill\u00e9 pour plusieurs entreprises animali\u00e8res pendant plusieurs ann\u00e9es.<\/em><br \/>\n<em>En mai 2018, j&#039;ai atteint un sommet dans ma carri\u00e8re de sport canin. Je suis devenu champion du monde WDSF dans la classe ipo2 et j&#039;ai ensuite particip\u00e9 au championnat n\u00e9erlandais toutes races.<\/em><\/p>","protected":false},"excerpt":{"rendered":"<p>Gants Exxtremity Patrol avec lampe de poche tactique P5S. Le gant id\u00e9al pour les unit\u00e9s cyno, tactiques ou d&#039;intervention, vous n&#039;avez pas \u00e0 vous fatiguer les mains avec une lumi\u00e8re.<\/p>","protected":false},"featured_media":75267,"template":"","meta":[],"product_brand":[],"product_cat":[2911],"product_tag":[],"class_list":{"0":"post-75266","1":"product","2":"type-product","3":"status-publish","4":"has-post-thumbnail","6":"product_cat-pbm","8":"first","9":"instock","10":"taxable","11":"shipping-taxable","12":"purchasable","13":"product-type-variable"},"mb":[],"mfb_rest_fields":["title"],"_links":{"self":[{"href":"https:\/\/dogpride.nl\/fr\/wp-json\/wp\/v2\/product\/75266","targetHints":{"allow":["GET"]}}],"collection":[{"href":"https:\/\/dogpride.nl\/fr\/wp-json\/wp\/v2\/product"}],"about":[{"href":"https:\/\/dogpride.nl\/fr\/wp-json\/wp\/v2\/types\/product"}],"wp:featuredmedia":[{"embeddable":true,"href":"https:\/\/dogpride.nl\/fr\/wp-json\/wp\/v2\/media\/75267"}],"wp:attachment":[{"href":"https:\/\/dogpride.nl\/fr\/wp-json\/wp\/v2\/media?parent=75266"}],"wp:term":[{"taxonomy":"product_brand","embeddable":true,"href":"https:\/\/dogpride.nl\/fr\/wp-json\/wp\/v2\/product_brand?post=75266"},{"taxonomy":"product_cat","embeddable":true,"href":"https:\/\/dogpride.nl\/fr\/wp-json\/wp\/v2\/product_cat?post=75266"},{"taxonomy":"product_tag","embeddable":true,"href":"https:\/\/dogpride.nl\/fr\/wp-json\/wp\/v2\/product_tag?post=75266"}],"curies":[{"name":"wp","href":"https:\/\/api.w.org\/{rel}","templated":true}]}}