{"id":75257,"date":"2021-10-06T09:48:48","date_gmt":"2021-10-06T07:48:48","guid":{"rendered":"https:\/\/www.dogpride.nl\/?post_type=product&#038;p=75257"},"modified":"2021-12-22T16:23:13","modified_gmt":"2021-12-22T15:23:13","slug":"exxtremity-patrol-handschoenen-met-p3p-tactische-zaklamp","status":"publish","type":"product","link":"https:\/\/dogpride.nl\/fr\/exxtremity-patrol-handschoenen-met-p3p-tactische-zaklamp\/","title":{"rendered":"Gants Exxtremity Patrol avec lampe de poche tactique P3P"},"content":{"rendered":"<h4>Gants Exxtremity Patrol avec lampe de poche tactique P3P<\/h4>\n<p>Gants Exxtremity Patrol avec lampe de poche tactique P3P. Les gants Exxtremity Patrol sont \u00e9quip\u00e9s d&#039;une lampe de poche tactique.<\/p>\n<p>Celui-ci est mont\u00e9 sur un rail picatinny pour vous \u00e9clairer dans toutes les conditions.<\/p>\n<p>Le gant id\u00e9al pour les unit\u00e9s cyno, tactiques ou d&#039;intervention, vous n&#039;avez pas \u00e0 vous encombrer les mains avec une lumi\u00e8re, cette derni\u00e8re se fixe directement sur le gant. Possibilit\u00e9 d&#039;attacher au gant droit ou au gant gauche.<\/p>\n<p><span class=\"goog-text-highlight\">Le gant Exxtremity est un gant l\u00e9ger, plut\u00f4t orient\u00e9 palpation<\/span><\/p>","protected":false},"excerpt":{"rendered":"<p>Gants Exxtremity Patrol avec lampe de poche tactique P3P. Le gant id\u00e9al pour les unit\u00e9s cyno, tactiques ou d&#039;intervention, vous n&#039;avez pas \u00e0 vous fatiguer les mains avec une lumi\u00e8re.<\/p>","protected":false},"featured_media":75258,"template":"","meta":[],"product_brand":[],"product_cat":[2911],"product_tag":[],"class_list":{"0":"post-75257","1":"product","2":"type-product","3":"status-publish","4":"has-post-thumbnail","6":"product_cat-pbm","8":"first","9":"instock","10":"taxable","11":"shipping-taxable","12":"purchasable","13":"product-type-variable"},"mb":[],"mfb_rest_fields":["title"],"_links":{"self":[{"href":"https:\/\/dogpride.nl\/fr\/wp-json\/wp\/v2\/product\/75257","targetHints":{"allow":["GET"]}}],"collection":[{"href":"https:\/\/dogpride.nl\/fr\/wp-json\/wp\/v2\/product"}],"about":[{"href":"https:\/\/dogpride.nl\/fr\/wp-json\/wp\/v2\/types\/product"}],"wp:featuredmedia":[{"embeddable":true,"href":"https:\/\/dogpride.nl\/fr\/wp-json\/wp\/v2\/media\/75258"}],"wp:attachment":[{"href":"https:\/\/dogpride.nl\/fr\/wp-json\/wp\/v2\/media?parent=75257"}],"wp:term":[{"taxonomy":"product_brand","embeddable":true,"href":"https:\/\/dogpride.nl\/fr\/wp-json\/wp\/v2\/product_brand?post=75257"},{"taxonomy":"product_cat","embeddable":true,"href":"https:\/\/dogpride.nl\/fr\/wp-json\/wp\/v2\/product_cat?post=75257"},{"taxonomy":"product_tag","embeddable":true,"href":"https:\/\/dogpride.nl\/fr\/wp-json\/wp\/v2\/product_tag?post=75257"}],"curies":[{"name":"wp","href":"https:\/\/api.w.org\/{rel}","templated":true}]}}